{"id":40029,"date":"2022-12-02T16:47:12","date_gmt":"2022-12-02T15:47:12","guid":{"rendered":"https:\/\/grappa.no\/?post_type=product&#038;p=40029"},"modified":"2023-06-25T08:35:27","modified_gmt":"2023-06-25T07:35:27","slug":"stille-grender","status":"publish","type":"product","link":"https:\/\/grappa.no\/no\/albums\/grappa\/stille-grender\/","title":{"rendered":"Stille grender"},"content":{"rendered":"<p><\/p>\n<div class=\"\">\n<p><strong>&#8220;Stille Grender&#8221; er et vakkert og unikt julealbum, som skildrer det gode samarbeidet mellom Eva Bjerga Haugen, Morten Askildsen, Simen Kiil Halvorsen og Thomas Bang.<\/strong><\/p>\n<\/div>\n<p><!--more--><\/p>\n<p>Jazzsanger Eva Bjerga Haugen har laget et fantastisk julealbum sammen med gitarist Morten Askildsen, trompetist Simen Kiil Halvorsen og kontrabassist Thomas Bang. De har alle til felles at de elsker jul og jazz.\u00a0Dette sier musikerne om julealbumet:<\/p>\n<p><em>\u2013 Det er upretensi\u00f8st. Det er stemningsfullt. Det er lekent. Det er vokal, gitar, trompet og kontrabass. Det er tradisjon og improvisasjon. Det er kjent og ukjent. Og det er &#8220;fra alle oss til alle dere&#8221;.<\/em><\/p>\n<p>Etter flere \u00e5r p\u00e5 rad med sin tradisjonsrike julekonsert i Skur 2 i Stavanger, har de n\u00e5 endelig spilt inn en etterlengtet juleplate med egne og s\u00e6regne arrangementer av de fineste julesangene de vet om. Eva forteller dette om \u00e5 skulle lage et nytt julealbum:<\/p>\n<div class=\"release__PublicationContent-sc-6son67-0 jRoCRe\">\n<p><em>\u2013 Vi ga oss selv en n\u00e6r umulig oppgave&#8230; Nemlig \u00e5 lage en original juleplate. Men noen sa jo en gang at \u00abDet har jeg aldri gjort f\u00f8r, s\u00e5 det klarer jeg helt sikkert\u00bb. S\u00e5 vi begynte med \u00e5 velge ut de sangene som vi er vokst opp med. Som vi liker best. Og s\u00e5 plukket vi dem fra hverandre, fors\u00f8kte \u00e5 finne kjernen i hvorfor vi er s\u00e5 glade i akkurat disse sangene. Og s\u00e5 var det \u00e5 bygge opp arrangementene rundt dette, hele tiden med fokus p\u00e5 det enkle, det autentiske, det \u00e6rlige. Det er en egen kraft, en egen varme, en egen inderlighet i disse julesangene. De roper ikke, de skriker ikke. Og derfor har vi fors\u00f8kt etter beste evne \u00e5 behandle dem med den aller st\u00f8rste respekt, og ikke drukne dem i for mye pynt.<\/em><\/p>\n<p>Eva Bjerga Haugen har jul og musikk i blodet. I genene. Hun kan ikke huske en jul uten \u00e5 ha v\u00e6rt p\u00e5 en eller flere julekonserter. Enten som ut\u00f8ver eller som tilskuer. Hun kommer fra en musikerfamilie, med en mor som blant annet i \u00e5revis var dirigent for et kjent kvinnekor i Stavanger. Her fikk hun fra ung alder v\u00e6re med p\u00e5 scenen med sine foreldre hvor de i n\u00e6rmere 20 \u00e5r p\u00e5 rad spilte og sang \u00abMitt hjerte alltid vanker\u00bb sammen som trio. Den sangen m\u00e5tte jo selvsagt f\u00e5 v\u00e6re med p\u00e5 albumet.<\/p>\n<p>Albumet b\u00e6rer preg av de prominente ut\u00f8verne. Bassist\u00a0Thomas Bang\u00a0er utdannet ved Rytmisk musikkonservatorium i K\u00f8benhavn, hvor han var medlem av det legendariske Big Bombastic Collective som ble nominert til Danish Music Awards i 2007.<\/p>\n<p>Simen Kiil Halvorsen\u00a0er en ettertraktet trompetist i inn- og utland, med mastergrad i ut\u00f8vende jazz fra Norges musikkh\u00f8gskole. Halvorsen mottok M\u00f8lsterprisen under MaiJazz-festivalen i 2015, og har etter dette gitt ut flere kritikerroste album med egne komposisjoner.<\/p>\n<p>Morten Askildsen er en allsidig gitarist og komponist\/arrang\u00f8r, som blander det beste fra jazz, pop og roots i spillet sitt. Med en mastergrad i improvisert musikk og resten av armer og bein plantet i hva det m\u00e5tte v\u00e6re av interessante musikksjangre.<\/p>\n<p>Eva Bjerga Haugen er en spellemannsnominert sanger fra Stavanger, kjent som en av Norges sterkeste stemmer, spesielt innenfor jazz-sjangeren og har blitt omtalt som\u00a0blant annet &#8220;En av landets aller mest h\u00f8rverdige og spennende vokalister&#8221; og &#8220;I besittelse av bortimot den perfekte stemma&#8221;.\u00a0Hun har tidligere mottatt\u00a0utallige solide kritikker fra inn- og utland for b\u00e5de sine konserter og sine utgivelser, fra renommerte tidsskrifter som All About Jazz, Jazzism Magazine, Le Soir Belgique, Musikmagasinet Lira, Jazznytt, OPUS, Stavanger Aftenblad, Dag og Tid, Dagsavisen.<\/p>\n<\/div>\n<p>","protected":false},"excerpt":{"rendered":"<p><strong>&#8220;Stille Grender&#8221; er et vakkert og unikt julealbum, som skildrer det gode samarbeidet mellom Eva Bjerga Haugen, Morten Askildsen, Simen Kiil Halvorsen og Thomas Bang.<\/strong><\/p>\n","protected":false},"featured_media":40030,"comment_status":"closed","ping_status":"closed","template":"","meta":[],"product_brand":[],"product_cat":[6],"product_tag":[7862],"class_list":{"0":"post-40029","1":"product","2":"type-product","3":"status-publish","4":"has-post-thumbnail","6":"product_cat-grappa","7":"product_tag-eva-bjerga-haugen","8":"product_shipping_class-cddvd-shipping","9":"uni_artist_tag-eva-bjerga-haugen","10":"uni_artist_tag-morten-askildsen","11":"uni_artist_tag-simen-kiil-halvorsen","12":"uni_artist_tag-thomas-bang","13":"uni_main_artist_tag-eva-bjerga-haugen","14":"uni_main_artist_tag-morten-askildsen","15":"uni_main_artist_tag-simen-kiil-halvorsen","16":"uni_main_artist_tag-thomas-bang","17":"uni_artist_genre-christmas-music","18":"uni_artist_genre-jazz","20":"first","21":"instock","22":"taxable","23":"shipping-taxable","24":"purchasable","25":"product-type-simple"},"_links":{"self":[{"href":"https:\/\/grappa.no\/no\/wp-json\/wp\/v2\/product\/40029","targetHints":{"allow":["GET"]}}],"collection":[{"href":"https:\/\/grappa.no\/no\/wp-json\/wp\/v2\/product"}],"about":[{"href":"https:\/\/grappa.no\/no\/wp-json\/wp\/v2\/types\/product"}],"replies":[{"embeddable":true,"href":"https:\/\/grappa.no\/no\/wp-json\/wp\/v2\/comments?post=40029"}],"wp:featuredmedia":[{"embeddable":true,"href":"https:\/\/grappa.no\/no\/wp-json\/wp\/v2\/media\/40030"}],"wp:attachment":[{"href":"https:\/\/grappa.no\/no\/wp-json\/wp\/v2\/media?parent=40029"}],"wp:term":[{"taxonomy":"product_brand","embeddable":true,"href":"https:\/\/grappa.no\/no\/wp-json\/wp\/v2\/product_brand?post=40029"},{"taxonomy":"product_cat","embeddable":true,"href":"https:\/\/grappa.no\/no\/wp-json\/wp\/v2\/product_cat?post=40029"},{"taxonomy":"product_tag","embeddable":true,"href":"https:\/\/grappa.no\/no\/wp-json\/wp\/v2\/product_tag?post=40029"}],"curies":[{"name":"wp","href":"https:\/\/api.w.org\/{rel}","templated":true}]}}