{"id":40016,"date":"2022-12-02T14:34:43","date_gmt":"2022-12-02T13:34:43","guid":{"rendered":"https:\/\/grappa.no\/?post_type=product&#038;p=40016"},"modified":"2025-06-13T14:07:59","modified_gmt":"2025-06-13T13:07:59","slug":"tre-danser-ep-2","status":"publish","type":"product","link":"https:\/\/grappa.no\/no\/albums\/heilo\/tre-danser-ep-2\/","title":{"rendered":"Tre Danser (EP)"},"content":{"rendered":"<p><\/p>\n<p><span class=\"TextRun SCXW35385117 BCX0\" lang=\"NB-NO\" xml:lang=\"NB-NO\" data-contrast=\"auto\"><span class=\"NormalTextRun SCXW35385117 BCX0\">Etter to \u00e5r som band slipper det fremadstormende folkrockbandet Gangar endelig musikk i form av EP-en <\/span><span class=\"NormalTextRun SCXW35385117 BCX0\">\u00ab<\/span><span class=\"NormalTextRun SCXW35385117 BCX0\">Tre Danser\u00bb. Gangar kombinerer folkemusikk med jazz, metall og rock med den st\u00f8rste selvf\u00f8lgelighet.<\/span> <span class=\"NormalTextRun SCXW35385117 BCX0\">De graver frem tradisjonelle sl\u00e5tter i diverse folkemusikkarkiv, og jobber med dem i fellesskap, med inspirasjon fra band som Hoven <\/span><span class=\"SpellingError SCXW35385117 BCX0\">Droven<\/span><span class=\"NormalTextRun SCXW35385117 BCX0\">, AC\/DC og <\/span><span class=\"SpellingError SCXW35385117 BCX0\">Meshuggah<\/span><span class=\"NormalTextRun SCXW35385117 BCX0\">.<\/span><\/span><\/p>\n<p><!--more--><\/p>\n<p><i><span data-contrast=\"auto\">\u201cNorsk folkrock har ligget med brukket rygg helt siden G\u00e5te var kule. N\u00e5 har endelig noen gjort noe med det! Fint, t\u00f8ft og morsomt, Gangar er alt. Hvis du ikke blir glad av Gangar er du faenmeg sur!\u201d<\/span><\/i><span data-contrast=\"auto\"> \u2013 Tuva Syvertsen<\/span><span data-ccp-props=\"{&quot;201341983&quot;:0,&quot;335559739&quot;:0,&quot;335559740&quot;:240}\">\u00a0<\/span><\/p>\n<p><span data-contrast=\"auto\">\u201cTre Danser\u201d refererer til de tre l\u00e5tene som utgj\u00f8r EP-en, og til Gangars signaturdans, \u201ctredansen\u201d, hvor man l\u00e5ser beina i baken, l\u00f8fter armene, og svaier som et tre i vinden. De tre l\u00e5tene viser frem det store musikalske spennet i repertoaret til Gangar, alt fra den gjennomarrangerte heavy-metal komposisjonen \u201cFjellets Melodi\u201d, etter Ola L\u00f8seth (Rindal, M\u00f8re og Romsdal, 1897-1978), til det n\u00e5del\u00f8se godstoget av en rockel\u00e5t \u201cReinlender fra \u00c5seral\u201d, etter Gunnar Austegard (\u00c5seral, Vest-Agder, 1884-1973). \u201cGammel Vals Fra Rindalen\u201d best\u00e5r av en vakker og s\u00f8t melodi i kontrast med et hardt og slemt riff som man m\u00e5 lytte n\u00f8ye til f\u00f8r man skj\u00f8nner at det er en vals.<\/span><span data-ccp-props=\"{&quot;201341983&quot;:0,&quot;335559739&quot;:0,&quot;335559740&quot;:240}\">\u00a0<\/span><\/p>\n<p><span data-contrast=\"auto\">Frontfigur og felespiller Mattias Thedens har vokst opp i en folkemusikerfamilie, og har spilt norsk og amerikansk folkemusikk siden han var 9 \u00e5r. Saxofonist Oskar Lindberget har r\u00f8ttene planta i jazztradisjonen og har til tross for sin unge alder bidratt p\u00e5 intet mindre enn 18 utgivelser. Gitarist Richard Max har bakgrunn som trommeslager og blodfan av prog-metal, og st\u00e5r bak de synkoperte rytmene og gitarriffene med h\u00f8y vreng. Trommeslager Henrik Dullum har r\u00f8tter i rocken som han har vokst opp med, og ble eksponert for folkemusikken etter at han kom fra Trondheim til storbyen Oslo. <\/span><span data-contrast=\"auto\">Bassist Jonas Thrana Jensen har bakgrunn i popul\u00e6rmusikk og rock, og har gjennom Gangar funnet interessen for \u00e5 utforske folkemusikktradisjonen.\u00a0<\/span><span data-ccp-props=\"{&quot;201341983&quot;:0,&quot;335559739&quot;:0,&quot;335559740&quot;:240}\">\u00a0<\/span><\/p>\n<p><i><span data-contrast=\"auto\">\u00ab\u00c5 f\u00e5 <\/span><\/i><i><span data-contrast=\"auto\">headbange til tre forskjellige sl\u00e5tter, er noe jeg aldri hadde trodd jeg skulle komme til \u00e5 gj\u00f8re\u00bb &#8211; Jonas Thrana Jensen<\/span><\/i><span data-ccp-props=\"{&quot;201341983&quot;:0,&quot;335559739&quot;:0,&quot;335559740&quot;:240}\">\u00a0<\/span><\/p>\n<p><span data-contrast=\"auto\">Gangar har skapt furore p\u00e5 live scener i inn-og-utland de siste par \u00e5rene. Fra oppvarmings- og det som kan kalles gjennombruddskonserten for Hoven Droven i Oslo i 2021, gikk de videre til \u00e5 imponere stort p\u00e5 Nordic Folk Alliance i G\u00f8teborg 2022. Dette f\u00f8rte dem videre til konserter p\u00e5 Delsbost\u00e4mman i Sverige, Viljandi Folk Music Festival i Estland, Noorderzon Performing Arts Festival i Nederland, Live at Heart i \u00d6rebro, Osafestivalen, og i november 2022 har de sin andre opptreden p\u00e5 Folkelarm! I februar 2023 tar de ogs\u00e5 veien over dammen og spiller p\u00e5 den store showcasefestivalen Folk Alliance International i Kansas, USA.\u00a0<\/span><span data-ccp-props=\"{&quot;201341983&quot;:0,&quot;335559739&quot;:0,&quot;335559740&quot;:240}\">\u00a0<\/span><\/p>\n<p><\/p>","protected":false},"excerpt":{"rendered":"<p>Norsk folkrocks fremtid kan endelig oppleves hjemme i stua!<\/p>\n","protected":false},"featured_media":40000,"comment_status":"closed","ping_status":"closed","template":"","meta":[],"product_brand":[],"product_cat":[35],"product_tag":[],"class_list":{"0":"post-40016","1":"product","2":"type-product","3":"status-publish","4":"has-post-thumbnail","6":"product_cat-heilo","7":"product_shipping_class-cddvd-shipping","8":"uni_main_artist_tag-gangar","9":"uni_artist_genre-folkrock","11":"first","12":"instock","13":"taxable","14":"shipping-taxable","15":"purchasable","16":"product-type-variable","17":"has-default-attributes"},"_links":{"self":[{"href":"https:\/\/grappa.no\/no\/wp-json\/wp\/v2\/product\/40016","targetHints":{"allow":["GET"]}}],"collection":[{"href":"https:\/\/grappa.no\/no\/wp-json\/wp\/v2\/product"}],"about":[{"href":"https:\/\/grappa.no\/no\/wp-json\/wp\/v2\/types\/product"}],"replies":[{"embeddable":true,"href":"https:\/\/grappa.no\/no\/wp-json\/wp\/v2\/comments?post=40016"}],"wp:featuredmedia":[{"embeddable":true,"href":"https:\/\/grappa.no\/no\/wp-json\/wp\/v2\/media\/40000"}],"wp:attachment":[{"href":"https:\/\/grappa.no\/no\/wp-json\/wp\/v2\/media?parent=40016"}],"wp:term":[{"taxonomy":"product_brand","embeddable":true,"href":"https:\/\/grappa.no\/no\/wp-json\/wp\/v2\/product_brand?post=40016"},{"taxonomy":"product_cat","embeddable":true,"href":"https:\/\/grappa.no\/no\/wp-json\/wp\/v2\/product_cat?post=40016"},{"taxonomy":"product_tag","embeddable":true,"href":"https:\/\/grappa.no\/no\/wp-json\/wp\/v2\/product_tag?post=40016"}],"curies":[{"name":"wp","href":"https:\/\/api.w.org\/{rel}","templated":true}]}}