{"id":40004,"date":"2022-12-01T13:37:22","date_gmt":"2022-12-01T12:37:22","guid":{"rendered":"https:\/\/grappa.no\/?post_type=product&#038;p=40004"},"modified":"2022-12-01T14:16:19","modified_gmt":"2022-12-01T13:16:19","slug":"havard-dorothea-kvit-jul-i-imsland","status":"publish","type":"product","link":"https:\/\/grappa.no\/no\/albums\/grappa\/havard-dorothea-kvit-jul-i-imsland\/","title":{"rendered":"H\u00e5vard &#038; Dorothea &#8211; Kvit jul i Imsland (Julehefte + CD)"},"content":{"rendered":"<p><\/p>\n<p>Lovende duo H\u00e5vard &amp; Dorothea kommer med oppl\u00f8ftende, stemningsfull og forsfriskende julemusikk p\u00e5 deres f\u00f8rste album.<\/p>\n<p><!--more--><\/p>\n<p style=\"color: #000000; font-size: 1em; font-family: Arial;\">H\u00e5vard &amp; Dorothea er en ung musikalsk duo som sammen med H\u00e5kon Brunborg, Martin Morland og Axel Skalstad har skapt et julealbum med stemningsfull og variert julemusikk. Med inspirasjon fra pop, impro og jazzmusikk beveger albumet seg fra svingende ny julejazz til vakre ballader og atmosf\u00e6riske lydlandskaper. Med &#8220;Kvit jul i Imsland&#8221; \u00f8nsker duoen \u00e5 utfordre hva et julealbum kan v\u00e6re ved \u00e5 tilf\u00f8re noe nytt og friskt inn i floraen av allerede eksisterende julemusikk.<\/p>\n<p style=\"color: #000000; font-size: 1em; font-family: Arial;\">\u2013\u00a0<em>Me har hatt med oss heilt fantastiske flinke og kreative musikarar p\u00e5 denne plata, som alle bidratt med ein stor musikalitet, speleglede og god julestemning<\/em>, sier duoen.<\/p>\n<p style=\"color: #000000; font-size: 1em; font-family: Arial;\">Ettersom albumet har blitt spilt inn over alt annet enn julem\u00e5neder, har musikerne tydd til ekstra kreative virkemidler i prosessen:<\/p>\n<p style=\"color: #000000; font-size: 1em; font-family: Arial;\">\u2013\u00a0<em>Albumet blei spelt inn i april, miksa i oktober og me har naturleg nok pr\u00f8vd \u00e5 halda julestemninga oppe gjennom heile prosessen. Me har tvangsspist ribbe, julesylte og julekaker fr\u00e5 april til november, og n\u00e5 som albumet er ute kan me endelig la juleroa senka seg. Det h\u00e5par me den gjer for dykk som h\u00f8yrar p\u00e5 ogs\u00e5<\/em>, forteller H\u00e5vard.<\/p>\n<p style=\"color: #000000; font-size: 1em; font-family: Arial;\">Musikerene i duoen er aktive i flere spennende, lovende band og prosjekter i det norske musikkmilj\u00f8et. I tillegg til \u00e5 spille sammen i bandet &#8220;Klossmajor&#8221; er Dorothea \u00d8kland aktuell med bandet &#8220;Nothing Personal&#8221; og &#8220;Hey love&#8221;. Mens H\u00e5vard spiller i prosjektene &#8220;Soft City&#8221; og &#8220;H\u00e5vard Ersland Trio&#8221;.<\/p>\n<p style=\"color: #000000; font-size: 1em; font-family: Arial;\">\u201cEin liten julesang\u201d kom 18. november og er f\u00f8rste smakebit fra kommende album. Den handler kort og godt om det \u00e5 lengte hjem til jul. Ment som en liten tr\u00f8st, om at\u00a0en kommer seg hjem til slutt, og at alle veier til slutt f\u00f8rer en dit en skal.<\/p>\n<p style=\"color: #000000; font-size: 1em; font-family: Arial;\">Innpakningen til denne plata byr ogs\u00e5 p\u00e5 et fantastisk julehefte med flotte tegninger og historier som H\u00e5vard &amp; Dorothea gleder seg til \u00e5 vise fram.<\/p>\n<p style=\"color: #000000; font-size: 1em; font-family: Arial;\">\u2013\u00a0<em>Vi h\u00e5per vi har laga \u00e5rets julegave,<\/em>\u00a0sier duoen.<\/p>\n<p style=\"color: #000000; font-size: 1em; font-family: Arial;\">Albumet er nemlig tilgjengelig fysisk gjennom et helt ferskt julehefte, tegna av illustrat\u00f8r Kjersti Synneva Moen. Her h\u00e5per duoen \u00e5 skape gode, nye juleminner gjennom et hefte best\u00e5ende av juleoppskrifter, julequiz og juleaktiviteter. I tilegg f\u00e5r leseren m\u00f8te duoens alter egoer \u201cH\u00e5kkis og Dorris\u201d i en tegneserie der disse to pr\u00f8ver \u00e5 redde jula, ved \u00e5 s\u00f8rge for at det endelig blir &#8220;kvit jul i Imsland.&#8221;<\/p>\n<p style=\"color: #000000; font-size: 1em; font-family: Arial;\">Ide\u00e9n til juleheftet har duoen hatt i flere \u00e5r n\u00e5. H\u00e5vard &amp; Dorothea er derfor\u00a0veldig stolte og gleder seg til \u00e5 dele, etter \u00e5\u00a0endelig ha f\u00e5tt dette realisert, i tillegg til deres f\u00f8rste plate sammen.<\/p>\n<p><\/p>","protected":false},"excerpt":{"rendered":"<p>Lovende duo H\u00e5vard &amp; Dorothea kommer med oppl\u00f8ftende, stemningsfull og forsfriskende julemusikk p\u00e5 deres f\u00f8rste album.<\/p>\n","protected":false},"featured_media":40005,"comment_status":"open","ping_status":"closed","template":"","meta":[],"product_brand":[],"product_cat":[6],"product_tag":[],"class_list":{"0":"post-40004","1":"product","2":"type-product","3":"status-publish","4":"has-post-thumbnail","6":"product_cat-grappa","7":"product_shipping_class-cddvd-shipping","8":"uni_artist_tag-havard-dorothea","9":"uni_main_artist_tag-havard-dorothea","10":"uni_artist_genre-christmas-music","11":"uni_artist_genre-jazz","12":"uni_artist_genre-pop","14":"first","15":"instock","16":"taxable","17":"shipping-taxable","18":"purchasable","19":"product-type-simple"},"_links":{"self":[{"href":"https:\/\/grappa.no\/no\/wp-json\/wp\/v2\/product\/40004","targetHints":{"allow":["GET"]}}],"collection":[{"href":"https:\/\/grappa.no\/no\/wp-json\/wp\/v2\/product"}],"about":[{"href":"https:\/\/grappa.no\/no\/wp-json\/wp\/v2\/types\/product"}],"replies":[{"embeddable":true,"href":"https:\/\/grappa.no\/no\/wp-json\/wp\/v2\/comments?post=40004"}],"wp:featuredmedia":[{"embeddable":true,"href":"https:\/\/grappa.no\/no\/wp-json\/wp\/v2\/media\/40005"}],"wp:attachment":[{"href":"https:\/\/grappa.no\/no\/wp-json\/wp\/v2\/media?parent=40004"}],"wp:term":[{"taxonomy":"product_brand","embeddable":true,"href":"https:\/\/grappa.no\/no\/wp-json\/wp\/v2\/product_brand?post=40004"},{"taxonomy":"product_cat","embeddable":true,"href":"https:\/\/grappa.no\/no\/wp-json\/wp\/v2\/product_cat?post=40004"},{"taxonomy":"product_tag","embeddable":true,"href":"https:\/\/grappa.no\/no\/wp-json\/wp\/v2\/product_tag?post=40004"}],"curies":[{"name":"wp","href":"https:\/\/api.w.org\/{rel}","templated":true}]}}