{"id":400,"date":"2002-04-04T00:00:00","date_gmt":"2002-04-03T23:00:00","guid":{"rendered":"http:\/\/www.grappa.no\/albums\/uncategorized\/johan-halvorsen-fossegrimen-stage-music-vol-3\/"},"modified":"2025-03-27T09:31:49","modified_gmt":"2025-03-27T08:31:49","slug":"johan-halvorsen-fossegrimen-stage-music-vol-3","status":"publish","type":"product","link":"https:\/\/grappa.no\/no\/albums\/simax-classics\/johan-halvorsen-fossegrimen-stage-music-vol-3\/","title":{"rendered":"Johan Halvorsen: Fossegrimen. Stage Music, vol.3"},"content":{"rendered":"<p><\/p>\n<p>&#8216;Fossegrimen&#8217; med Arve Moen Bergset<\/p>\n<p>Nationaltheatrets store maestro gjennom 30 \u00e5r skrev, i tillegg til alt annet, musikk til mer enn 30 skuespill. Fossegrimen, med tekst av Sigurd Eldegard, bygger p\u00e5 myten om Myllarguten. Det het seg nemlig at Myllarguten skulle ha l\u00e6rt \u00e5 spille av Fossegrimen, i folketroen de underjordiskes musikalske lederskikkelse, \u00abog sett sj\u00e6li si i pant for l\u00e6ra\u00bb. Eldegard fant det takknemlig \u00e5 spinne videre p\u00e5 myten og fikk dessuten flettet inn Myllargutens m\u00f8te med Ole Bull, i skuespillet omtalt som Meisterspelemannen.<\/p>\n<p>Det er hele musikken til Fossegrimen n\u00e5 presenteres p\u00e5 innspilling for f\u00f8rste gang. Arve Moen Bergset trakterer hardingfele og fiolin, p\u00e5 samme m\u00e5te som komponisten selv gjorde under fremf\u00f8relser. I tillegg synger han den vakre Torgeirs Sang. Det er flere sangroller involvert, her kan nevnes en lille Fossekallen som spretter opp av vannet, i \u00d8yvind Bluncks skikkelse, og Kj\u00f8kemeistaren, fremf\u00f8rt av Per Vollestad.<\/p>\n<p><!--more--><\/p>\n<p>Nationaltheatrets store maestro gjennom 30 \u00e5r skrev, i tillegg til alt annet, musikk til mer enn 30 skuespill. Fossegrimen, med tekst av Sigurd Eldegard, bygger p\u00e5 myten om Myllarguten. Det het seg nemlig at Myllarguten skulle ha l\u00e6rt \u00e5 spille av Fossegrimen, i folketroen de underjordiskes musikalske lederskikkelse, \u00abog sett sj\u00e6li si i pant for l\u00e6ra\u00bb. Eldegard fant det takknemlig \u00e5 spinne videre p\u00e5 myten og fikk dessuten flettet inn Myllargutens m\u00f8te med Ole Bull, i skuespillet omtalt som Meisterspelemannen.<\/p>\n<h4>Den komplette scenemusikken<\/h4>\n<p>Det er hele musikken til Fossegrimen n\u00e5 presenteres p\u00e5 innspilling for f\u00f8rste gang. Arve Moen Bergset trakterer hardingfele og fiolin, p\u00e5 samme m\u00e5te som komponisten selv gjorde under fremf\u00f8relser. I tillegg synger han den vakre Torgeirs Sang. Det er flere sangroller involvert, her kan nevnes en lille Fossekallen som spretter opp av vannet, i \u00d8yvind Bluncks skikkelse, og Kj\u00f8kemeistaren, fremf\u00f8rt av Per Vollestad<\/p>\n<h4>Roosevelt<\/h4>\n<p>Det andre verket p\u00e5 denne CD-en ble skrevet til utdelingen av Nobels Fredspris til Theodore Roosevelt i 1910. Her kombinerer Halvorsen mesterlig norske folkemelodier med kjente amerikanske hymner og temaer, i en hyllest til prisvinneren.<\/p>\n<h4><\/h4>\n<p><\/p>","protected":false},"excerpt":{"rendered":"<p>Det het seg nemlig at Myllarguten skulle ha l\u00e6rt \u00e5 spille av Fossegrimen, i folketroen de underjordiskes musikalske lederskikkelse, \u00abog sett sj\u00e6li si i pant for l\u00e6ra\u00bb.<\/p>\n","protected":false},"featured_media":27597,"comment_status":"closed","ping_status":"closed","template":"","meta":[],"product_brand":[],"product_cat":[180],"product_tag":[],"class_list":{"0":"post-400","1":"product","2":"type-product","3":"status-publish","4":"has-post-thumbnail","6":"product_cat-simax-classics","7":"product_shipping_class-cddvd-shipping","8":"uni_artist_tag-arve-moen-bergset","9":"uni_artist_tag-ashild-skiri-refsdal","10":"uni_artist_tag-erik-gard-amundsen","11":"uni_artist_tag-ginnungagap-choir","12":"uni_artist_tag-joachim-sebastian-kjesbu","13":"uni_artist_tag-johan-halvorsen","14":"uni_artist_tag-latvia-national-symph-orchestra","15":"uni_artist_tag-oyvind-blunck","16":"uni_artist_tag-per-vollestad","17":"uni_artist_tag-terje-mikkelsen","18":"uni_main_artist_tag-latvia-national-symph-orchestra","19":"uni_artist_genre-folk-music","20":"uni_artist_genre-norwegian","21":"uni_artist_genre-orchestral","22":"uni_artist_genre-traditional","23":"uni_artist_genre-world-premiere-recording","25":"first","26":"outofstock","27":"taxable","28":"shipping-taxable","29":"purchasable","30":"product-type-simple"},"_links":{"self":[{"href":"https:\/\/grappa.no\/no\/wp-json\/wp\/v2\/product\/400","targetHints":{"allow":["GET"]}}],"collection":[{"href":"https:\/\/grappa.no\/no\/wp-json\/wp\/v2\/product"}],"about":[{"href":"https:\/\/grappa.no\/no\/wp-json\/wp\/v2\/types\/product"}],"replies":[{"embeddable":true,"href":"https:\/\/grappa.no\/no\/wp-json\/wp\/v2\/comments?post=400"}],"wp:featuredmedia":[{"embeddable":true,"href":"https:\/\/grappa.no\/no\/wp-json\/wp\/v2\/media\/27597"}],"wp:attachment":[{"href":"https:\/\/grappa.no\/no\/wp-json\/wp\/v2\/media?parent=400"}],"wp:term":[{"taxonomy":"product_brand","embeddable":true,"href":"https:\/\/grappa.no\/no\/wp-json\/wp\/v2\/product_brand?post=400"},{"taxonomy":"product_cat","embeddable":true,"href":"https:\/\/grappa.no\/no\/wp-json\/wp\/v2\/product_cat?post=400"},{"taxonomy":"product_tag","embeddable":true,"href":"https:\/\/grappa.no\/no\/wp-json\/wp\/v2\/product_tag?post=400"}],"curies":[{"name":"wp","href":"https:\/\/api.w.org\/{rel}","templated":true}]}}