{"id":39978,"date":"2022-11-18T07:00:23","date_gmt":"2022-11-18T06:00:23","guid":{"rendered":"https:\/\/grappa.no\/?post_type=product&#038;p=39978"},"modified":"2023-12-06T11:39:26","modified_gmt":"2023-12-06T10:39:26","slug":"christmas-songs","status":"publish","type":"product","link":"https:\/\/grappa.no\/no\/albums\/grappa\/christmas-songs\/","title":{"rendered":"Christmas Songs"},"content":{"rendered":"<p><\/p>\n<div class=\"\">\n<p><span class=\"TextRun SCXW228248466 BCX0\" lang=\"NL-NL\" xml:lang=\"NL-NL\" data-contrast=\"none\"><span class=\"NormalTextRun SCXW228248466 BCX0\" data-ccp-parastyle=\"Br\u00f8dtekst1\" data-ccp-parastyle-defn=\"{&quot;ObjectId&quot;:&quot;0a579a07-3614-46f2-826b-c68c2f479a5f|10&quot;,&quot;ClassId&quot;:1073872969,&quot;Properties&quot;:[469775450,&quot;Br\u00f8dtekst1&quot;,201340122,&quot;2&quot;,134233614,&quot;true&quot;,469778129,&quot;Brdtekst1&quot;,469777841,&quot;Calibri&quot;,469777842,&quot;Arial Unicode MS&quot;,469777843,&quot;Arial Unicode MS&quot;,469777844,&quot;Calibri&quot;,469769226,&quot;Calibri,Arial Unicode MS&quot;,335551500,&quot;0&quot;,268442635,&quot;22&quot;,335559705,&quot;1044&quot;,335551547,&quot;1033&quot;,335559740,&quot;259&quot;,201341983,&quot;0&quot;,335559739,&quot;160&quot;]}\">Saxofonist <\/span><\/span><span class=\"TextRun SCXW228248466 BCX0\" lang=\"NB-NO\" xml:lang=\"NB-NO\" data-contrast=\"none\"><span class=\"NormalTextRun SCXW228248466 BCX0\" data-ccp-parastyle=\"Br\u00f8dtekst1\">og kompo<\/span><span class=\"NormalTextRun SCXW228248466 BCX0\" data-ccp-parastyle=\"Br\u00f8dtekst1\">nist Trygve Seim,<\/span><\/span><span class=\"TextRun SCXW228248466 BCX0\" lang=\"DA-DK\" xml:lang=\"DA-DK\" data-contrast=\"none\"><span class=\"NormalTextRun SCXW228248466 BCX0\" data-ccp-parastyle=\"Br\u00f8dtekst1\"> og pianist og komponist Andreas Utnem har spilt sammen i <\/span><\/span><span class=\"TextRun SCXW228248466 BCX0\" lang=\"NB-NO\" xml:lang=\"NB-NO\" data-contrast=\"none\"><span class=\"NormalTextRun SCXW228248466 BCX0\" data-ccp-parastyle=\"Br\u00f8dtekst1\">25 \u00e5r. <\/span><\/span><span class=\"TextRun SCXW228248466 BCX0\" lang=\"FR-FR\" xml:lang=\"FR-FR\" data-contrast=\"none\"><span class=\"NormalTextRun SCXW228248466 BCX0\" data-ccp-parastyle=\"Br\u00f8dtekst1\">\u00ab<\/span><\/span><span class=\"TextRun SCXW228248466 BCX0\" lang=\"DE-DE\" xml:lang=\"DE-DE\" data-contrast=\"none\"><span class=\"NormalTextRun SCXW228248466 BCX0\" data-ccp-parastyle=\"Br\u00f8dtekst1\">Christmas Songs<\/span><\/span><span class=\"TextRun SCXW228248466 BCX0\" lang=\"IT-IT\" xml:lang=\"IT-IT\" data-contrast=\"none\"><span class=\"NormalTextRun SCXW228248466 BCX0\" data-ccp-parastyle=\"Br\u00f8dtekst1\">\u00bb <\/span><\/span><span class=\"TextRun SCXW228248466 BCX0\" lang=\"DA-DK\" xml:lang=\"DA-DK\" data-contrast=\"none\"><span class=\"NormalTextRun SCXW228248466 BCX0\" data-ccp-parastyle=\"Br\u00f8dtekst1\">er deres andre duo<\/span><\/span><span class=\"TextRun SCXW228248466 BCX0\" lang=\"NB-NO\" xml:lang=\"NB-NO\" data-contrast=\"none\"><span class=\"NormalTextRun SCXW228248466 BCX0\" data-ccp-parastyle=\"Br\u00f8dtekst1\">&#8211;<\/span><\/span><span class=\"TextRun SCXW228248466 BCX0\" lang=\"DA-DK\" xml:lang=\"DA-DK\" data-contrast=\"none\"><span class=\"NormalTextRun SCXW228248466 BCX0\" data-ccp-parastyle=\"Br\u00f8dtekst1\">album, og best\u00e5<\/span><\/span><span class=\"TextRun SCXW228248466 BCX0\" lang=\"NB-NO\" xml:lang=\"NB-NO\" data-contrast=\"none\"><span class=\"NormalTextRun SCXW228248466 BCX0\" data-ccp-parastyle=\"Br\u00f8dtekst1\">r av instrumental-improvisasjoner rundt velkjente julesanger, b\u00e5de norske og internasjonale. L<\/span><\/span><span class=\"TextRun SCXW228248466 BCX0\" lang=\"DA-DK\" xml:lang=\"DA-DK\" data-contrast=\"none\"><span class=\"NormalTextRun SCXW228248466 BCX0\" data-ccp-parastyle=\"Br\u00f8dtekst1\">\u00e5<\/span><\/span><span class=\"TextRun SCXW228248466 BCX0\" lang=\"NB-NO\" xml:lang=\"NB-NO\" data-contrast=\"none\"><span class=\"SpellingError SCXW228248466 BCX0\" data-ccp-parastyle=\"Br\u00f8dtekst1\">t<\/span><span class=\"SpellingError SCXW228248466 BCX0\" data-ccp-parastyle=\"Br\u00f8dtekst1\">e<\/span><span class=\"SpellingError SCXW228248466 BCX0\" data-ccp-parastyle=\"Br\u00f8dtekst1\">ne<\/span><span class=\"NormalTextRun SCXW228248466 BCX0\" data-ccp-parastyle=\"Br\u00f8dtekst1\"> kommer ut som inderlig<\/span><span class=\"NormalTextRun SCXW228248466 BCX0\" data-ccp-parastyle=\"Br\u00f8dtekst1\">e og poetiske, noen ganger ogs\u00e5 mystiske. Albumet er spilt inn i T<\/span><\/span><span class=\"TextRun SCXW228248466 BCX0\" lang=\"DA-DK\" xml:lang=\"DA-DK\" data-contrast=\"none\"><span class=\"NormalTextRun SCXW228248466 BCX0\" data-ccp-parastyle=\"Br\u00f8dtekst1\">\u00f8<\/span><\/span><span class=\"TextRun SCXW228248466 BCX0\" lang=\"NB-NO\" xml:lang=\"NB-NO\" data-contrast=\"none\"><span class=\"SpellingError SCXW228248466 BCX0\" data-ccp-parastyle=\"Br\u00f8dtekst1\">yenkirka<\/span><span class=\"NormalTextRun SCXW228248466 BCX0\" data-ccp-parastyle=\"Br\u00f8dtekst1\">, og kvaliteten p\u00e5 innspillingen gir f<\/span><\/span><span class=\"TextRun SCXW228248466 BCX0\" lang=\"DA-DK\" xml:lang=\"DA-DK\" data-contrast=\"none\"><span class=\"NormalTextRun SCXW228248466 BCX0\" data-ccp-parastyle=\"Br\u00f8dtekst1\">\u00f8<\/span><\/span><span class=\"TextRun SCXW228248466 BCX0\" lang=\"NB-NO\" xml:lang=\"NB-NO\" data-contrast=\"none\"><span class=\"SpellingError SCXW228248466 BCX0\" data-ccp-parastyle=\"Br\u00f8dtekst1\">lelsen<\/span><span class=\"NormalTextRun SCXW228248466 BCX0\" data-ccp-parastyle=\"Br\u00f8dtekst1\"> av \u00e5 v<\/span><\/span><span class=\"TextRun SCXW228248466 BCX0\" lang=\"DA-DK\" xml:lang=\"DA-DK\" data-contrast=\"none\"><span class=\"NormalTextRun SCXW228248466 BCX0\" data-ccp-parastyle=\"Br\u00f8dtekst1\">\u00e6<\/span><\/span><span class=\"TextRun SCXW228248466 BCX0\" lang=\"NB-NO\" xml:lang=\"NB-NO\" data-contrast=\"none\"><span class=\"NormalTextRun SCXW228248466 BCX0\" data-ccp-parastyle=\"Br\u00f8dtekst1\">re til stede i kirka, hvor romklangen og akustikken kanaliserer ekte julestemning.\u00a0<\/span><\/span><span class=\"EOP SCXW228248466 BCX0\" data-ccp-props=\"{&quot;201341983&quot;:0,&quot;335559739&quot;:160,&quot;335559740&quot;:259}\">\u00a0<\/span><\/p>\n<\/div>\n<p><!--more--><\/p>\n<p><span data-contrast=\"none\">Andreas Utnem har jobbet som <\/span><span data-contrast=\"none\">organist<\/span><span data-contrast=\"none\"> i T\u00f8<\/span><span data-contrast=\"none\">yenkirka siden 1996. P\u00e5 slutten av 90-tallet inviterte han Trygve Seim til \u00e5 <\/span><span data-contrast=\"none\">spille med p<\/span><span data-contrast=\"none\">\u00e5 <\/span><span data-contrast=\"none\">en gudstjeneste, <\/span><span data-contrast=\"none\">der de improviserte rundt salmer og i tillegg fremf\u00f8rte egne komposisjoner. Siden da har Trygve regelmessig spilt p\u00e5 gudstjenestene, og dette resulterte i 2010<\/span><span data-contrast=\"none\"> i deres f\u00f8<\/span><span data-contrast=\"none\">rste duo<\/span><span data-contrast=\"none\">-album (\u00abPurcor &#8211; Songs for saxophone and piano\u00bb (ECM Records) som bestod av improviserte salmer og egne komposisjoner. Etter \u00e5 ha spilt sammen i mange <\/span><span data-contrast=\"none\">\u00e5<\/span><span data-contrast=\"none\">r har duoen utviklet en s<\/span><span data-contrast=\"none\">\u00e6regen sound, hvor de set<\/span><span data-contrast=\"none\">ter melodien i sentrum og improviserer lydh\u00f8<\/span><span data-contrast=\"none\">rt rundt dem.\u00a0<\/span><span data-ccp-props=\"{&quot;201341983&quot;:0,&quot;335559739&quot;:160,&quot;335559740&quot;:259}\">\u00a0<\/span><\/p>\n<p><span data-contrast=\"none\">Fokuset p\u00e5 <\/span><span data-contrast=\"none\">melodi har v\u00e6<\/span><span data-contrast=\"none\">rt en viktig del av <\/span><span data-contrast=\"none\">\u00ab<\/span><span data-contrast=\"none\">Christmas Songs<\/span><span data-contrast=\"none\">\u00bb<\/span><span data-contrast=\"none\"> ogs\u00e5, gjennom \u00e5 utforske hvordan enkelheten i julemelodiene og julebudskapet ofte kan bevege og lodde dypt. Sangene er hentet fra hele verden og mange av dem er av<\/span><span data-contrast=\"none\"> gammel<\/span><span data-contrast=\"none\"> opprinnelse.<\/span><span data-ccp-props=\"{&quot;201341983&quot;:0,&quot;335559739&quot;:160,&quot;335559740&quot;:259}\">\u00a0<\/span><\/p>\n<p><span data-contrast=\"none\">Trygve Seim (f\u00f8dt 1971 i Oslo) har sin musikkutdannelse fra jazzlinja p\u00e5 Tr\u00f8ndelag Musikkonservatorium i Trondheim, med saxofon som hovedinstrument. Etter uteksamineringen i 1992 og frem til i dag (30 \u00e5r) har Seim arbeidet fulltid som musiker, komponist og arrang<\/span><span data-contrast=\"none\">\u00f8<\/span><span data-contrast=\"none\">r med hovedvekt p\u00e5 egne ensembler. Seim har turnert verden rundt b\u00e5de med egne ensembler og som sideman i andres ensembler (Manu Katch\u00e9, Thomasz Stanko, Sinikka Langeland, Iro Haarla, Jon Balke, Jacob Young etc) og han medvirker p\u00e5 et utall CD-utgivelser p\u00e5 flere store plateselskaper, deriblant 21 CD\u2019er p\u00e5 det prestisjefulle tyske plateselskapet ECM, alle 21 CD\u2019er innspilt med legenden Manfred Eicher som produsent. Ingen annen norsk musiker under 70 \u00e5r har medvirket p\u00e5 like mange ECM-CD\u2019er som Seim. Seim har ogs\u00e5 komponert en rekke stykker p\u00e5 bestilling fra andre ut\u00f8vere, deriblant Anne-Lise Berntsen, Tora Augestad og Trio Mediaeval m.fl.\u00a0<\/span><span data-ccp-props=\"{&quot;201341983&quot;:0,&quot;335559739&quot;:160,&quot;335559740&quot;:259}\">\u00a0<\/span><\/p>\n<p><span data-contrast=\"none\">Andreas Utnem (f<\/span><span data-contrast=\"none\">\u00f8<\/span><span data-contrast=\"none\">dt 1973 i Oslo) har oppn\u00e5dd internasjonal oppmerksomhet blant annet gjennom sitt samarbeid med Gjermund Larsen og Trygve Seim. Ved siden av jobb som kirkemusiker og komponist for teater, film <\/span><span data-contrast=\"none\">og TV, b\u00e5<\/span><span data-contrast=\"none\">de i Norge og Sverige, har han bidratt p\u00e5 rundt 50 album.\u00a0 I 2017 utga han soloalbumet <\/span><span data-contrast=\"none\">\u201c<\/span><span data-contrast=\"none\">Night Hymns\u201d (KKV). Det er som kirkemusiker han har hatt st\u00f8rst produksjon, med komponering av salmer, liturgiske ledd samt instrumental kirkemusikk.\u00a0 I januar 2023 gir han ut sitt andre album med egne komposisjoner fra denne katalogen.<\/span><span data-ccp-props=\"{&quot;201341983&quot;:0,&quot;335559739&quot;:160,&quot;335559740&quot;:259}\">\u00a0<\/span><\/p>\n<p><\/p>","protected":false},"excerpt":{"rendered":"<p><span class=\"TextRun SCXW228248466 BCX0\" lang=\"NB-NO\" xml:lang=\"NB-NO\" data-contrast=\"none\"><span class=\"NormalTextRun SCXW228248466 BCX0\" data-ccp-parastyle=\"Br\u00f8dtekst1\">Instrumental-improvisasjoner rundt velkjente julesanger<\/span><\/span><\/p>\n<p>Improvisations around well-known Christmas songs<\/p>\n","protected":false},"featured_media":39979,"comment_status":"closed","ping_status":"closed","template":"","meta":[],"product_brand":[],"product_cat":[6],"product_tag":[],"class_list":{"0":"post-39978","1":"product","2":"type-product","3":"status-publish","4":"has-post-thumbnail","6":"product_cat-grappa","7":"product_shipping_class-cddvd-shipping","8":"uni_artist_tag-andreas-utnem","9":"uni_artist_tag-trygve-seim","10":"uni_main_artist_tag-trygve-seim-andreas-utnem","11":"uni_artist_genre-christmas-music","12":"uni_artist_genre-improvisation","13":"uni_artist_genre-jazz","14":"uni_artist_genre-jul","16":"first","17":"instock","18":"taxable","19":"shipping-taxable","20":"purchasable","21":"product-type-simple"},"_links":{"self":[{"href":"https:\/\/grappa.no\/no\/wp-json\/wp\/v2\/product\/39978","targetHints":{"allow":["GET"]}}],"collection":[{"href":"https:\/\/grappa.no\/no\/wp-json\/wp\/v2\/product"}],"about":[{"href":"https:\/\/grappa.no\/no\/wp-json\/wp\/v2\/types\/product"}],"replies":[{"embeddable":true,"href":"https:\/\/grappa.no\/no\/wp-json\/wp\/v2\/comments?post=39978"}],"wp:featuredmedia":[{"embeddable":true,"href":"https:\/\/grappa.no\/no\/wp-json\/wp\/v2\/media\/39979"}],"wp:attachment":[{"href":"https:\/\/grappa.no\/no\/wp-json\/wp\/v2\/media?parent=39978"}],"wp:term":[{"taxonomy":"product_brand","embeddable":true,"href":"https:\/\/grappa.no\/no\/wp-json\/wp\/v2\/product_brand?post=39978"},{"taxonomy":"product_cat","embeddable":true,"href":"https:\/\/grappa.no\/no\/wp-json\/wp\/v2\/product_cat?post=39978"},{"taxonomy":"product_tag","embeddable":true,"href":"https:\/\/grappa.no\/no\/wp-json\/wp\/v2\/product_tag?post=39978"}],"curies":[{"name":"wp","href":"https:\/\/api.w.org\/{rel}","templated":true}]}}