{"id":39972,"date":"2022-11-15T07:00:43","date_gmt":"2022-11-15T06:00:43","guid":{"rendered":"https:\/\/grappa.no\/?post_type=product&#038;p=39972"},"modified":"2022-11-11T09:31:34","modified_gmt":"2022-11-11T08:31:34","slug":"echos-of-what-will-come-conversations-with-j-s","status":"publish","type":"product","link":"https:\/\/grappa.no\/no\/albums\/simax-classics\/echos-of-what-will-come-conversations-with-j-s\/","title":{"rendered":"Echos of What Will Come &#8211; Conversations With J.S."},"content":{"rendered":"<p><\/p>\n<div class=\"\">\n<p><span class=\"TextRun MacChromeBold SCXW197155022 BCX0\" lang=\"NB-NO\" xml:lang=\"NB-NO\" data-contrast=\"none\"><span class=\"NormalTextRun SCXW197155022 BCX0\">En av Norges fremste cellister, Ernst Simon Glaser, har bestilt 6 nye solostykker inspirert av J.S. Bach sine 6 suiter for cello solo fra 6 forskjellige Norske komponister. Et prosjekt som har p\u00e5g\u00e5tt i 20 \u00e5r, og som n\u00e5 kulminerer ut i denne innspillingen <\/span><\/span><span class=\"TextRun MacChromeBold SCXW197155022 BCX0\" lang=\"NB-NO\" xml:lang=\"NB-NO\" data-contrast=\"none\"><span class=\"SpellingError SCXW197155022 BCX0\">Echos<\/span> <span class=\"SpellingError SCXW197155022 BCX0\">of<\/span> <span class=\"SpellingError SCXW197155022 BCX0\">what<\/span> <span class=\"SpellingError SCXW197155022 BCX0\">will<\/span> <span class=\"SpellingError SCXW197155022 BCX0\">come<\/span><span class=\"NormalTextRun SCXW197155022 BCX0\"> \u2013 <\/span><span class=\"SpellingError SCXW197155022 BCX0\">Conversations<\/span> <span class=\"SpellingError SCXW197155022 BCX0\">with<\/span><span class=\"NormalTextRun SCXW197155022 BCX0\"> J.S<\/span><\/span><span class=\"TextRun MacChromeBold SCXW197155022 BCX0\" lang=\"NB-NO\" xml:lang=\"NB-NO\" data-contrast=\"none\"><span class=\"NormalTextRun SCXW197155022 BCX0\">.\u00a0<\/span><\/span><span class=\"EOP SCXW197155022 BCX0\" data-ccp-props=\"{&quot;201341983&quot;:0,&quot;335559739&quot;:160,&quot;335559740&quot;:240}\">\u00a0<\/span><\/p>\n<\/div>\n<p><!--more--><\/p>\n<p><span data-contrast=\"none\">Johan Sebastian Bachs cello suiter, regnes som den ypperste testen p\u00e5 en cellists tekniske og musikalske kapasitet. Men kanskje viktigst av alt, suitene er flotte kunstverk og majestetisk bevis p\u00e5 Bachs oppfinnsomhet med tanke p\u00e5 hva han f\u00e5r til med en ensom cello. Ernst Simon Glaser har understreket dette faktum ved \u00e5 gi levende komponister i oppdrag \u00e5 kjempe med Bachs suiter, alle seks.\u202fDet er selvf\u00f8lgelig en feiring av den gamle mesteren, men det er ogs\u00e5 en feiring av instrumentet og av den rene fremf\u00f8ringsglede i seg selv.\u202f<\/span><span data-ccp-props=\"{&quot;201341983&quot;:0,&quot;335559739&quot;:160,&quot;335559740&quot;:240}\">\u00a0<\/span><\/p>\n<p><span data-contrast=\"none\">Det hele startet da Eivind Buene skrev et solostykke til Glasers debutkonsert i 2003. <\/span><span data-contrast=\"auto\">Eivind hadde tidligere studert gitar og kjente til Bachs suiter for solo cello gjennom lutt-transkripsjoner. Han hadde et spesielt forhold til 5. Suiten i c-moll og valgte derfor a\u030a la seg inspirere av denne.<\/span><span data-ccp-props=\"{&quot;201341983&quot;:0,&quot;335559739&quot;:160,&quot;335559740&quot;:259}\">\u00a0<\/span><\/p>\n<p><span data-contrast=\"auto\">Eivind Buene om verket: <\/span><br \/>\n<i><span data-contrast=\"none\">\u00ab<\/span><\/i><i><span data-contrast=\"auto\">Conversation with J.S. er et stykke hvor klanglige fantasier anno 2002 m\u00f8ter energien i Johan Sebastian Bachs cellosuite no. 5. Bachs gestikk, de fysiske bevegelsene og den musikalske flyten er grunnlaget for en samtale p\u00e5 tvers av \u00e5rhundrene, hvor celloens og musikkens historie klinger mellom linjene<\/span><\/i><span data-contrast=\"auto\">.<\/span><i><span data-contrast=\"none\">\u00bb<\/span><\/i><span data-ccp-props=\"{&quot;201341983&quot;:0,&quot;335559739&quot;:160,&quot;335559740&quot;:259}\">\u00a0<\/span><\/p>\n<p><i><span data-contrast=\"none\">\u00ab<\/span><\/i><i><span data-contrast=\"auto\">Etter a\u030a ha spilt Eivinds verk noen ganger sa\u030a lurte jeg p\u00e5 hvordan det ville v\u00e6re \u00e5 spille det tett inntil Bach suiten som var inspirasjonskilden til verket, og s\u00e5 for meg interessante konsert og seminar-situasjoner. Jeg tenkte ogs\u00e5 at det ville v\u00e6re spennende \u00e5 bestille et nytt verk for hver av de 6 Bach suitene og fremf\u00f8re alle nyskrevne stykker sammen med sin Bach suite. Jeg var nysgjerrig p\u00e5 hvordan oppgaven om \u00e5 la seg inspirere av en spesifikk Bach suite ville p\u00e5virke forskjellige komponister til \u00e5 skrive<\/span><\/i><i><span data-contrast=\"none\">\u00bb<\/span><\/i><span data-contrast=\"auto\"> &#8211; Ernst Simon Glaser. Prosjektet involverer n\u00e5 verk komponert av de anerkjente norske komponistene Magnar <\/span><span data-contrast=\"auto\">\u00c5m<\/span><span data-contrast=\"auto\">, Bj\u00f8rn Kruse, Therese Birkelund Ulvo, Lene Grenager, Eivind Buene og Olav Anton Thommessen \u2013 og de resulterende komposisjonene gjenspeiler deres unike respons p\u00e5 Bachs materiale.<\/span><span data-ccp-props=\"{&quot;201341983&quot;:0,&quot;335559739&quot;:160,&quot;335559740&quot;:259}\">\u00a0<\/span><\/p>\n<p><b><span data-contrast=\"auto\">Ernst Simon Glaser<\/span><\/b><span data-contrast=\"auto\"> er en forkjemper for samtidsmusikk og jobber for tiden som solocellist i Kringkastingsorkesteret. Av priser kan tidligere Rikskonsertenes <\/span><span data-contrast=\"none\">\u00ab<\/span><span data-contrast=\"auto\">\u00c5rets unge solist\u00bb og Musikkens venner \u00abDebutantpris\u00bb nevnes. Hans debut-innspilling med Liv Glaser p\u00e5 fortepiano (<\/span><i><span data-contrast=\"auto\">Schumann og Schubert \u2013 <\/span><\/i><span data-contrast=\"auto\">Simax, 2004) ble godt mottatt. Hans innspilling med Sj\u00f8forsvarets Musikkorps best\u00e5ende av fire cellokonserter med bl\u00e5sere fikk en engelsk anmelder til \u00e5 skrive at Glaser \u00abwith groove and elegance explores new avenues within contemporary music\u00bb. Hans forrige CD p\u00e5 BIS som kom i 2017, der Glaser er solist i Tommie Haglunds \u00abFlaminis Aura\u00bb med G\u00f6teborgs Symfoniker (dirigent David Afkham), ble nominert til svensk Grammy. Etter studier med Ralph Kirshbaum ble Ernst Simon Glaser ansatt som alternerende solocellist i Trondheim Symfoniorkester i en alder av 22 \u00e5r. Fra 2001-2010 var han solocellist i Den Norske Operas Orkester og fra 2009-2021 var han solocellist i G\u00f6teborgs Symfoniker, Sveriges Nasjonalorkester. Glaser har tidligere undervist ved Musikkonservatoriet i Trondheim, og Norges Musikkh\u00f8gskole som Truls M\u00f8rks assistent, og vikar.\u00a0 Ernst Simon Glaser spiller p\u00e5 en cello bygget av Francesco Ruggieri, Cremona ca. 1680, gener\u00f8st stilt til r\u00e5dighet av Dextra Musica.<\/span><span data-ccp-props=\"{&quot;201341983&quot;:0,&quot;335559739&quot;:160,&quot;335559740&quot;:240}\">\u00a0<\/span><\/p>\n<p><\/p>","protected":false},"excerpt":{"rendered":"<p><strong>Ernst Simon Glaser med 6 bestillingsverk inspirert av Bachs cellosuiter<\/strong>\u00a0<\/p>\n","protected":false},"featured_media":39973,"comment_status":"closed","ping_status":"closed","template":"","meta":[],"product_brand":[],"product_cat":[180],"product_tag":[],"class_list":{"0":"post-39972","1":"product","2":"type-product","3":"status-publish","4":"has-post-thumbnail","6":"product_cat-simax-classics","7":"product_shipping_class-cddvd-shipping","8":"uni_artist_tag-ernst-simon-glaser","9":"uni_main_artist_tag-ernst-simon-glaser","10":"uni_artist_genre-barokk","11":"uni_artist_genre-klassisk","12":"uni_artist_genre-samtidsmusikk","14":"first","15":"instock","16":"taxable","17":"shipping-taxable","18":"purchasable","19":"product-type-simple"},"_links":{"self":[{"href":"https:\/\/grappa.no\/no\/wp-json\/wp\/v2\/product\/39972","targetHints":{"allow":["GET"]}}],"collection":[{"href":"https:\/\/grappa.no\/no\/wp-json\/wp\/v2\/product"}],"about":[{"href":"https:\/\/grappa.no\/no\/wp-json\/wp\/v2\/types\/product"}],"replies":[{"embeddable":true,"href":"https:\/\/grappa.no\/no\/wp-json\/wp\/v2\/comments?post=39972"}],"wp:featuredmedia":[{"embeddable":true,"href":"https:\/\/grappa.no\/no\/wp-json\/wp\/v2\/media\/39973"}],"wp:attachment":[{"href":"https:\/\/grappa.no\/no\/wp-json\/wp\/v2\/media?parent=39972"}],"wp:term":[{"taxonomy":"product_brand","embeddable":true,"href":"https:\/\/grappa.no\/no\/wp-json\/wp\/v2\/product_brand?post=39972"},{"taxonomy":"product_cat","embeddable":true,"href":"https:\/\/grappa.no\/no\/wp-json\/wp\/v2\/product_cat?post=39972"},{"taxonomy":"product_tag","embeddable":true,"href":"https:\/\/grappa.no\/no\/wp-json\/wp\/v2\/product_tag?post=39972"}],"curies":[{"name":"wp","href":"https:\/\/api.w.org\/{rel}","templated":true}]}}