{"id":39950,"date":"2022-10-21T11:29:21","date_gmt":"2022-10-21T10:29:21","guid":{"rendered":"https:\/\/grappa.no\/?post_type=product&#038;p=39950"},"modified":"2024-02-22T15:25:46","modified_gmt":"2024-02-22T14:25:46","slug":"between-hotels-and-time","status":"publish","type":"product","link":"https:\/\/grappa.no\/no\/albums\/grappa\/between-hotels-and-time\/","title":{"rendered":"Between Hotels and Time"},"content":{"rendered":"<p><\/p>\n<div class=\"\">\n<p>Jazz pianist Ketil Bj\u00f8rnstad, Vokalist Anneli Drecker og forfatter Lars Saabye Christensen har brukt deres vennskap som base for skapelsen av den nye jazz plata \u00abBetween Hotels and Time\u00bb. Resultatet er et tidl\u00f8st og praktfullt album med 18 originale sanger.<\/p>\n<p><span data-ccp-props=\"{}\">\u00a0<\/span><\/p>\n<\/div>\n<p><!--more--><\/p>\n<p>Det er ikke alltid tilfellet, spesielt n\u00e5r det kommer til kunst, men noen ganger kan en f\u00f8le betydningen av et vennskap \u2013 alt som ikke trengs \u00e5 sies, men som har v\u00e6rt usagt i en \u00e5rrekke.\u00a0 \u00abBetween Hotels and Time\u00bb markerer vennskapet imellom tre ekstraordin\u00e6re artister.<\/p>\n<p>Disse tre eksepsjonelle artistene er alle mestere i deres forskjellige felt. Sammen bidrar de med sine styrker, som beriker og utfyller hverandre.<\/p>\n<p>Den s\u00e5re og r\u00e5 poesien til Lars Saabye Christensen, sunget og formidlet av den vakre stemmen til Anneli Drecker og akkompagnert av de ekspressive pianotonene til Ketil Bj\u00f8rnstad. \u00a0Albumet inneholder b\u00e5de rolige og atmosf\u00e6riske sanger i tillegg til mer rytmiske og smakfulle jazzl\u00e5ter. Eksempler p\u00e5 dette er sanger som \u00abThe Pawn Shop band\u00bb og \u00abTheif\u00bb. Det mer s\u00e5re og hjertef\u00f8lte f\u00e5r man p\u00e5 sanger som \u00abThe Finder\u00bb og \u00abSerbelloni Memories\u00bb. Det musikalske landskapet er til tider svevende og mykt, som f\u00e5r lytteopplevelsen til \u00e5 bli nostalgisk til tider og dr\u00f8mmende.<\/p>\n<p>Ketil Bj\u00f8rnstad sier dette om prosessen bak \u00e5 lage albumet \u00abBetween Hotels and Time\u00bb:<\/p>\n<p><em>\u00abAll kunst kommer fra erfaring, fra dr\u00f8mmer, fra et levd liv, sorg, savn og frykt. Og likevel finner vi veien tilbake til kunst, igjen og igjen, i s\u00f8ken etter b\u00e5de tr\u00f8st og nytt innsyn. Lars og jeg utvekslet knapt et ord mens jeg satt disse diktene til musikk, som b\u00e5de f\u00f8ltes litt utrygt og betryggende p\u00e5 samme tid. Det er s\u00e5nn det alltid har v\u00e6rt mellom oss. Noen f\u00e5, kjappe ordutvekslinger. En gjensidig avtale. Alltid tillit. Aldri oppr\u00f8rende diskusjoner. Da jeg var ferdig med sangene, ble de akseptert av Lars. Det er s\u00e5nn det m\u00e5tte bli.\u00bb<\/em><\/p>\n<p>Den autentiske f\u00f8lelsen kommer fra live-innspilling og tillit mellom artistene. Improvisert magi og egen\u00f8ving.<\/p>\n<p><em>\u00abVi spilte inn albumet live, uten \u00f8velse, kun \u00f8velse som vi gjorde p\u00e5 egen h\u00e5nd, i hver v\u00e5r del av landet, og entusiasmen vokste av \u00e5 h\u00f8re disse sangene bli til i plassen, avstanden, i rommet i mellom oss. Vierfartehvor godt vi kjente hverandre. Jeg visste akkurat hvordan hun kom til \u00e5 frasere en melodisk linje sekunder f\u00f8r hun gjorde det. Det var muligens en av de mest bemerkelsesverdige studioopplevelsene jeg har hatt i mitt liv. Og Lars var hjemme, i karantene med Covid, og hadde fullstendig tro p\u00e5 oss begge. Det erslik nerven i\u00a0v\u00e5rt vennskap er.\u00bb Forteller Bj\u00f8rnstad.<\/em><\/p>\n<p><\/p>","protected":false},"excerpt":{"rendered":"<p>Magisk h\u00f8ststemning skapt av tre utrolig dyktige artister og venner.<\/p>\n","protected":false},"featured_media":39951,"comment_status":"closed","ping_status":"closed","template":"","meta":[],"product_brand":[],"product_cat":[6],"product_tag":[],"class_list":{"0":"post-39950","1":"product","2":"type-product","3":"status-publish","4":"has-post-thumbnail","6":"product_cat-grappa","7":"product_shipping_class-cddvd-shipping","8":"uni_artist_tag-anneli-drecker","9":"uni_artist_tag-ketil-bjornstad","10":"uni_artist_tag-lars-saabye-christensen","11":"uni_main_artist_tag-bjornstad-christensen-drecker","12":"uni_artist_genre-jazz","14":"first","15":"instock","16":"taxable","17":"shipping-taxable","18":"purchasable","19":"product-type-simple"},"_links":{"self":[{"href":"https:\/\/grappa.no\/no\/wp-json\/wp\/v2\/product\/39950","targetHints":{"allow":["GET"]}}],"collection":[{"href":"https:\/\/grappa.no\/no\/wp-json\/wp\/v2\/product"}],"about":[{"href":"https:\/\/grappa.no\/no\/wp-json\/wp\/v2\/types\/product"}],"replies":[{"embeddable":true,"href":"https:\/\/grappa.no\/no\/wp-json\/wp\/v2\/comments?post=39950"}],"wp:featuredmedia":[{"embeddable":true,"href":"https:\/\/grappa.no\/no\/wp-json\/wp\/v2\/media\/39951"}],"wp:attachment":[{"href":"https:\/\/grappa.no\/no\/wp-json\/wp\/v2\/media?parent=39950"}],"wp:term":[{"taxonomy":"product_brand","embeddable":true,"href":"https:\/\/grappa.no\/no\/wp-json\/wp\/v2\/product_brand?post=39950"},{"taxonomy":"product_cat","embeddable":true,"href":"https:\/\/grappa.no\/no\/wp-json\/wp\/v2\/product_cat?post=39950"},{"taxonomy":"product_tag","embeddable":true,"href":"https:\/\/grappa.no\/no\/wp-json\/wp\/v2\/product_tag?post=39950"}],"curies":[{"name":"wp","href":"https:\/\/api.w.org\/{rel}","templated":true}]}}