{"id":39940,"date":"2022-11-04T07:00:46","date_gmt":"2022-11-04T06:00:46","guid":{"rendered":"https:\/\/grappa.no\/?post_type=product&#038;p=39940"},"modified":"2023-10-12T12:59:12","modified_gmt":"2023-10-12T11:59:12","slug":"the-fifties-and-now","status":"publish","type":"product","link":"https:\/\/grappa.no\/no\/albums\/simax-classics\/the-fifties-and-now\/","title":{"rendered":"The Fifties and NOW"},"content":{"rendered":"<p><\/p>\n<div class=\"\">\n<p><b><span data-contrast=\"auto\">Stein-Erik Olsen er tilbake!\u00a0<\/span><\/b><span data-ccp-props=\"{}\">\u00a0<\/span><\/p>\n<p><span data-contrast=\"auto\">Hans nyeste innspilling \u201cThe Fifties and Now\u201d viser frem imponerende sider av en av Europas viktigste gitarister. Innspillingen inneholder to komposisjoner fra 1950-tallet, av Leo Brouwer og Mario Castelnuovo-Tedesco, samt en nyere komposisjon av Norges egen Ketil Hvoslef fra 2019. Repertoaret p\u00e5 innspillingen viser stor spennvidde, og de tre komponistene har sv\u00e6rt ulik tiln\u00e6rming til \u00e5 skrive musikk for gitar. Brouwer og Castelnuovo-Tedesco har begge skrevet en rekke verk for gitar, b\u00e5de solo-, kammer-musikk, og konserter. Kvintettene p\u00e5 \u201cThe fifties and Now\u201d regnes som milep\u00e6ler i gitarlitteraturen.\u00a0\u00a0<\/span><span data-ccp-props=\"{}\">\u00a0<\/span><\/p>\n<\/div>\n<p><!--more--><\/p>\n<p><span data-contrast=\"auto\">\u201cQuintet\u201d (1957) av den cubanske komponisten Leo Brouwer ble skrevet da han var 17 \u00e5r gammel. Brouwer var p\u00e5 denne tiden opptatt av folkemusikken p\u00e5 Cuba og komposisjonen er fylt med afro-cubanske synkoperte rytmer. Mario Castelnuovo-Tedescos kvintett er komponert i en mer neoklassisk stil.<\/span><span data-ccp-props=\"{}\">\u00a0<\/span><\/p>\n<p><span data-ccp-props=\"{}\">\u00a0<\/span><span data-contrast=\"auto\">Ketil Hvoslef er en komponist som ofte bruker utradisjonelle besetninger i sine verk, &#8211; slik er det ogs\u00e5 her. \u201cTroika for two guitars and percussion\u201d (2019): Hvoslef bruke ofte bilder som inspirasjon i selve komposisjonsprosessen. I \u00abtroika\u00bb henter han inspirasjon fra den<\/span><span data-ccp-props=\"{}\">\u00a0<\/span><span data-contrast=\"auto\">russiske troikaen, med perkusjon som den drivende kraft, og gitarene som de galopperende hestene. Verkene p\u00e5 platen viser utviklingen av gitaren som kammermusikk-instrument,\u00a0<\/span><span data-contrast=\"auto\">fra den spede begynnelsen p\u00e5 femtitallet til i dag hvor gitaren er etablert som et fullverdig kammermusikk-instrument.<\/span><span data-ccp-props=\"{}\">\u00a0<\/span><\/p>\n<p>&nbsp;<\/p>\n<p><\/p>","protected":false},"excerpt":{"rendered":"<p><span class=\"NormalTextRun SCXW147586422 BCX0\">\u201cThe <\/span><span class=\"SpellingError SCXW147586422 BCX0\">F<\/span><span class=\"SpellingError SCXW147586422 BCX0\">ifties<\/span><span class=\"NormalTextRun SCXW147586422 BCX0\"> and <\/span><span class=\"SpellingError SCXW147586422 BCX0\">Now<\/span><span class=\"NormalTextRun SCXW147586422 BCX0\">\u201d viser frem<\/span><span class=\"NormalTextRun SCXW147586422 BCX0\"> i<\/span><span class=\"NormalTextRun SCXW147586422 BCX0\">mponerende sider av en av Europas viktigste gitarister.<\/span><\/p>\n","protected":false},"featured_media":39941,"comment_status":"closed","ping_status":"closed","template":"","meta":[],"product_brand":[],"product_cat":[180],"product_tag":[],"class_list":{"0":"post-39940","1":"product","2":"type-product","3":"status-publish","4":"has-post-thumbnail","6":"product_cat-simax-classics","7":"product_shipping_class-cddvd-shipping","8":"uni_artist_tag-egil-haugland","9":"uni_artist_tag-ilza-klava","10":"uni_artist_tag-mara-haugen","11":"uni_artist_tag-ragnhild-sannes","12":"uni_artist_tag-ricardo-odriozola","13":"uni_artist_tag-stein-erik-olsen","14":"uni_artist_tag-trond-gjelsten-dale","15":"uni_main_artist_tag-stein-erik-olsen","17":"first","18":"instock","19":"taxable","20":"shipping-taxable","21":"purchasable","22":"product-type-simple"},"_links":{"self":[{"href":"https:\/\/grappa.no\/no\/wp-json\/wp\/v2\/product\/39940","targetHints":{"allow":["GET"]}}],"collection":[{"href":"https:\/\/grappa.no\/no\/wp-json\/wp\/v2\/product"}],"about":[{"href":"https:\/\/grappa.no\/no\/wp-json\/wp\/v2\/types\/product"}],"replies":[{"embeddable":true,"href":"https:\/\/grappa.no\/no\/wp-json\/wp\/v2\/comments?post=39940"}],"wp:featuredmedia":[{"embeddable":true,"href":"https:\/\/grappa.no\/no\/wp-json\/wp\/v2\/media\/39941"}],"wp:attachment":[{"href":"https:\/\/grappa.no\/no\/wp-json\/wp\/v2\/media?parent=39940"}],"wp:term":[{"taxonomy":"product_brand","embeddable":true,"href":"https:\/\/grappa.no\/no\/wp-json\/wp\/v2\/product_brand?post=39940"},{"taxonomy":"product_cat","embeddable":true,"href":"https:\/\/grappa.no\/no\/wp-json\/wp\/v2\/product_cat?post=39940"},{"taxonomy":"product_tag","embeddable":true,"href":"https:\/\/grappa.no\/no\/wp-json\/wp\/v2\/product_tag?post=39940"}],"curies":[{"name":"wp","href":"https:\/\/api.w.org\/{rel}","templated":true}]}}