{"id":39934,"date":"2022-10-28T07:18:40","date_gmt":"2022-10-28T06:18:40","guid":{"rendered":"https:\/\/grappa.no\/?post_type=product&#038;p=39934"},"modified":"2022-10-28T10:28:59","modified_gmt":"2022-10-28T09:28:59","slug":"bandoneon","status":"publish","type":"product","link":"https:\/\/grappa.no\/no\/albums\/simax-classics\/bandoneon\/","title":{"rendered":"Bandoneon"},"content":{"rendered":"<p><\/p>\n<div class=\"\">\n<p><strong>I 2021 ville den anerkjente Argentinske komponisten og virtuose bandoneonspilleren Astor Piazzolla ha fylt 100 \u00e5r. Hans \u2018nuevo tango\u2019 er blitt en h\u00f8yt elsket musikalsk nisje, som forener tradisjonell Argentinsk dans, klassisk og jazz. F\u00e5 har formidlet arven etter Piazzolla som Per Arne Glorvigen, med sitt virtuose og uttrykksfulle bandoneon-spill. I anledning Piazzollas 100-\u00e5rsjubileum, \u00f8nsker Glorvigen \u00e5 hylle tangoens far med denne utgivelsen best\u00e5ende av hans egne komposisjoner, samt verker av Piazzolla og Stravinsky. <\/strong><\/p>\n<\/div>\n<p><!--more--><\/p>\n<p>Piazzolla hadde som m\u00e5l i livet \u00e5 etablere tangomusikken sin som en egen kunstart frigjort fra dansen. Et naturlig skritt var derfor \u00e5 gi bandoneonet den gjeveste plassen en kan tenke seg i kunstmusikken; som solist framfor et symfoniorkester \u2013 dette resulterte blant annet i verket <em>Concierto Para Bandoneon Y Orquesta (Aconcagua) <\/em>og <em>Tres tangos<\/em>, som vi h\u00f8rer Per Arne Glorvigen spille i lag med Radiosinfonieorchester Berlin p\u00e5 denne plata.<\/p>\n<p>Innspillingen med Radiosinfonieorchester Berlin er en livekonsert-radioinnspilling som kom i stand da 100-\u00e5rs jubileumskonserten for Piazzolla i Berlinfilharmonien den 11.mars 2021 ble avlyst grunnet Covid-restriksjoner. Omtrent p\u00e5 samme tid fikk Glorvigen i oppdrag av Leif Ove Andsnes \u00e5 skrive en hyllest til Piazzolla som ble urframf\u00f8rt p\u00e5 Rosendal Kammermusikkfestival i august 2021. Glorvigen forteller: \u00abI verket <em>Corazones en el Viento<\/em> (Hjerter i Vinden) pr\u00f8ver jeg \u00e5 f\u00f8re Piazzolla-tradisjonen videre uten \u00e5 n\u00f8dvendigvis bruke Piazzolla sitt tonespr\u00e5k. Det viktigste for meg er \u00e5 v\u00e6re tro mot Astors grunnid\u00e9: \u00c5 skape noe nytt og uventet med bandoneonet som har r\u00f8tter i tangotradisjonen, men som peker framover.\u00bb &#8211; Per Arne Glorvigen.<\/p>\n<p>\u00abJeg m\u00f8tte Piazzolla bare en gang, og det var p\u00e5 en festival i Tulle i Frankrike der vi begge sto p\u00e5 plakaten i 1988. Han virket sliten, og jeg var ung og s\u00e5 full av respekt at jeg greide knapt \u00e5 f\u00e5 fram et ord enda jeg hadde s\u00e5 mye jeg ville sp\u00f8rre min store helt om. Det samme hendte Piazzolla selv tretti \u00e5r tidligere da han m\u00f8tte SIN store helt Igor Stravinsky p\u00e5 en middag hos Argentinske diplomater i New York. Piazzolla hadde helt siden ungdoms\u00e5rene lyttet mye til Stravinsky. Ved siden av Bach og Bartok var Stravinsky kanskje den kunstmusikk-komponisten som hadde inspirert han aller mest. Stravinsky hadde nok h\u00f8rt de f\u00f8rste store Argentinske tangomusikerne som til dels Eduardo Arolas i Paris i \u00e5rene rundt den f\u00f8rste verdenskrigen. P\u00e5 samme vis som han var inspirert av vals, ragtime og andre motedanser var det derfor naturlig for Stravinsky \u00e5 skrive en tango.\u00bb &#8211;\u00a0 Glorvigen.<\/p>\n<p><strong>Per Arne Glorvigen<\/strong> kommer fra Dovre og blir regnet som en av de viktigste bandoneon-spillerne i sin generasjon. Han gikk ut fra Norges Musikkh\u00f8gskole i 1987 med akkordeon som hovedinstrument og reiste deretter til Paris der han ble elev av den Argentinske bandoneonvirtousen Juan Jos\u00e9 Mosalini. Etter tre \u00e5r med omskolering\/studier hos Mosalini og etter flere opphold i Buenos Aires begynte Glorvigen virksomheten sin som profesjonell bandoneonist. M\u00f8ter med Tango-legender som Astor Piazzolla, Horacio Salg\u00e1n, Osvaldo Pugliese og Horacio Ferrer ble avgj\u00f8rende. I tillegg til \u00e5 spille tango har Glorvigen fristet \u00e5 utvide bandoneon-repertoiret med barokk, kletzmer, pop og ikke minst samtidsmusikk.<\/p>\n<p>I 2006 startet Glorvigen \u00e5 studere komposisjon hos Eric Tanguy i Paris, og senere orkestrering hos Guillaume Connesson \u2013 dette f\u00f8rte til hans f\u00f8rste utgivelse med egne komposisjoner; <em>Bueno Aires \u2013 Paris \u2013 Chicago<\/em> (Aurora 2019) med verk for cello (Andreas Brantelid), bandoneon og orkester (Det Norske Kammerorkester). Etterfulgt av en utgivelse med komposisjoner for den franske strykekvartetten Quatuor Diotima, og hans eget ensemble GLO2020 (LAWO).<\/p>\n<p>Glorvigen har spilt med blant annet klarinettisten Giora Feidman, gitaristen G\u00f8ran S\u00f8llscher, cellistene Natalie Clein, Tormod Dalen og Nicolas Altstaedt, strykekvartettene Apollon Musag\u00e8te, Leipziger, Maxwell, Tango for 3 og Alban Berg. Orkester som: Staatskapelle Dresden, Deutche Kammerphilharmonie of Bremen, BBC Symphony Orchestra, Orchestra Guiseppe Verdi Milano, Det Russiske Nasjonalorkester, Les Solistes de l\u2019Orchestre de Paris og de viktigste symfoni- og kammerorkestrene i Skandinavia.<\/p>\n<p>Hans viktigste samarbeid har v\u00e6rt med fiolinisten Gidon Kremer som han har spilt inn 4 CD-er med, og nesten hundre konserter over hele verden.\u00a0 Hans hovedpartnere I dag er medlemmene av Glorvigen Trio, fiolinisten Daniela Braun og kontrabassisten Arnulf Ballhorn.<\/p>\n<p><\/p>","protected":false},"excerpt":{"rendered":"<p>Glorvigen hyller Piazzolla,tangoens far, i anledning hans 100-\u00e5rsjubileum<\/p>\n","protected":false},"featured_media":39935,"comment_status":"closed","ping_status":"closed","template":"","meta":[],"product_brand":[],"product_cat":[180],"product_tag":[],"class_list":{"0":"post-39934","1":"product","2":"type-product","3":"status-publish","4":"has-post-thumbnail","6":"product_cat-simax-classics","7":"product_shipping_class-cddvd-shipping","8":"uni_artist_tag-per-arne-glorvigen","9":"uni_main_artist_tag-per-arne-glorvigen","10":"uni_artist_genre-classical","11":"uni_artist_genre-tango","13":"first","14":"instock","15":"taxable","16":"shipping-taxable","17":"purchasable","18":"product-type-simple"},"_links":{"self":[{"href":"https:\/\/grappa.no\/no\/wp-json\/wp\/v2\/product\/39934","targetHints":{"allow":["GET"]}}],"collection":[{"href":"https:\/\/grappa.no\/no\/wp-json\/wp\/v2\/product"}],"about":[{"href":"https:\/\/grappa.no\/no\/wp-json\/wp\/v2\/types\/product"}],"replies":[{"embeddable":true,"href":"https:\/\/grappa.no\/no\/wp-json\/wp\/v2\/comments?post=39934"}],"wp:featuredmedia":[{"embeddable":true,"href":"https:\/\/grappa.no\/no\/wp-json\/wp\/v2\/media\/39935"}],"wp:attachment":[{"href":"https:\/\/grappa.no\/no\/wp-json\/wp\/v2\/media?parent=39934"}],"wp:term":[{"taxonomy":"product_brand","embeddable":true,"href":"https:\/\/grappa.no\/no\/wp-json\/wp\/v2\/product_brand?post=39934"},{"taxonomy":"product_cat","embeddable":true,"href":"https:\/\/grappa.no\/no\/wp-json\/wp\/v2\/product_cat?post=39934"},{"taxonomy":"product_tag","embeddable":true,"href":"https:\/\/grappa.no\/no\/wp-json\/wp\/v2\/product_tag?post=39934"}],"curies":[{"name":"wp","href":"https:\/\/api.w.org\/{rel}","templated":true}]}}