{"id":39932,"date":"2022-10-21T11:28:14","date_gmt":"2022-10-21T10:28:14","guid":{"rendered":"https:\/\/grappa.no\/?post_type=product&#038;p=39932"},"modified":"2022-10-27T11:51:18","modified_gmt":"2022-10-27T10:51:18","slug":"systerspel-i-utval-med-benedicte-maurseth","status":"publish","type":"product","link":"https:\/\/grappa.no\/no\/albums\/heilo\/systerspel-i-utval-med-benedicte-maurseth\/","title":{"rendered":"Systerspel &#8211; I utval med Benedicte Maurseth"},"content":{"rendered":"<p><\/p>\n<div class=\"\">\n<p><strong><em>I ei ny bok, plate og vandreutstilling, gjenopplivar den prisl\u00f8nte folkemusikaren Benedicte Maurseth ein gl\u00f8ymd del av den norske kulturhistoria.\u00a0Systerspel \u2013 Om spelet som var og spelet som vart borte\u00a0vert lansert med konsert, utstillingsopning og forfattarsamtale under Osafestivalen p\u00e5 Voss 29.&#8211;30. oktober 2022.\u00a0Systerspel\u00a0i sine ulike utg\u00e5ver, fortel historia om\u00a0spelekvinnene, om kvinner som spela fele fr\u00e5 1700-talet til i dag. Dei er fleire enn du trudde.<\/em><\/strong><\/p>\n<\/div>\n<p><!--more--><\/p>\n<p>Albumet\u00a0Systerspel\u00a0kuratert av Benedicte Maurseth, er meint som ein oppf\u00f8lgjar til samlealbumet\u00a0Meisterspel\u00a0fr\u00e5 1997 utgjeve p\u00e5 Heilo. Albumet\u00a0Meisterspel\u00a0vart den gong utgjeve i samband med boka\u00a0Hardingfela, og inneheldt sl\u00e5ttespel framf\u00f8rt av tjuetre ulike felespelarar, men der diverre ingen av dei utvalde ut\u00f8varane var kvinner.<\/p>\n<p>Albumet\u00a0Systerspel\u00a0gjev denne gong plassen til spelekvinnene, og inneheld tidlegare utgjevne innspelingar med alt fr\u00e5 Kristiane Lund fr\u00e5 1919, den fyrste spelekvinna som spelte inn hardingfele p\u00e5 grammofonplater, til Helga Myhr og hennar solo-album fr\u00e5 2020. I tillegg kjem ei rekkje andre meisterspelarar som Signe Flatin Neset, Mari Eggen, Annbj\u00f8rg Lien, Susanne Lundeng, Britt Pernille Fr\u00f8holm med fleire.<\/p>\n<p>Mange av spelekvinnene som er \u00e5 h\u00f8yra p\u00e5 albumet Systerspel, kan ein lese om i boka med same tittel.<\/p>\n<p>Systerspel I og II inneheld innspelingar gjort mellom 1919 og 2020 av spelekvinnene Kristiane Lund, Sigrid Stubsveen, Borgny Eide Taller\u00e5s, Jorun Marie Rypdal Kvernberg, Britt Pernille Fr\u00f8holm, Helga Myhr, Signe Flatin Neset, \u00c5se Teigland, Brita Eldegard Nesje, Bergit Tj\u00f8nn, Annbj\u00f8rg Lien, Sarah-Jane Summers, Susanne Lundeng, Jenny Gr\u00f8nli Farestveit, Johanne Flottorp, Synn\u00f8ve Bj\u00f8rset, Honndalstausene, Ingeleiv Kjerland Kvammen, Gro Marie Svidal, Mari Eggen, Torbj\u00f8rg Aas Gravalid, Ragnhild Furebotten, Ingebj\u00f8rg \u00c5kre Rysstad og Tone Li Mo.<\/p>\n<p>Benedicte Maurseth, hardingfelespelar, komponist og forfattar, er ein etablert og anerkjend ut\u00f8var fr\u00e5 Eidfjord i Hardanger. Ho har g\u00e5tt i l\u00e6re hj\u00e5 meisterspelemannen Knut Hamre gjennom fleire ti\u00e5r, og har turnert i omfattande grad som solist i Norge og internasjonalt. Ho samarbeidd med mange av dei framste kunstnarar p\u00e5 tvers av sjangrar som Nils \u00d8kland, Marilyn Crispell, Rolf Lislevand, Jon Fosse og Anne Marit Jacobsen. Maurseth har fleire tingingsverk bak seg, mellom anna for teater, film, og fleire album. For verket Tidekverv, uroppf\u00f8rt i 2017, vart ho tildelt NOPA sin musikkpris, og hennar spesialskrivne song \u00abVery full\u00bb for Marvel Studio i Hollywood til TV-serien Loki, kom mellom anna h\u00f8gt p\u00e5 Billboard-lista. Maurseth har \u00f2g spelt inn fleire album for Grappa Musikkforlag (Hubro &amp; Heilo) og ECM Records, og har i tillegg gjeve ut b\u00f8ker, artiklar og essay. Hennar siste album\u00a0H\u00e1rr\u00a0vart nyleg tildelt den prestisjetunge prisen Nordic Music Prize for 2022.<\/p>\n<p><\/p>","protected":false},"excerpt":{"rendered":"<p>Benedicte Maurseth gjenopplivar ein gl\u00f8ymd del av den norske kulturhistoria. <span class=\"NormalTextRun SCXW73969 BCX0\">\u00a0<\/span><\/p>\n","protected":false},"featured_media":39931,"comment_status":"closed","ping_status":"closed","template":"","meta":[],"product_brand":[],"product_cat":[35],"product_tag":[],"class_list":{"0":"post-39932","1":"product","2":"type-product","3":"status-publish","4":"has-post-thumbnail","6":"product_cat-heilo","7":"product_shipping_class-vinyl-shipping","8":"uni_artist_tag-benedicte-maurseth","9":"uni_main_artist_tag-benedicte-maurseth","10":"uni_artist_genre-folk-music","11":"uni_artist_genre-folkemusikk","12":"uni_artist_genre-tradisjonsmusikk","13":"uni_artist_genre-traditional-music","15":"first","16":"instock","17":"taxable","18":"shipping-taxable","19":"purchasable","20":"product-type-simple"},"_links":{"self":[{"href":"https:\/\/grappa.no\/no\/wp-json\/wp\/v2\/product\/39932","targetHints":{"allow":["GET"]}}],"collection":[{"href":"https:\/\/grappa.no\/no\/wp-json\/wp\/v2\/product"}],"about":[{"href":"https:\/\/grappa.no\/no\/wp-json\/wp\/v2\/types\/product"}],"replies":[{"embeddable":true,"href":"https:\/\/grappa.no\/no\/wp-json\/wp\/v2\/comments?post=39932"}],"wp:featuredmedia":[{"embeddable":true,"href":"https:\/\/grappa.no\/no\/wp-json\/wp\/v2\/media\/39931"}],"wp:attachment":[{"href":"https:\/\/grappa.no\/no\/wp-json\/wp\/v2\/media?parent=39932"}],"wp:term":[{"taxonomy":"product_brand","embeddable":true,"href":"https:\/\/grappa.no\/no\/wp-json\/wp\/v2\/product_brand?post=39932"},{"taxonomy":"product_cat","embeddable":true,"href":"https:\/\/grappa.no\/no\/wp-json\/wp\/v2\/product_cat?post=39932"},{"taxonomy":"product_tag","embeddable":true,"href":"https:\/\/grappa.no\/no\/wp-json\/wp\/v2\/product_tag?post=39932"}],"curies":[{"name":"wp","href":"https:\/\/api.w.org\/{rel}","templated":true}]}}