{"id":39905,"date":"2022-10-21T07:51:46","date_gmt":"2022-10-21T06:51:46","guid":{"rendered":"https:\/\/grappa.no\/?post_type=product&#038;p=39905"},"modified":"2022-10-17T17:03:20","modified_gmt":"2022-10-17T16:03:20","slug":"horta","status":"publish","type":"product","link":"https:\/\/grappa.no\/no\/albums\/heilo\/horta\/","title":{"rendered":"Horta"},"content":{"rendered":"<p><\/p>\n<p><span class=\"TextRun SCXW31752159 BCX0\" lang=\"NB-NO\" xml:lang=\"NB-NO\" data-contrast=\"auto\"><span class=\"NormalTextRun SCXW31752159 BCX0\">Elias <\/span><span class=\"NormalTextRun SCXW31752159 BCX0\">Akselsen<\/span><span class=\"NormalTextRun SCXW31752159 BCX0\">,<\/span><span class=\"NormalTextRun SCXW31752159 BCX0\"> Ola Kvernberg og<\/span> <span class=\"NormalTextRun SCXW31752159 BCX0\">Stian Carstensen <\/span><span class=\"NormalTextRun SCXW31752159 BCX0\">tar oss med p\u00e5 en vandring i <\/span><span class=\"NormalTextRun SCXW31752159 BCX0\">n<\/span><span class=\"NormalTextRun SCXW31752159 BCX0\">orsk musikkhistorie.<\/span> <span class=\"NormalTextRun SCXW31752159 BCX0\">Albumtittelen \u00abHorta\u00bb betyr \u00abekte\u00bb p\u00e5 taterspr\u00e5ket romani. Elias Akselsen (74) er <\/span><span class=\"NormalTextRun SCXW31752159 BCX0\">av <\/span><span class=\"NormalTextRun SCXW31752159 BCX0\">den eldste generasjonen som husker og kjente det \u00abekte\u00bb <\/span><span class=\"SpellingError SCXW31752159 BCX0\">taterlivet<\/span><span class=\"NormalTextRun SCXW31752159 BCX0\">, og er i dag den fremste representanten for romanifolket\/taternes musikalske arv. Han er f\u00f8dt p\u00e5 veien, og l\u00e6rte \u00e5 spille og synge de tradisjonelle visene samlet rundt b\u00e5let med slekta. <\/span><span class=\"NormalTextRun SCXW31752159 BCX0\">Han synger og f\u00f8ler disse sangen<\/span><span class=\"NormalTextRun SCXW31752159 BCX0\">e<\/span><span class=\"NormalTextRun SCXW31752159 BCX0\">.\u00a0<\/span><\/span><span class=\"EOP SCXW31752159 BCX0\" data-ccp-props=\"{}\">\u00a0<\/span><\/p>\n<p><!--more--><\/p>\n<p><span data-contrast=\"auto\">Sammen med musiker\/produsent Stian Carstensen og arrang\u00f8r\/musiker Ola Kvernberg l\u00f8ftes de gamle visene til et nytt niv\u00e5. Med gjesteartister Anita Kleppe og Sara Wilhelmsen, m\u00f8tes tre stemmer fra tre generasjoner tatere. Sammen har de spilt inn 9 kjente og ukjente taterl\u00e5ter i sin s\u00e6regne tolkning, med et m\u00e5l om \u00e5 bevare, videref\u00f8re og tilgjengeliggj\u00f8re taternes rike, men dels skjulte kulturarv.<\/span><span data-ccp-props=\"{}\">\u00a0<\/span><span data-ccp-props=\"{}\">\u00a0<\/span><\/p>\n<p><span data-contrast=\"auto\">Taternes musikktradisjon er rik og mangfoldig, sammensatt av impulser fra ulike land og kulturer &#8211; fra skillingsviser og visetradisjon, til russiske folketoner og balkanske rytmer. P\u00e5 mange m\u00e5ter b\u00e6rer musikken preg av at taterne stadig var p\u00e5 reise og plukket med seg musikalske impulser p\u00e5 veien. I tillegg til sangskatten taterne har f\u00f8rt videre, har de ogs\u00e5 hatt sterk innflytelse p\u00e5 folkemusikken i Norge. Mange tradisjonelle sl\u00e5tter som er godt kjent i dag kan spores tilbake til spellemannen Fant-Karl, og Myllarguten l\u00e6rte gjerne l\u00e5ter av tatere p\u00e5 veien.\u00a0\u00a0<\/span><span data-ccp-props=\"{}\">\u00a0<\/span><\/p>\n<p><span data-contrast=\"auto\">Dette er Norges blues og soul, med minst like stor autentisitet som de amerikanske variantene vi kjenner s\u00e5 godt. Men det tilh\u00f8rer ogs\u00e5 oss og det norske landskapet, naturen og menneskene.\u00a0<\/span><span data-ccp-props=\"{}\">\u00a0<\/span><\/p>\n<p><span data-contrast=\"auto\">Taterne\/romanifolket er en folkegruppe som i flere hundre \u00e5r har levd p\u00e5 utsiden av det etablerte storsamfunnet, stort sett med egne lover, normer og tradisjoner og med en s\u00e6rpreget kultur og levem\u00e5te. I dag har folkegruppa status som nasjonal minoritet og er mer eller mindre assimilert inn i det norske storsamfunnet. Da de stadig var p\u00e5 reise, er taterne sv\u00e6rt lite dokumentert, men fortellinger, kunnskap og kultur har overlevd via muntlig overlevering fra generasjon til generasjon.\u00a0<\/span><span data-ccp-props=\"{}\">\u00a0<\/span><span data-ccp-props=\"{}\">\u00a0<\/span><\/p>\n<p><span data-contrast=\"auto\">Dette var f\u00f8r staten for alvor strammet grepet og gjennomf\u00f8rte en systematisk og nedbrytende assimileringspolitikk, preget av umyndiggj\u00f8ring og kontroll, som har satt dype spor b\u00e5de hos enkeltpersoner og folkegruppa som helhet.<\/span><span data-ccp-props=\"{}\">\u00a0<\/span><\/p>\n<p><span data-contrast=\"auto\">Elias Akselsen har kjent assimileringspolitikken p\u00e5 kroppen. Lille juleaften da Elias var fem \u00e5r, ble han og familien kastet ut, og sendt p\u00e5 vandring i 25 kuldegrader, etter at bygda hadde gjennomf\u00f8rt en underskriftskampanje for \u00e5 f\u00e5 taterfamilien fjernet. Etter det reiste Elias til Sverige, hvor han blant annet spilte med Cornelis Vreeswijk og Fred \u00c5kerstr\u00f8m. 16 \u00e5r tilbrakte Elias som \u201cr\u00e4nnestenssongare\u201d i Sverige, fordi taterbarn ikke hadde rett p\u00e5 skolegang.<\/span><span data-ccp-props=\"{}\">\u00a0<\/span><\/p>\n<p><span data-contrast=\"auto\">Akselsen er i dag den fremste representanten for romanifolket\/taternes musikalske arv. Han er f\u00f8dt p\u00e5 veien, ekte tater p\u00e5 begge sider; oldebarn av \u201ctaterkongen\u201d Stor-Johan p\u00e5 den ene siden, og fra \u201csj\u00f8fanter\u201d i Bergen p\u00e5 den andre. I dag er han den siste som formidler den opprinnelige sangtradisjonen, i tillegg til \u00e5 ut\u00f8ve det tradisjonelle h\u00e5ndverket med knivarbeid og visper.<\/span><span data-ccp-props=\"{}\">\u00a0<\/span><\/p>\n<p><span data-contrast=\"auto\">Albumet er produsert av Sk\u00f8yerstaten Teater, en frivillig organisasjon som jobber for \u00e5 videreformidle romanifolket\/taternes kulturelle skattekiste i kunstnerisk form.\u00a0\u00a0<\/span><span data-ccp-props=\"{}\">\u00a0<\/span><\/p>\n<p><\/p>","protected":false},"excerpt":{"rendered":"<p><span class=\"TextRun MacChromeBold SCXW184601831 BCX0\" lang=\"NB-NO\" xml:lang=\"NB-NO\" data-contrast=\"none\"><span class=\"NormalTextRun SCXW184601831 BCX0\">Et stykke norsk kulturhistorie i plateform &#8211;<\/span><span class=\"NormalTextRun SCXW184601831 BCX0\"> tradisjonelle taterviser i <\/span><span class=\"NormalTextRun SCXW184601831 BCX0\">s\u00e6regen tolkning<\/span><\/span><span class=\"EOP SCXW184601831 BCX0\" data-ccp-props=\"{}\">\u00a0<\/span><b>\u00a0<\/b><\/p>\n","protected":false},"featured_media":39909,"comment_status":"closed","ping_status":"closed","template":"","meta":[],"product_brand":[],"product_cat":[35],"product_tag":[],"class_list":{"0":"post-39905","1":"product","2":"type-product","3":"status-publish","4":"has-post-thumbnail","6":"product_cat-heilo","7":"product_shipping_class-cddvd-shipping","8":"uni_artist_tag-elias-akselsen","9":"uni_artist_tag-ola-kvernberg","10":"uni_artist_tag-stian-carstensen","11":"uni_main_artist_tag-akselsen-carstensen-kvernberg","12":"uni_artist_genre-tradisjonsmusikk","13":"uni_artist_genre-traditional","15":"first","16":"instock","17":"taxable","18":"shipping-taxable","19":"purchasable","20":"product-type-variable","21":"has-default-attributes"},"_links":{"self":[{"href":"https:\/\/grappa.no\/no\/wp-json\/wp\/v2\/product\/39905","targetHints":{"allow":["GET"]}}],"collection":[{"href":"https:\/\/grappa.no\/no\/wp-json\/wp\/v2\/product"}],"about":[{"href":"https:\/\/grappa.no\/no\/wp-json\/wp\/v2\/types\/product"}],"replies":[{"embeddable":true,"href":"https:\/\/grappa.no\/no\/wp-json\/wp\/v2\/comments?post=39905"}],"wp:featuredmedia":[{"embeddable":true,"href":"https:\/\/grappa.no\/no\/wp-json\/wp\/v2\/media\/39909"}],"wp:attachment":[{"href":"https:\/\/grappa.no\/no\/wp-json\/wp\/v2\/media?parent=39905"}],"wp:term":[{"taxonomy":"product_brand","embeddable":true,"href":"https:\/\/grappa.no\/no\/wp-json\/wp\/v2\/product_brand?post=39905"},{"taxonomy":"product_cat","embeddable":true,"href":"https:\/\/grappa.no\/no\/wp-json\/wp\/v2\/product_cat?post=39905"},{"taxonomy":"product_tag","embeddable":true,"href":"https:\/\/grappa.no\/no\/wp-json\/wp\/v2\/product_tag?post=39905"}],"curies":[{"name":"wp","href":"https:\/\/api.w.org\/{rel}","templated":true}]}}