{"id":399,"date":"2000-11-23T00:00:00","date_gmt":"2000-11-22T23:00:00","guid":{"rendered":"http:\/\/www.grappa.no\/albums\/uncategorized\/brahms-symphony-no-1-joachim-hamlet-overture\/"},"modified":"2020-03-13T16:34:06","modified_gmt":"2020-03-13T15:34:06","slug":"brahms-symphony-no-1-joachim-hamlet-overture","status":"publish","type":"product","link":"https:\/\/grappa.no\/no\/albums\/simax-classics\/brahms-symphony-no-1-joachim-hamlet-overture\/","title":{"rendered":"Brahms Symphony no. 1 + Joachim Hamlet Overture"},"content":{"rendered":"<p><\/p>\n<p>En fantastisk sluttf\u00f8ring av Brahms-symfoniene med Oslo Filharmoniske Orkester og Mariss Jansons<\/p>\n<p>Et \u00e5r etter at volum 1 i serien med Brahms\u2019 fire symfonier ble lansert, fullf\u00f8res syklusen n\u00e5 med Symfoni nr.1, op.68; en live innspilling fra Oslo Konserthus. Som helhet er denne trilogien en solid manifestering av det niv\u00e5et som Oslo Filharmoniske Orkester befinner seg p\u00e5; de presenterer plateinnspillinger som hevder seg p\u00e5 h\u00f8yde med andre av verdens beste orkestre og som har denne ekstra dimensjonen av spilleglede som ikke er alle forunt. Fullf\u00f8relsen av symfonisyklusen har ogs\u00e5 med en lekkerbisken av Joseph Joachim; Hamlet-ouverturen fra 1853. Dette var et av Brahms\u2019 egne favoritter livet igjennom, og er skrevet i en periode der Joachim var p\u00e5 vei vekk fra Liszts \u201dNy-Tyske\u201d skole og orienterte seg mer mot den klassisk inspirerte tradisjon han fant hos Beethoven og Brahms.<\/p>\n<p><!--more--><\/p>\n<p>En fantastisk sluttf\u00f8ring av Brahms-symfoniene med Oslo Filharmoniske Orkester og Mariss Jansons<\/p>\n<h4>Spilleglede<\/h4>\n<p>Som helhet er denne trilogien en solid manifestering av det niv\u00e5et som Oslo Filharmoniske Orkester befinner seg p\u00e5; de presenterer plateinnspillinger som hevder seg p\u00e5 h\u00f8yde med andre av verdens beste orkestre og som har denne ekstra dimensjonen av spilleglede som ikke er alle forunt.<\/p>\n<h4>Umiddelbare musikalske kvaliteter<\/h4>\n<p>Det er ogs\u00e5 verd \u00e5 merke seg at denne syklusen umiddelbart har blitt viktig i den stadig p\u00e5g\u00e5ende diskusjonen om hvordan Brahms\u2019 musikk skal formes og fremf\u00f8res. De umiddelbare musikalske kvalitetene som kjennetegner Jansons\/OFO taler til alle tilh\u00f8rere, og g\u00e5r p\u00e5 den m\u00e5ten rett inn til sakens kjerne; musikkopplevelsen! I en tid der store deler av musikkverdenen er mest opptatt av tekniske detaljer rundt vitenskapen \u00aboriginal oppf\u00f8relsespraksis\u00bb, oppleves det som befriende at det fremdeles finnes en interpret av Jansons\u2019 format som p\u00e5 sin personlige m\u00e5te kan formidle Brahms\u2019 storhet slik at lytteren kan ta del i dette fantastiske kunstverk.<\/p>\n<h4>Brahms&#8217; egen favoritt<\/h4>\n<p>Fullf\u00f8relsen av symfonisyklusen har ogs\u00e5 med en lekkerbisken av Joseph Joachim; Hamlet-ouverturen fra 1853. Dette var et av Brahms\u2019 egne favoritter livet igjennom, og er skrevet i en periode der Joachim var p\u00e5 vei vekk fra Liszts \u201dNy-Tyske\u201d skole og orienterte seg mer mot den klassisk inspirerte tradisjon han fant hos Beethoven og Brahms.<\/p>\n<p><\/p>","protected":false},"excerpt":{"rendered":"<p>\u2014 it is characteristic of Jansons that the textures of these symphonies are so tellingly illuminated; and it is equally typical of the Oslo Philharmonic, after the years of example Jansons has shown it, that the instrumental colours are rich, radiant and finely modulated to the music&#8217;s expressive needs. [Geoffrey Norris\/The Daily Telegraph]<\/p>\n","protected":false},"featured_media":27596,"comment_status":"closed","ping_status":"open","template":"","meta":[],"product_brand":[],"product_cat":[180],"product_tag":[],"class_list":{"0":"post-399","1":"product","2":"type-product","3":"status-publish","4":"has-post-thumbnail","6":"product_cat-simax-classics","7":"product_shipping_class-cddvd-shipping","8":"uni_artist_tag-johannes-brahms","9":"uni_artist_tag-joseph-joachim","10":"uni_artist_tag-krzysztof-drab","11":"uni_artist_tag-mariss-jansons","12":"uni_artist_tag-oslo-philharmonic-orchestra","13":"uni_main_artist_tag-mariss-jansons","14":"uni_artist_genre-complete","15":"uni_artist_genre-orchestral","16":"uni_artist_genre-world-premiere-recording","18":"first","19":"outofstock","20":"taxable","21":"shipping-taxable","22":"product-type-simple"},"_links":{"self":[{"href":"https:\/\/grappa.no\/no\/wp-json\/wp\/v2\/product\/399","targetHints":{"allow":["GET"]}}],"collection":[{"href":"https:\/\/grappa.no\/no\/wp-json\/wp\/v2\/product"}],"about":[{"href":"https:\/\/grappa.no\/no\/wp-json\/wp\/v2\/types\/product"}],"replies":[{"embeddable":true,"href":"https:\/\/grappa.no\/no\/wp-json\/wp\/v2\/comments?post=399"}],"wp:featuredmedia":[{"embeddable":true,"href":"https:\/\/grappa.no\/no\/wp-json\/wp\/v2\/media\/27596"}],"wp:attachment":[{"href":"https:\/\/grappa.no\/no\/wp-json\/wp\/v2\/media?parent=399"}],"wp:term":[{"taxonomy":"product_brand","embeddable":true,"href":"https:\/\/grappa.no\/no\/wp-json\/wp\/v2\/product_brand?post=399"},{"taxonomy":"product_cat","embeddable":true,"href":"https:\/\/grappa.no\/no\/wp-json\/wp\/v2\/product_cat?post=399"},{"taxonomy":"product_tag","embeddable":true,"href":"https:\/\/grappa.no\/no\/wp-json\/wp\/v2\/product_tag?post=399"}],"curies":[{"name":"wp","href":"https:\/\/api.w.org\/{rel}","templated":true}]}}