{"id":39898,"date":"2022-10-19T07:31:27","date_gmt":"2022-10-19T06:31:27","guid":{"rendered":"https:\/\/grappa.no\/?post_type=product&#038;p=39898"},"modified":"2022-10-17T16:50:59","modified_gmt":"2022-10-17T15:50:59","slug":"dreamer-ep","status":"publish","type":"product","link":"https:\/\/grappa.no\/no\/albums\/heilo\/dreamer-ep\/","title":{"rendered":"Dreamer (EP)"},"content":{"rendered":"<p><\/p>\n<p><span data-contrast=\"auto\">Buster Sledge er ein trio best\u00e5ande av fele, banjo, gitar og tre songstemmer. Fronta av ein amerikansk tilflyttar, Michael Barrett Donovan p\u00e5 leadvokal og fele, fann dei saman i sin felles kj\u00e6rleik for akustiske amerikanske musikktradisjonar som country, bluegrass og oldtime. Med dette som utgangspunkt ynskjer dei \u00e5 bygge ei bru mellom samtida og fortida i form av b\u00e5de nye og eldre musikalske impulsar og tematikk. Dei garnerer gjerne med ei salig blanding pop, rock, jazz, rap eller kva enn som m\u00e5tte tilf\u00f8re den enkelte l\u00e5t det lille ekstra eller aktualisere musikken for ein ny generasjon lyttarar.\u202f<\/span><span data-ccp-props=\"{&quot;201341983&quot;:0,&quot;335559739&quot;:0,&quot;335559740&quot;:240}\">\u00a0<\/span><\/p>\n<p><!--more--><\/p>\n<p><span data-contrast=\"auto\">Den 30 minutt lange EP-en, best\u00e5ande av 4 l\u00e5tar, inneheld lause tr\u00e5dar som aldri kom inn i Buster Sledges tidlegare eller kommande st\u00f8rre prosjekt. Her finn ein ein rett fram grasa ut pub-banger (\u00abSit Up Straight\u00bb), ein skeiv George Jones- inspirert sm\u00f8rsong i countrystil (\u00abI Could Be Nowhere (Drinking Nothing\u00bb), og avsluttast med ei vidopen Grateful-Dead-inspirert jaml\u00e5t, stappfull av folkemusikkreferansar (\u00abDreamer\u00bb og \u00abLeave the Day\u00bb).\u00a0\u00a0\u00a0\u00a0<\/span><span data-ccp-props=\"{&quot;201341983&quot;:0,&quot;335559739&quot;:0,&quot;335559740&quot;:240}\">\u00a0<\/span><span data-ccp-props=\"{&quot;201341983&quot;:0,&quot;335559739&quot;:0,&quot;335559740&quot;:240}\">\u00a0<\/span><\/p>\n<p><span data-contrast=\"auto\">\u00abI Could Be Nowhere (Drinking Nothing)\u201d er eit l\u00f8ft p\u00e5 hatten til ein allereie p\u00e5g\u00e5ande diskusjon om fri vilje. L\u00e5tskrivar Donovan seier: <\/span><i><span data-contrast=\"auto\">\u00abEg har alltid v\u00e6rt fascinert av country-l\u00e5t-autonomien. \u00abEget\u00bb i songen som ikkje kan forklare kvifor, men gjer ting som dei verkeleg ikkje burde gjere, sj\u00f8lv om det kostar dei mykje \u2013 denne songen er mitt bidrag til det temaet\u00bb.<\/span><\/i><span data-contrast=\"auto\">\u00a0<\/span><span data-ccp-props=\"{&quot;201341983&quot;:0,&quot;335559739&quot;:0,&quot;335559740&quot;:240}\">\u00a0<\/span><\/p>\n<p><span data-contrast=\"auto\">Den 17 minutt lange l\u00e5ta \u00abDreamer\u00bb, er kanskje den eldste i Buster Sledge-katalogen: <\/span><i><span data-contrast=\"auto\">\u00abEg trur eg skreiv den i New York City i 2017, medan eg studerte komposisjon og ikkje skreiv mange \u00absongar\u00bb (i motsetning til \u00abstykker\u00bb, som eg skriv med tunga rett plassert i munnen) i det heile tatt \u2013 og den inneheld delar av mykje som skjedde med meg p\u00e5 den tida; Gesualdo-inspirerte harmoniar, store opne soloparti (eg spelte i eit Grateful Dead band p\u00e5 den tida), og ein \u00absl\u00e5 ut den fjerde veggen\u00bb- tekst som er skreve i ein frustrert kreativ blindveg. Hold deg fast!\u00bb &#8211; Michael Barret Donovan.\u00a0<\/span><\/i><span data-ccp-props=\"{&quot;201341983&quot;:0,&quot;335559739&quot;:0,&quot;335559740&quot;:240}\">\u00a0<\/span><\/p>\n<p><span data-contrast=\"auto\">EP-en avsluttast med \u00abLeave the Day\u00bb, ein epilog til \u00abDreamer\u00bb, inspirert av solo vokale folkemusikktradisjonar i b\u00e5de USA og Norge.\u00a0\u00a0<\/span><span data-ccp-props=\"{&quot;201341983&quot;:0,&quot;335559739&quot;:0,&quot;335559740&quot;:240}\">\u00a0<\/span><\/p>\n<p><span data-contrast=\"auto\">Dreamer blei spelt inn av Sjur Lyseid (Little Hands of Asphalt, Flight Mode) I Globus Studios Oslo, bandet sin heimby. Den fire l\u00e5tar lange EP-en best\u00e5r av lause tr\u00e5dar av l\u00e5tmateriale som aldri fant vegen inn i andre innspelingsprosjekt. Ep-en vert kun fysisk utgjeven p\u00e5 kassett i 50 eksemplar. Ofte fortel konsertgjengarar ved merchboden om at dei ikkje har CD-spelar, men vil gjerne ha ein fysisk suvenir dei kan halde i hendene medan dei str\u00f8ymer musikken fra ymse str\u00f8ymetenester. Dersom dette er tilfelle, kvifor ikkje halde rundt ein kassett eller eit anna utdatert format? Denne nye m\u00e5ten \u00e5 konsumere musikk p\u00e5, str\u00f8yming, overlappar med den gamle m\u00e5ten \u00e5 lytte p\u00e5- fysiske format som CD, LP eller kassett &#8211; p\u00e5 samme m\u00e5ten som Buster Sledge musikalsk pr\u00f8ver \u00e5 overlappe den gamle musikken med den nye. Kanskje vil f\u00f8lelsen av eigarskapen, tilknytninga og dermed opplevinga av verdien av musikken verte styrka ved denne fysiske representasjonen? Om ikkje, er det sj\u00f8lvsagt berre \u00e5 fyre opp si f\u00f8retrukne str\u00f8ymeteneste!<\/span><span data-ccp-props=\"{&quot;201341983&quot;:0,&quot;335559739&quot;:0,&quot;335559740&quot;:240}\">\u00a0<\/span><\/p>\n<p><\/p>","protected":false},"excerpt":{"rendered":"<pre class=\"Headings__HeadingH1-sc-1pe0rsd-0 jfpbPf\">Buster Sledge samlar lause tr\u00e5dar i ny EP<\/pre>\n","protected":false},"featured_media":39901,"comment_status":"closed","ping_status":"closed","template":"","meta":[],"product_brand":[],"product_cat":[35],"product_tag":[],"class_list":{"0":"post-39898","1":"product","2":"type-product","3":"status-publish","4":"has-post-thumbnail","6":"product_cat-heilo","7":"product_shipping_class-cddvd-shipping","8":"uni_artist_tag-jakob-folke-ossum","9":"uni_artist_tag-michael-barrett-donovan","10":"uni_artist_tag-mikael-jonassen","11":"uni_main_artist_tag-buster-sledge","12":"uni_artist_genre-americana","13":"uni_artist_genre-bluegrass","14":"uni_artist_genre-country","15":"uni_artist_genre-folk","17":"first","18":"instock","19":"taxable","20":"shipping-taxable","21":"purchasable","22":"product-type-variable"},"_links":{"self":[{"href":"https:\/\/grappa.no\/no\/wp-json\/wp\/v2\/product\/39898","targetHints":{"allow":["GET"]}}],"collection":[{"href":"https:\/\/grappa.no\/no\/wp-json\/wp\/v2\/product"}],"about":[{"href":"https:\/\/grappa.no\/no\/wp-json\/wp\/v2\/types\/product"}],"replies":[{"embeddable":true,"href":"https:\/\/grappa.no\/no\/wp-json\/wp\/v2\/comments?post=39898"}],"wp:featuredmedia":[{"embeddable":true,"href":"https:\/\/grappa.no\/no\/wp-json\/wp\/v2\/media\/39901"}],"wp:attachment":[{"href":"https:\/\/grappa.no\/no\/wp-json\/wp\/v2\/media?parent=39898"}],"wp:term":[{"taxonomy":"product_brand","embeddable":true,"href":"https:\/\/grappa.no\/no\/wp-json\/wp\/v2\/product_brand?post=39898"},{"taxonomy":"product_cat","embeddable":true,"href":"https:\/\/grappa.no\/no\/wp-json\/wp\/v2\/product_cat?post=39898"},{"taxonomy":"product_tag","embeddable":true,"href":"https:\/\/grappa.no\/no\/wp-json\/wp\/v2\/product_tag?post=39898"}],"curies":[{"name":"wp","href":"https:\/\/api.w.org\/{rel}","templated":true}]}}