{"id":39893,"date":"2022-10-14T08:04:51","date_gmt":"2022-10-14T07:04:51","guid":{"rendered":"https:\/\/grappa.no\/?post_type=product&#038;p=39893"},"modified":"2022-10-14T08:29:20","modified_gmt":"2022-10-14T07:29:20","slug":"oui","status":"publish","type":"product","link":"https:\/\/grappa.no\/no\/albums\/grappa\/oui\/","title":{"rendered":"Oui"},"content":{"rendered":"<p><\/p>\n<div class=\"\">\n<p><strong>The return of GURLS! Oui!<\/strong><\/p>\n<p>Trioen GURLS har siden 2013 v\u00e6rt saksofonist Hanna Paulsberg og bassist Ellen Andrea Wangs sv\u00e6rt popul\u00e6re musikalske friminutt. Begge er blant landets mest etterspurte og spennende musikere som viser et stor spenn i sine musikalske karrierer. P\u00e5 dette prosjektet har de f\u00e5tt med seg den unike vokalisten Marianna Sangita, blant annet kjent fra Broen, og som vant TJO&#8217;s Jazzstipendiat under Moldejazz i 2021.<\/p>\n<p><span data-ccp-props=\"{}\">\u00a0<\/span><\/p>\n<\/div>\n<p><!--more--><\/p>\n<p>GURLS har utviklet seg til et flaggskip i norsk jazz. Det er et uvanlig hum\u00f8rfullt, s\u00e6regent og musikalsk overraskende prosjekt, som har tatt det norske publikummet med storm. Det sprudlende debutalbumet \u00abRun boy, run\u00bb vant Spellemannprisen for beste jazzalbum 2018, og trioen har siden toppet norske jazzfestivaler og spilt for utsolgte klubber. I juli var de invitert til \u00e5 spille p\u00e5 anerkjente North Sea Jazzfestival i Rotterdam.<\/p>\n<p>N\u00e5r Hanna Paulsberg ble spurt om \u00e5 skrive for det velrennomerte orkesteret, valgte hun \u00e5 angripe det med samme innstilling som med trioen, som hun tidligere har beskrevet som et musikalsk friminutt:<\/p>\n<p><em>\u00abJeg har vel alltid hatt nesten en \u00e6refrykt for \u00e5 skrive for Trondheim Jazzorkester, s\u00e5 da jeg f\u00f8rst ble spurt om \u00e5 gj\u00f8re det tenkte jeg at jeg ville gj\u00f8re noe som jeg visste bare kom til \u00e5 bli g\u00f8y. GURLS har for meg alltid v\u00e6rt en kanal der jeg kan f\u00e5 ut b\u00e5de galskap og dumhet, og det i et format som jeg liker veldig godt, nemlig \u00e5 lage l\u00e5ter. Det er ogs\u00e5 et prosjekt som kan kle \u00e5 f\u00e5 ny drakt ved jevne mellomrom, og det \u00e5 f\u00e5 lov til \u00e5 ta Jazzorkester hatten p\u00e5 GURLS\/ta p\u00e5 Jazzorkesteret GURLS-hatten har v\u00e6rt utrolig stas og litt som en dr\u00f8m som kommer i oppfyllelse.\u00bb &#8211; Hanna Paulsberg<\/em><\/p>\n<p>V\u00e5ren 2021 var det premiere p\u00e5 Hanna Paulsbergs bestillingsverk for Trondheim Jazz Orchestra &amp; GURLS. Konsertene p\u00e5 Jazzfest i Trondheim, Mandaljazz, Moldejazz og Sildajazz vakte stor begeistring med en rekke helt nye l\u00e5ter for anledningen samt noen av GURLS\u2019 hitl\u00e5ter i ny drakt, og liveopptak fra disse konsertene har resultert i en liveplate som n\u00e5 er p\u00e5 trappene.<\/p>\n<p><\/p>","protected":false},"excerpt":{"rendered":"<p><strong>The return of GURLS! Oui!<\/strong><\/p>\n","protected":false},"featured_media":39894,"comment_status":"closed","ping_status":"closed","template":"","meta":[],"product_brand":[],"product_cat":[6],"product_tag":[],"class_list":{"0":"post-39893","1":"product","2":"type-product","3":"status-publish","4":"has-post-thumbnail","6":"product_cat-grappa","7":"product_shipping_class-cddvd-shipping","8":"uni_artist_tag-gurls","9":"uni_artist_tag-trondheim-jazz-orchestra","10":"uni_main_artist_tag-gurls","11":"uni_main_artist_tag-trondheim-jazz-orchestra","12":"uni_artist_genre-jazz","14":"first","15":"instock","16":"taxable","17":"shipping-taxable","18":"purchasable","19":"product-type-simple"},"_links":{"self":[{"href":"https:\/\/grappa.no\/no\/wp-json\/wp\/v2\/product\/39893","targetHints":{"allow":["GET"]}}],"collection":[{"href":"https:\/\/grappa.no\/no\/wp-json\/wp\/v2\/product"}],"about":[{"href":"https:\/\/grappa.no\/no\/wp-json\/wp\/v2\/types\/product"}],"replies":[{"embeddable":true,"href":"https:\/\/grappa.no\/no\/wp-json\/wp\/v2\/comments?post=39893"}],"wp:featuredmedia":[{"embeddable":true,"href":"https:\/\/grappa.no\/no\/wp-json\/wp\/v2\/media\/39894"}],"wp:attachment":[{"href":"https:\/\/grappa.no\/no\/wp-json\/wp\/v2\/media?parent=39893"}],"wp:term":[{"taxonomy":"product_brand","embeddable":true,"href":"https:\/\/grappa.no\/no\/wp-json\/wp\/v2\/product_brand?post=39893"},{"taxonomy":"product_cat","embeddable":true,"href":"https:\/\/grappa.no\/no\/wp-json\/wp\/v2\/product_cat?post=39893"},{"taxonomy":"product_tag","embeddable":true,"href":"https:\/\/grappa.no\/no\/wp-json\/wp\/v2\/product_tag?post=39893"}],"curies":[{"name":"wp","href":"https:\/\/api.w.org\/{rel}","templated":true}]}}