{"id":39882,"date":"2022-10-07T11:41:11","date_gmt":"2022-10-07T10:41:11","guid":{"rendered":"https:\/\/grappa.no\/?post_type=product&#038;p=39882"},"modified":"2022-10-07T11:53:04","modified_gmt":"2022-10-07T10:53:04","slug":"andsyning-2","status":"publish","type":"product","link":"https:\/\/grappa.no\/no\/albums\/heilo\/andsyning-2\/","title":{"rendered":"Andsyning"},"content":{"rendered":"<p><\/p>\n<div class=\"\">\n<p><span data-contrast=\"auto\">Helga Myhr er ein ettertrakta hardingfelespelar og songar. Ho har medverka i fleire<\/span><span data-ccp-props=\"{}\">\u00a0<\/span><span data-contrast=\"auto\">samansetningar og innanfor mange ulike sjangrar. Gjennom dette verket, som originalt vart skrive til Osafestivalen 2020, kombinerar ho si forankring i tradisjonsmusikken fr\u00e5 Hallingdal med sitt s\u00e6rprega utforskande uttrykk. P\u00e5 denne utgjevinga m\u00f8tes musikk og visuell kunst i ein praktfull vinyl, utforma av den prisbel\u00f8nte kunstnaren Solveig L\u00f8nseth.<\/span><span data-ccp-props=\"{}\">\u00a0<\/span><\/p>\n<\/div>\n<p><!--more--><\/p>\n<p><span data-contrast=\"auto\">Helga Myhr har gjennom heile oppveksten hatt folkemusikken med seg. I dag ligg spesielt sl\u00e5ttespelet hennar hjarte n\u00e6rt. Sl\u00e5ttespelet ber preg av mange \u00ablag\u00bb best\u00e5ande av til d\u00f8mes str\u00f8k, melodi, rytme, ornament og tonalitet, som ein kan variere over og som stadig nye generasjonar har foredla: <\/span><i><span data-contrast=\"auto\">\u00abSl\u00e5ttespelet inneheld uendelege moglegheiter, og det er desse moglegheitene eg har latt meg inspirere av n\u00e5r den nye musikken skulle skapast. For den som kjenner sl\u00e5ttemusikken godt, kan ein kanskje h\u00f8yre kva for l\u00e5ttar eller \u00ablag\u00bb eg har nytta, medan andre gonger er dette meir subtilt.\u00bb<\/span><\/i><span data-contrast=\"auto\"> &#8211; Helga Myhr<\/span><span data-ccp-props=\"{}\">\u00a0<\/span><\/p>\n<p><span data-ccp-props=\"{}\">\u00a0<\/span><span data-contrast=\"auto\">I tillegg inneheld tre av l\u00e5tane dikt av Margit Lappegard (1918-2011) fr\u00e5 Leveld i \u00c5l i<\/span><span data-ccp-props=\"{}\">\u00a0<\/span><span data-contrast=\"auto\">Hallingdal. Lappegard var ein folkekj\u00e6r diktar som fekk stor merksemd for diktsamlinga \u00abNoko vil alltid lysa\u00bb (fyrste gong utgitt i 1988).<\/span><span data-ccp-props=\"{}\">\u00a0<\/span><\/p>\n<p><span data-contrast=\"auto\">Ordet Andsyning kan ein finne i boka \u00abOrd, uttrykk og inntrykk fr\u00e5 Hallingdal og Valdres\u00bb (Boksmia, 2002). Denne boka inneheld Ivar Aasen sine samlingar fr\u00e5 reiser til Hallingdal og Valdres fr\u00e5 1845 og framover. Ordet er samansett av \u00aband\u00bb, som betyr i mot eller motsatt, og \u00absyning\u00bb som kan bety horisont, \u00e5 vise fram eller forekomst av noko som viser seg. Alts\u00e5 <\/span><span data-contrast=\"auto\">\u00e5 sj\u00e5 eller vise noko fr\u00e5 motsatt horisont.<\/span><span data-ccp-props=\"{}\">\u00a0<\/span><\/p>\n<p><span data-contrast=\"auto\">Musikken er direkte skrive for dei einest\u00e5ande musikarane som bidreg p\u00e5 plata. Dei har i stor grad, med sine s\u00e6rprega musikalske og kreative eigenskapar, satt sitt preg p\u00e5 korleis musikken h\u00f8yres ut: <\/span><i><span data-contrast=\"auto\">\u00abMalin Alander har ei stor stemme som ho kan forme og strekke fantastisk langt, Adrian Myhr har ein varm bassklang, med sine vakre og snirklete melodiliner, Michaela Antalov\u00e1 har ein nydeleg groove til sl\u00e5ttespelet, og bidreg med lekre toner p\u00e5 seljefl\u00f8yta, multiinstrumentalist Rasmus Kjorstad tilf\u00f8rer viktige klangvariasjonar og smakfulle bidrag p\u00e5 langeleik, fele, oktavfele og munnharpe.\u00bb &#8211; Helga Myhr<\/span><\/i><span data-ccp-props=\"{}\">\u00a0<\/span><\/p>\n<p><span data-contrast=\"auto\">Musikken er omslutta av eit nydeleg og spesielt kunstverk av Solveig L\u00f8nseth. LP-en og omslaget er direkte prega av hennar oppleving av Andsyning, og er eit resultat av L\u00f8nseth si einest\u00e5ande evne til \u00e5 skape noko som gir oss ei oppleving av \u00e5 vera til stade her og no. Dette skriv blant anna L\u00f8nseth om musikken:<\/span><span data-ccp-props=\"{}\">\u00a0<\/span><\/p>\n<p><i><span data-contrast=\"auto\">\u00abD\u00e5 eg lytta til Andsyning for fyrste gong, fortona lydane seg med ein gong som visualiserte erindringar for meg. Det var som eg kunne sj\u00e5 musikken. Ei syning rett og slett &#8211; veldig og skulpturell med fleire lag av liv. Musikken tok meg ut til ein t\u00f8mmerstokk p\u00e5 duvande hav. Delt horisontalt mellom to verdar; den eine lengda i si endelause kl\u00e5rheit av luft og ljos. Den andre motsatsen i kompakt blaute &#8211; vendt nedover mot mytisk m\u00f8rke og djup gradient. Trass i den horisontale inndelinga, m\u00e5 eigenr\u00e5da i virke bryte av for b\u00f8lga, og man\u00f8vrere i \u00e6va kring si eiga kjerne. Slik blir ei mekling framf\u00f8rt mellom motsatsar av sanningane v\u00e5re \u2013 opp og ned, att og fram, hit og dit, f\u00f8r og no.\u00bb &#8211; Solveig L\u00f8nseth<\/span><\/i><span data-ccp-props=\"{}\">\u00a0<\/span><\/p>\n<p><span data-contrast=\"auto\">Helga Myhr sitt soloalbum \u00abNatten veller seg ut\u00bb, vart slept hausten 2019 p\u00e5 Motvind Records, og mottok nominasjon til Spellemannprisen. Myhr spelar i fleire i grupper og ensemble blant anna i bandet Morgonrode som mottok Spellemannprisen i 2019. I tillegg er ho fast medlem i Kvedarkvintetten, Dei kjenslevare og i duo saman med Tanja Orning.<\/span><span data-ccp-props=\"{}\">\u00a0<\/span><\/p>\n<p><\/p>","protected":false},"excerpt":{"rendered":"<p><span class=\"NormalTextRun SCXW73969 BCX0\">Gjennom dette verket<\/span><span class=\"NormalTextRun SCXW73969 BCX0\">\u00a0<\/span><span class=\"SpellingError SCXW73969 BCX0\">kombinerar<\/span><span class=\"NormalTextRun SCXW73969 BCX0\"> ho si forankring i tradisjonsmusikken fr\u00e5 Hallingdal med sitt s\u00e6rprega utforskande uttrykk. <\/span><\/p>\n","protected":false},"featured_media":39874,"comment_status":"closed","ping_status":"closed","template":"","meta":[],"product_brand":[],"product_cat":[35],"product_tag":[],"class_list":{"0":"post-39882","1":"product","2":"type-product","3":"status-publish","4":"has-post-thumbnail","6":"product_cat-heilo","7":"product_shipping_class-vinyl-shipping","8":"uni_main_artist_tag-helga-myhr","10":"first","11":"instock","12":"taxable","13":"shipping-taxable","14":"purchasable","15":"product-type-simple"},"_links":{"self":[{"href":"https:\/\/grappa.no\/no\/wp-json\/wp\/v2\/product\/39882","targetHints":{"allow":["GET"]}}],"collection":[{"href":"https:\/\/grappa.no\/no\/wp-json\/wp\/v2\/product"}],"about":[{"href":"https:\/\/grappa.no\/no\/wp-json\/wp\/v2\/types\/product"}],"replies":[{"embeddable":true,"href":"https:\/\/grappa.no\/no\/wp-json\/wp\/v2\/comments?post=39882"}],"wp:featuredmedia":[{"embeddable":true,"href":"https:\/\/grappa.no\/no\/wp-json\/wp\/v2\/media\/39874"}],"wp:attachment":[{"href":"https:\/\/grappa.no\/no\/wp-json\/wp\/v2\/media?parent=39882"}],"wp:term":[{"taxonomy":"product_brand","embeddable":true,"href":"https:\/\/grappa.no\/no\/wp-json\/wp\/v2\/product_brand?post=39882"},{"taxonomy":"product_cat","embeddable":true,"href":"https:\/\/grappa.no\/no\/wp-json\/wp\/v2\/product_cat?post=39882"},{"taxonomy":"product_tag","embeddable":true,"href":"https:\/\/grappa.no\/no\/wp-json\/wp\/v2\/product_tag?post=39882"}],"curies":[{"name":"wp","href":"https:\/\/api.w.org\/{rel}","templated":true}]}}