{"id":39870,"date":"2022-10-21T10:52:46","date_gmt":"2022-10-21T09:52:46","guid":{"rendered":"https:\/\/grappa.no\/?post_type=product&#038;p=39870"},"modified":"2023-05-15T09:44:47","modified_gmt":"2023-05-15T08:44:47","slug":"the-lapse-of-time","status":"publish","type":"product","link":"https:\/\/grappa.no\/no\/albums\/simax-classics\/the-lapse-of-time\/","title":{"rendered":"The Lapse of Time"},"content":{"rendered":"<p><\/p>\n<div class=\"\">\n<p><b><i><span data-contrast=\"auto\">The Lapse of Time<\/span><\/i><\/b><b><span data-contrast=\"auto\"> er et helaftens oratorium basert p\u00e5 sl\u00e5ende poetiske utdrag fra Darwins revolusjonerende bok om artenes opprinnelse av komponisten Bj\u00f8rn Morten Christophersen.<\/span><\/b><strong>\u00a0Verket er en hyllest til livets utvikling p\u00e5 jorden og er ment som et musikalsk m\u00f8tepunkt mellom naturvitenskap, religion og kunst.\u00a0<\/strong><\/p>\n<p><span data-ccp-props=\"{}\">\u00a0<\/span><\/p>\n<\/div>\n<p><!--more--><\/p>\n<p><span data-contrast=\"auto\">At det kan l\u00f8pe en \u00e5re av poesi gjennom en naturvitenskapelig avhandling h\u00f8res merkelig ut. Men det er faktisk tilfellet med Darwins ikoniske bok, som uten tvil er en av de mest banebrytende vitenskapelige arbeider som er skrevet. Boka er h\u00f8yst leseverdig for enhver lekmann. Det samme kan man ikke si om Einsteins relativitetsteori eller alle artiklene som flommer ut fra universitetene i dag. Komponist Christophersen har satt musikk til utdrag fra <\/span><i><span data-contrast=\"auto\">Artenes opprinnelse<\/span><\/i><span data-contrast=\"auto\"> etter m\u00f8ysommelig \u00e5 ha tilpasset teksten for sang. Likevel er det kun Darwins egne ord vi h\u00f8rer i verket.<\/span><span data-ccp-props=\"{}\">\u00a0<\/span><\/p>\n<p><i><span data-contrast=\"auto\">The Lapse of Time <\/span><\/i><span data-contrast=\"auto\">er et stort anlagt musikalsk drama der to solister, kor og orkester beveger seg i langstrakte b\u00f8lger mellom det knapt h\u00f8rlige og storsl\u00e5tte h\u00f8ydepunkt. Verket er fullt av liv: Det kravler og kryper i orkesteret mens sangerne b\u00e6rer fram en forbl\u00f8ffende poetisk tekst tatt i betraktning av hvor den er hentet fra. Her er alvor, lek, drama og humor vevet sammen i en stor organisk enhet. Musikken har ogs\u00e5 en sakral farge, blant annet med rik bruk av kirkeorgelet og messende tekstledd. Med dette h\u00e5per Christophersen \u00e5 skape en arena for felles undring og begeistring mellom naturvitenskap og religion.<\/span><span data-ccp-props=\"{}\">\u00a0<\/span><\/p>\n<p><span data-contrast=\"auto\">Livets fantastiske rikdom og kompleksitet har blitt til gjennom et tidsspenn hinsides v\u00e5rt eget. Dette var en helt ny erkjennelse p\u00e5 Darwins tid, men som m\u00f8tte sterk motstand, s\u00e6rlig fra kirken. Og fremdeles er det kontroversielt i mange kretser. Vi kan jo ikke s\u00e5 lett ta inn over oss milliarder av \u00e5r. S\u00e5 hvordan kan vi oppleve at<\/span><span data-contrast=\"auto\"> \u00f8rsm\u00e5 endringer fra en generasjon til neste<\/span><span data-contrast=\"auto\"> resulterer i et slikt mangfold? Jo, kanskje gjennom musikk? For den kunstart som s\u00e6rlig er egnet for \u00e5 oppleve tid p\u00e5 forskjellige m\u00e5ter er jo nettopp musikken. I verket f\u00e5r orkester og kor blant annet g\u00e5 i dialog med sin egen fortid, det vil si med deler av verket vi allerede har h\u00f8rt.<\/span><span data-ccp-props=\"{}\">\u00a0<\/span><\/p>\n<p><i><span data-contrast=\"auto\">The Lapse of Time<\/span><\/i><span data-contrast=\"auto\"> ble urframf\u00f8rt i Kristiansund og \u00c5lesund i 2013. Men denne innspillingen, ble gjort i februar 2022 av <\/span><b><span data-contrast=\"auto\">Ditte Marie Br\u00e6in <\/span><\/b><span data-contrast=\"auto\">(sopran solo), <\/span><b><span data-contrast=\"auto\">Frank Havr\u00f8y <\/span><\/b><span data-contrast=\"auto\">(baryton solo), <\/span><b><span data-contrast=\"auto\">Inger-Lise Ulsrud<\/span><\/b><span data-contrast=\"auto\"> (orgel), <\/span><b><span data-contrast=\"auto\">Ensemble 96<\/span><\/b><span data-contrast=\"auto\"> (kor), <\/span><b><span data-contrast=\"auto\">Telemark kammerorkester<\/span><\/b><span data-contrast=\"auto\"> og dirigentene <\/span><b><span data-contrast=\"auto\">Nina T. Karlsen<\/span><\/b><span data-contrast=\"auto\"> og <\/span><b><span data-contrast=\"auto\">Per Kristian Skalstad<\/span><\/b><span data-contrast=\"auto\"> i Frogner kirke. Dette skjedde i forbindelse med Darwin Day ved Universitetet i Oslo mens den voldsomste omikron-b\u00f8lgen feide gjennom Norge og gjorde forberedelsene ekstra krevende. Til gjengjeld ble det en sv\u00e6rt etterlengtet og storslagen konsertopplevelse for Oslo-publikummet.<\/span><span data-ccp-props=\"{}\">\u00a0<\/span><\/p>\n<p><span data-ccp-props=\"{}\"><strong>B.<\/strong> <\/span><b><span data-contrast=\"auto\">Morten Christophersen<\/span><\/b><span data-contrast=\"auto\"> (1976-) er komponist, arrang\u00f8r og f\u00f8rstelektor ved Institutt for musikkvitenskap, Universitetet i Oslo. Han har skrevet orkester-, kammer-, solo-, kor, film- og scenemusikk. Blant annet har han skrevet for Oslo-Filharmonien, Bergen filharmoniske orkester, Kristiansand symfoniorkester, Marinemusikken og Den norske opera og ballett, Schola Cantorum, Ensemble 96, \u00c5lesund kammermusikkfestival og NRK Drama. Verkene hans er gitt ut p\u00e5 flere plater og framf\u00f8rt blant annet i Norden, Tyskland, USA og Taiwan.<br \/>\n<\/span><span data-contrast=\"auto\">Christophersen har undervist i arrangering, komposisjon, orkestrering, kontrapunkt og harmonil\u00e6re ved UiO og flere andre l\u00e6resteder siden 2003. I 2016 tok han PhD-graden med en avhandling om Johan Svendsens skisser og komposisjons\u00f8velser.<\/span><span data-ccp-props=\"{}\">\u00a0<\/span><\/p>\n<p><\/p>","protected":false},"excerpt":{"rendered":"<p>Storslagent oratorium over Darwins &#8216;On the Origin of Species&#8217;<\/p>\n","protected":false},"featured_media":39872,"comment_status":"closed","ping_status":"closed","template":"","meta":[],"product_brand":[],"product_cat":[180],"product_tag":[],"class_list":{"0":"post-39870","1":"product","2":"type-product","3":"status-publish","4":"has-post-thumbnail","6":"product_cat-simax-classics","7":"product_shipping_class-cddvd-shipping","8":"uni_artist_tag-bjorn-morten-christophersen","9":"uni_artist_tag-ditte-marie-braein","10":"uni_artist_tag-ensemble-96","11":"uni_artist_tag-frank-havroy","12":"uni_artist_tag-inger-lise-ulsrud","13":"uni_artist_tag-nina-t-karlsen","14":"uni_artist_tag-per-kristian-skalstad","15":"uni_artist_tag-telemark-kammerorkester","16":"uni_main_artist_tag-bjorn-morten-christophersen","18":"first","19":"outofstock","20":"taxable","21":"shipping-taxable","22":"purchasable","23":"product-type-simple"},"_links":{"self":[{"href":"https:\/\/grappa.no\/no\/wp-json\/wp\/v2\/product\/39870","targetHints":{"allow":["GET"]}}],"collection":[{"href":"https:\/\/grappa.no\/no\/wp-json\/wp\/v2\/product"}],"about":[{"href":"https:\/\/grappa.no\/no\/wp-json\/wp\/v2\/types\/product"}],"replies":[{"embeddable":true,"href":"https:\/\/grappa.no\/no\/wp-json\/wp\/v2\/comments?post=39870"}],"wp:featuredmedia":[{"embeddable":true,"href":"https:\/\/grappa.no\/no\/wp-json\/wp\/v2\/media\/39872"}],"wp:attachment":[{"href":"https:\/\/grappa.no\/no\/wp-json\/wp\/v2\/media?parent=39870"}],"wp:term":[{"taxonomy":"product_brand","embeddable":true,"href":"https:\/\/grappa.no\/no\/wp-json\/wp\/v2\/product_brand?post=39870"},{"taxonomy":"product_cat","embeddable":true,"href":"https:\/\/grappa.no\/no\/wp-json\/wp\/v2\/product_cat?post=39870"},{"taxonomy":"product_tag","embeddable":true,"href":"https:\/\/grappa.no\/no\/wp-json\/wp\/v2\/product_tag?post=39870"}],"curies":[{"name":"wp","href":"https:\/\/api.w.org\/{rel}","templated":true}]}}