{"id":39862,"date":"2022-09-30T07:00:05","date_gmt":"2022-09-30T06:00:05","guid":{"rendered":"https:\/\/grappa.no\/?post_type=product&#038;p=39862"},"modified":"2022-09-21T13:58:15","modified_gmt":"2022-09-21T12:58:15","slug":"fete-slatta","status":"publish","type":"product","link":"https:\/\/grappa.no\/no\/albums\/heilo\/fete-slatta\/","title":{"rendered":"Fete sl\u00e5tta"},"content":{"rendered":"<p><\/p>\n<div class=\"\">\n<p><i><span data-contrast=\"none\">\u00abEn av utfordringene som engasjerer meg mest er \u00e5 bidra til at uttrykk fra samtiden kan v\u00e6re en naturlig del av en levende sl\u00e5ttespilltradisjon.\u00bb &#8211; Erlend Viken\u00a0<\/span><\/i><span data-ccp-props=\"{}\">\u00a0<\/span><\/p>\n<p><span data-contrast=\"none\">Med hardingfele, el-gitar og kontrabass presenterer Erlend Viken Trio folkemusikk med et lydbilde f\u00e5 har h\u00f8rt tidligere; basert p\u00e5 norsk tradisjonsmusikk, og med inspirasjon fra improvisasjonsmusikk, \u00f8rkenblues og rock. Trioen har spilt konserter i store deler av Europa, og gjennom sine energiske liveopptredener har de skaffet seg mange fans p\u00e5 tvers av sjangergrensene.\u00a0<\/span><span data-ccp-props=\"{}\">\u00a0<\/span><\/p>\n<\/div>\n<p><!--more--><\/p>\n<p><span data-contrast=\"none\">\u00ab\u00c5rets mest spennende folkemusikkpl<\/span><span data-contrast=\"none\">ate!\u00bb var lyden av en samlet presse etter debutplata \u00a8Frie T\u00f8yler\u00a8 i 2014, og Adresseavisen skrev: \u00a8Dette er musikk som treffer deg uansett om du er tilhenger av folkemusikk, rock eller blues\u00a8. P\u00e5 debutalbumet satte Erlend Viken Trio seg fore \u00e5 gj\u00f8re tradisjonsmusikken mer tilgjengelig for et st\u00f8rre publikum, med hardtsl\u00e5ende, nykomponerte l\u00e5ter i en leken tiln\u00e6rming.\u00a0<\/span><span data-ccp-props=\"{}\">\u00a0<\/span><\/p>\n<p><span data-contrast=\"none\">Uten \u00e5 vike fra uttrykket eller m\u00e5let, kommer de n\u00e5 med en hyllest til tradisjonell sl\u00e5ttemusikk som Erlend har fra sine l\u00e6remestre, musikerkollegaer og arkivopptak. Men det er p\u00e5 ingen m\u00e5te et tradisjonelt lydbilde denne trioen s\u00f8ker. Musikernes sjangerbredde, lekenhet og utforskningstrang gj\u00f8r at sl\u00e5ttene blir tatt med p\u00e5 reiser de ikke har v\u00e6rt med p\u00e5 f\u00f8r. Folkemusikken ligger n\u00e6rt og integrert i uttrykket. Sl\u00e5ttenes formspr\u00e5k, tonalitet og rytmiske elementer rendyrkes og utforskes. Utfra dette skapes den unike bandsounden, hvor trioen fortsetter sin utforskning av m\u00f8tet mellom det faste melodimaterialet og frie rom i musikken. Produsent Olav Torget har bred erfaring fra ulike sjangre, og har v\u00e6rt delaktig i arrangering og utforming av musikken. P\u00e5 flere av sporene bidrar han ogs\u00e5 som musiker, med det afrikanske instrumentet konting (n\u2019goni).<\/span><span data-ccp-props=\"{}\">\u00a0<\/span><\/p>\n<p><i><span data-contrast=\"none\">\u00a8Noe av det jeg liker best med tradisjonsmusikk er at den er sterkt knyttet til sosialt lag og dans. <\/span><\/i><i><span data-contrast=\"none\">I folkemusikkmilj\u00f8er er det kultur for \u00e5 m\u00f8tes \u00e5 spille, synge og danse, uten \u00e5 ha planlagt noe av musikken p\u00e5 forh\u00e5nd. Det er en m\u00e5te \u00e5 henge ut p\u00e5.Noen av mine sterkeste musikalske minner er uformelle m\u00f8ter mellom profesjonelle og amat\u00f8rer, folk fra forskjellige sjangre og med instrumentsammensetninger som sjelden- eller aldri er \u00e5 h\u00f8re p\u00e5 en konsertscene\u00a8. \u2013 Erlend Viken<\/span><\/i><span data-ccp-props=\"{}\">\u00a0<\/span><\/p>\n<p><span data-contrast=\"none\">Den nye plata gikk lenge under arbeidstittelen \u00abGammelt r\u00e6l\u00bb, som av \u00e5penbare grunner ble forkastet. Men i visse kretser er \u00abgammelt r\u00e6l\u00bb n\u00e6rt beslektet med kj\u00e6rlighet. I hvert fall i Erlend Vikens verden. Til tross for &#8211; eller kanskje helst p\u00e5 bakgrunn av &#8211; sin utforskningstrang, er Erlend ogs\u00e5 i st\u00f8rste grad en klassisk folkemusikknerd. Han har gravd i arkivene, finstudert buestr\u00f8k, tradisjonsomr\u00e5der og tonalitet, og ikke minst drukket kaffe og l\u00e6rt av l\u00e6remestre som H\u00e5kon H\u00f8gemo (Vestlandet) og Tore Bolstad (Valdres). Sl\u00e5ttene p\u00e5 vanlig fele er Oppdalssl\u00e5tter som han har l\u00e6rt fra sin far.<\/span><span data-ccp-props=\"{}\">\u00a0<\/span><\/p>\n<p><b><span data-contrast=\"none\">BIO<\/span><\/b><span data-ccp-props=\"{}\">\u00a0<\/span><\/p>\n<p><span data-contrast=\"none\">Erlend Viken Trio har tidligere gitt ut albumene \u00abFrie t\u00f8yler\u00bb (2014) og \u00abNykomlingen\u00bb (2017). <\/span><span data-contrast=\"none\">For <\/span><span data-contrast=\"none\">debutplata \u00a8Frie T\u00f8yler\u00a8 mottok de Folkelarmprisen i 2014.\u00a0 <\/span><span data-contrast=\"none\">Dagens medlemmer best\u00e5r av ettertraktede musikere som har gjort seg bemerket p\u00e5 mange musikalske arenaer.\u00a0<\/span><span data-ccp-props=\"{}\">\u00a0<\/span><\/p>\n<p><b><span data-contrast=\"none\">Erlend Viken<\/span><\/b><span data-contrast=\"none\"> har spilt med artister som Odd Nordstoga, Bigbang, Susanne Sundf\u00f8r, Intebj\u00f8rg Bratland, Erlend Ropstad, Mathias Eick Quintet, OnklP &amp; De fjerne slektningene, og Majorstuen. Med Earlybird Stringband har han v\u00e6rt nominert til to Spellemannpriser, Erlend vant intro-folk 2012 som soloartist, og er A-klassespellmann p\u00e5 b\u00e5de vanlig fele og hardingfele, og i 2016 vant han fele klasse A p\u00e5 landskappleiken. Erlend har komponert bestillingsverk til flere store norske festivaler, senest verket Djupet til Ultima i 2020.<\/span><span data-ccp-props=\"{&quot;201341983&quot;:0,&quot;335559738&quot;:160,&quot;335559740&quot;:240}\">\u00a0<\/span><\/p>\n<p><b><span data-contrast=\"none\">Marius Graff<\/span><\/b><span data-contrast=\"none\"> er en ettertraktet gitarist og multi-strengeinstrumentalist som opererer bredt innen sjangre som pop- vise- og folkemusikk. Han er vokalist, gitarist og komponist i kammerpop-ensemblet TeleGram. Han har jobbet med en rekke av landets fremste artister, for eksempel gjennom langvarige samarbeid med Marit Larsen og Lillebj\u00f8rn Nilsen.<\/span><span data-ccp-props=\"{}\">\u00a0<\/span><\/p>\n<p><b><span data-contrast=\"none\">Sondre Meisfjord<\/span><\/b><span data-contrast=\"none\"> har gjort seg bemerket i band som Come Shine, Gjermund Larsen Trio, Hekla St\u00e5lstrenga, Urban Tunells Klezmerband og Trondheim Jazzorkester (med Pat Metheny). Han har jobbet og spilt inn plate med artister som Kari Bremnes, Odd Nordstoga, Aasmund Nordstoga, Anders R\u00f8ine, Bruvoll\/Halvorsen, Sissel Kyrkjeb\u00f8, Kreg Viesselman m.fl.<\/span><br \/>\n<span data-ccp-props=\"{}\">\u00a0<\/span><\/p>\n<p><\/p>","protected":false},"excerpt":{"rendered":"<p><span class=\"NormalTextRun SCXW64757574 BCX0\" data-ccp-parastyle=\"Body Text\">Etter fire \u00e5rs dvale er Erlend Viken Trio tilbake, med <\/span><span class=\"NormalTextRun SCXW64757574 BCX0\" data-ccp-parastyle=\"Body Text\">en hyllest til tradisjonell sl\u00e5ttemusikk<\/span>\u00a0<\/p>\n","protected":false},"featured_media":39863,"comment_status":"closed","ping_status":"closed","template":"","meta":[],"product_brand":[],"product_cat":[35],"product_tag":[],"class_list":{"0":"post-39862","1":"product","2":"type-product","3":"status-publish","4":"has-post-thumbnail","6":"product_cat-heilo","7":"product_shipping_class-cddvd-shipping","8":"uni_artist_tag-erlend-viken","9":"uni_artist_tag-marius-graff","10":"uni_artist_tag-sondre-meisfjord","11":"uni_main_artist_tag-erlend-viken-trio","12":"uni_artist_genre-folkemusikk","13":"uni_artist_genre-tradisjonsmusikk","15":"first","16":"instock","17":"taxable","18":"shipping-taxable","19":"purchasable","20":"product-type-simple"},"_links":{"self":[{"href":"https:\/\/grappa.no\/no\/wp-json\/wp\/v2\/product\/39862","targetHints":{"allow":["GET"]}}],"collection":[{"href":"https:\/\/grappa.no\/no\/wp-json\/wp\/v2\/product"}],"about":[{"href":"https:\/\/grappa.no\/no\/wp-json\/wp\/v2\/types\/product"}],"replies":[{"embeddable":true,"href":"https:\/\/grappa.no\/no\/wp-json\/wp\/v2\/comments?post=39862"}],"wp:featuredmedia":[{"embeddable":true,"href":"https:\/\/grappa.no\/no\/wp-json\/wp\/v2\/media\/39863"}],"wp:attachment":[{"href":"https:\/\/grappa.no\/no\/wp-json\/wp\/v2\/media?parent=39862"}],"wp:term":[{"taxonomy":"product_brand","embeddable":true,"href":"https:\/\/grappa.no\/no\/wp-json\/wp\/v2\/product_brand?post=39862"},{"taxonomy":"product_cat","embeddable":true,"href":"https:\/\/grappa.no\/no\/wp-json\/wp\/v2\/product_cat?post=39862"},{"taxonomy":"product_tag","embeddable":true,"href":"https:\/\/grappa.no\/no\/wp-json\/wp\/v2\/product_tag?post=39862"}],"curies":[{"name":"wp","href":"https:\/\/api.w.org\/{rel}","templated":true}]}}