{"id":39852,"date":"2022-09-16T10:05:14","date_gmt":"2022-09-16T09:05:14","guid":{"rendered":"https:\/\/grappa.no\/?post_type=product&#038;p=39852"},"modified":"2022-09-16T11:05:17","modified_gmt":"2022-09-16T10:05:17","slug":"for-sola-skin-pa-tak","status":"publish","type":"product","link":"https:\/\/grappa.no\/no\/albums\/heilo\/for-sola-skin-pa-tak\/","title":{"rendered":"F\u00f6r sola skin&#8217; p\u00e5 tak"},"content":{"rendered":"<p><\/p>\n<div class=\"\">\n<p><span class=\"TextRun SCXW26112041 BCX0\" lang=\"NB-NO\" xml:lang=\"NB-NO\" data-contrast=\"none\"><span class=\"NormalTextRun SCXW26112041 BCX0\">Eriksson\/Myhr\/Malmstr\u00f6m <\/span><span class=\"NormalTextRun SCXW26112041 BCX0\">er <\/span><span class=\"NormalTextRun SCXW26112041 BCX0\">en nystartet svensk\/norsk<\/span><\/span> <span class=\"TextRun SCXW26112041 BCX0\" lang=\"NB-NO\" xml:lang=\"NB-NO\" data-contrast=\"none\"><span class=\"NormalTextRun SCXW26112041 BCX0\">trio som spiller nykomponert<\/span> <span class=\"NormalTextRun SCXW26112041 BCX0\">folkemusikk p\u00e5 gitar, hardingfele og klarinett\/bassklarinett.<\/span> <span class=\"NormalTextRun SCXW26112041 BCX0\">Med innslag av improvisasjon og stemmef\u00f8ring basert p\u00e5 teknikker l\u00e5nt fra kontrapunkt har trioen funnet frem til et spennende musikalsk uttrykk.<\/span><span class=\"NormalTextRun SCXW26112041 BCX0\"> I september slipper <\/span><span class=\"NormalTextRun SCXW26112041 BCX0\">de <\/span><span class=\"NormalTextRun SCXW26112041 BCX0\">debut<\/span><span class=\"NormalTextRun SCXW26112041 BCX0\">albumet <\/span><\/span><span class=\"TextRun SCXW26112041 BCX0\" lang=\"NB-NO\" xml:lang=\"NB-NO\" data-contrast=\"none\"><span class=\"SpellingError SCXW26112041 BCX0\">F\u00f6r<\/span><span class=\"NormalTextRun SCXW26112041 BCX0\"> sola <\/span><span class=\"SpellingError SCXW26112041 BCX0\">skin<\/span><span class=\"NormalTextRun SCXW26112041 BCX0\">\u2019 p\u00e5 tak<\/span> <\/span><span class=\"TextRun SCXW26112041 BCX0\" lang=\"NB-NO\" xml:lang=\"NB-NO\" data-contrast=\"none\"><span class=\"NormalTextRun SCXW26112041 BCX0\">best\u00e5ende av 9 nydelige komposisjoner signert Thomas Eriksson.<\/span><\/span><span class=\"EOP SCXW26112041 BCX0\" data-ccp-props=\"{&quot;201341983&quot;:0,&quot;335559740&quot;:240}\">\u00a0<\/span><\/p>\n<\/div>\n<p><!--more--><\/p>\n<p><span data-contrast=\"none\">Thomas Eriksson har lenge spilt p\u00e5 den svenske og norske folkemusikkscenen i mange ulike prosjekter, men er n\u00e5 endelig \u00e5 se med eget band. Med dette prosjektet \u00f8nsker han \u00e5 l\u00f8fte frem gitaren som melodiinstrument og gi rom til klanger og fri improvisasjon. <\/span><span data-contrast=\"none\">Gitarens melodiske og stemmef\u00f8rende rolle tilf\u00f8rer folkemusikken en ny nyanse <\/span><span data-contrast=\"none\">der hardingfela og klarinetten g\u00e5r utenfor sine roller som melodiinstrument og bidrar med improviserte lydbilder og kontrapunktiske akkompagnement.<\/span><span data-contrast=\"none\"> Thomas forteller:<\/span><span data-ccp-props=\"{&quot;201341983&quot;:0,&quot;335559740&quot;:240}\">\u00a0<\/span><\/p>\n<p><span data-contrast=\"none\">\u00ab<\/span><i><span data-contrast=\"none\">Jeg s\u00e5 etter en instrumentering der vanlige melodiinstrumenter ogs\u00e5 kunne tilf\u00f8re et spennende akkompagnement n\u00e5r gitaren f\u00f8rer melodien. N\u00e5r jeg h\u00f8rte Helga Myhrs soloplate som inneholder mye improvisasjon og klanger, inns\u00e5 jeg at det var akkurat det jeg leitet etter. Jeg har alltid likt klangen av hardingfele og bass-klarinett sammen, og \u00f8nsket \u00e5 kunne skrive et trestemmig arrangement med tilgang til en god bass. Da var det et selvf\u00f8lgelig valg \u00e5 sp\u00f8rre Anna Malmstr\u00f6m<\/span><\/i><span data-contrast=\"none\">.\u00bb<\/span><span data-ccp-props=\"{&quot;201341983&quot;:0,&quot;335559740&quot;:276}\">\u00a0<\/span><\/p>\n<p><b><span data-contrast=\"none\">Thomas Eriksson<\/span><\/b><span data-contrast=\"none\"> er en gitarist og komponist som hovedsakelig jobber med nordisk folkemusikk. Etter han tok eksamen p\u00e5 H\u00f6gskolan f\u00f6r Musik och Drama i G\u00f6teborg 2016, har han jobbet som teatermusiker i 11 oppsetninger p\u00e5 det anerkjente V\u00e4sten\u00e5 Teater og frilanser med prosjekter som blant annet Eriksson\/Myhr\/Malmtsr\u00f6m, GKN5 og teaterforestillingen \u00abKven var Odin\u00bb, som han ogs\u00e5 har komponert musikken til.\u00a0<\/span><span data-ccp-props=\"{&quot;201341983&quot;:0,&quot;335559740&quot;:276}\">\u00a0<\/span><\/p>\n<p><span data-contrast=\"none\">Klarinettisten <\/span><b><span data-contrast=\"none\">Anna Malmstr\u00f6m<\/span><\/b><span data-contrast=\"none\"> er en folkemusiker sprunget ut fra den urbane folk- og verdensmusikkscenen i Sverige. Med den nordiske folkemusikken n\u00e6rt hjertet omfavner hun b\u00e5de \u00d8st-Europeiske melodier, jazzy soloer som poetiske taksim-improvisasjoner med inspirasjon fra ottomansk musikkultur. Med Annas store nysgjerrighet og rike klangfarger finner hun stadig nye uttrykksm\u00e5ter. Siden 2014 har hun turnert med band som Sallyswag, GKN5, V\u00e4rldens Band, Ale M\u00f6llers Zenomania, Erik Dahl Ensemble for \u00e5 nevne noen.\u00a0<\/span><span data-ccp-props=\"{&quot;201341983&quot;:0,&quot;335559740&quot;:276}\">\u00a0<\/span><\/p>\n<p><span data-contrast=\"none\">Hardingfelespiller og sanger <\/span><b><span data-contrast=\"none\">Helga Myhr<\/span><\/b><span data-contrast=\"none\"> debuterte som solout\u00f8ver med albumet \u00abNatten veller seg ut\u00bb (Motvind Records, 2019). Musikken viser utforskende og frie tolkninger av folkemusikken fra Hallingdal, og mottok nominasjon til Spellemannprisen. Myhr medvirker ogs\u00e5 p\u00e5 en rekke andre prosjekt og er i tillegg fast medlem i grupper som Kvedarkvintetten, Morgonrode, improduo sammen med Tanja Orning og Dei kjenslevare. I 2020 komponerte hun tingingsverket Andsyning til Osafestivalen.<\/span><span data-ccp-props=\"{&quot;201341983&quot;:0,&quot;335559740&quot;:276}\">\u00a0<\/span><\/p>\n<p><i><span data-contrast=\"none\">\u201cNy svensk-norsk supertrio! Uts\u00f6kt, modern folkmusik som vi vill h\u00f6ra mer av.\u201d<\/span><\/i><span data-contrast=\"none\">\u202f &#8211; Lira Musikmagasin.\u00a0<\/span><span data-ccp-props=\"{&quot;134233117&quot;:true,&quot;134233118&quot;:true,&quot;201341983&quot;:0,&quot;335559738&quot;:300,&quot;335559739&quot;:300,&quot;335559740&quot;:240}\">\u00a0<\/span><\/p>\n<p>&nbsp;<\/p>\n<p><\/p>","protected":false},"excerpt":{"rendered":"<p>Svensk-norsk supertrio med nykomponert folkemusikk<\/p>\n","protected":false},"featured_media":39854,"comment_status":"closed","ping_status":"closed","template":"","meta":[],"product_brand":[],"product_cat":[35],"product_tag":[],"class_list":{"0":"post-39852","1":"product","2":"type-product","3":"status-publish","4":"has-post-thumbnail","6":"product_cat-heilo","7":"product_shipping_class-cddvd-shipping","8":"uni_artist_tag-anna-malmstrom","9":"uni_artist_tag-helga-myhr","10":"uni_artist_tag-thomas-eriksson","11":"uni_main_artist_tag-eriksson-myhr-malmstrom","12":"uni_artist_genre-folkemusikk","14":"first","15":"instock","16":"taxable","17":"shipping-taxable","18":"purchasable","19":"product-type-simple"},"_links":{"self":[{"href":"https:\/\/grappa.no\/no\/wp-json\/wp\/v2\/product\/39852","targetHints":{"allow":["GET"]}}],"collection":[{"href":"https:\/\/grappa.no\/no\/wp-json\/wp\/v2\/product"}],"about":[{"href":"https:\/\/grappa.no\/no\/wp-json\/wp\/v2\/types\/product"}],"replies":[{"embeddable":true,"href":"https:\/\/grappa.no\/no\/wp-json\/wp\/v2\/comments?post=39852"}],"wp:featuredmedia":[{"embeddable":true,"href":"https:\/\/grappa.no\/no\/wp-json\/wp\/v2\/media\/39854"}],"wp:attachment":[{"href":"https:\/\/grappa.no\/no\/wp-json\/wp\/v2\/media?parent=39852"}],"wp:term":[{"taxonomy":"product_brand","embeddable":true,"href":"https:\/\/grappa.no\/no\/wp-json\/wp\/v2\/product_brand?post=39852"},{"taxonomy":"product_cat","embeddable":true,"href":"https:\/\/grappa.no\/no\/wp-json\/wp\/v2\/product_cat?post=39852"},{"taxonomy":"product_tag","embeddable":true,"href":"https:\/\/grappa.no\/no\/wp-json\/wp\/v2\/product_tag?post=39852"}],"curies":[{"name":"wp","href":"https:\/\/api.w.org\/{rel}","templated":true}]}}