{"id":39839,"date":"2022-09-02T09:27:53","date_gmt":"2022-09-02T08:27:53","guid":{"rendered":"https:\/\/grappa.no\/?post_type=product&#038;p=39839"},"modified":"2023-06-19T18:57:48","modified_gmt":"2023-06-19T17:57:48","slug":"sanger-om-dod-og-glaede-av-dorothe-engelbretsdatter-2","status":"publish","type":"product","link":"https:\/\/grappa.no\/no\/albums\/simax-classics\/sanger-om-dod-og-glaede-av-dorothe-engelbretsdatter-2\/","title":{"rendered":"Sanger om D\u00f8d og Gl\u00e6de av Dorothe Engelbretsdatter"},"content":{"rendered":"<p><\/p>\n<div class=\"\">\n<p><strong>Den unike sangskatten etter Dorothe Engelbretsdatter, med alle sine 1600-tallsmelodier i skriftlig og muntlig overlevering, er et omr\u00e5de av norsk kulturarv som har f\u00e5tt altfor lite oppmerksomhet. Barokk Boreals utgivelse er <\/strong><strong>en innsats for \u00e5 puste liv i denne mangfoldige musikalske arven. Her fletter de sammen 1600-tallsmelodiene fra folketradisjon og barokke notetrykk.<\/strong><\/p>\n<\/div>\n<p><!--more--><\/p>\n<p><strong>Norden-stjerne<br \/>\n<\/strong><\/p>\n<p>Dorte, som hun ogs\u00e5 kalles, diktet \u00e5ndelige sanger med utgangspunkt i melodier hun kunne fra f\u00f8r. Av brev hun har etterlatt seg g\u00e5r det fram at hun spilte klavikord og nedtegnet melodier p\u00e5 noter. Dorte samlet sangene i en bok, og sangboka gjorde stor lykke, i mange opplag. Hun ble hyllet som \u00absand L\u00e6r-Mesterinde\u00bb, \u00abden klare Norden-Sti\u00e6rne\u00bb og \u00abNordens lys\u00bb. Sangboka er faktisk den f\u00f8rste melodisamlinga trykt her til lands, utgitt i 1678 under tittelen <em>Si\u00e6lens Sang-Offer<\/em>.<\/p>\n<p>Dorte-sangene ble h\u00f8yt skattet i alle samfunnslag. Blant folk er Dorte-sanger holdt i hevd opp mot v\u00e5r egen tid, noe de mange Dorte-melodiene i norsk folketradisjon vitner om.<\/p>\n<p><strong>En ukjent melodiskatt<br \/>\n<\/strong><\/p>\n<p>I dag er Dorte s\u00e5 godt som gjemt og glemt. At hun st\u00e5r bak en av sin egen samtids mest rikholdige melodisamlinger, er det nesten ingen som vet. Dette har alts\u00e5 Barokk Boreal gjort noe med.<\/p>\n<p>Barokk Boreal har hentet et knippe Dorte-melodier fra den eldste kjente utgaven av Dortes sangbok som fremdeles eksisterer, og fra folkelig overleverte melodier. I hver av Dorte-sangene veksler Barokk Boreal mellom 1600-talls melodiene etter 1600-tallets notetrykk og etter folkelig omsynging \u2013 bundet sammen av Barokk Boreals musikalske r\u00f8de tr\u00e5der og basslinjer.<\/p>\n<p>\u00ab<em>\u00c5 f\u00e5 opp fra det barokke notetrykket en melodi som kanskje ikke finnes p\u00e5 noe annet papir \u2013 og s\u00e5 ligner den p\u00e5 folketonen Dorte-teksten har blitt sunget p\u00e5! Det er stilig<\/em>\u00bb \u2013 Barokk Boreal.<\/p>\n<p><strong>Barokk Boreal<\/strong> er et ensemble som bringer fram i lyset musikk og tekster fra norsk 1600-tall. Kvartetten best\u00e5r av to tidligmusikere: <strong>Cathrine Bothner-By (sang)<\/strong> og <strong>Ulrik Gaston Larsen (erkelutt),<\/strong> og to folkemusikere: <strong>\u00d8yonn Groven Myhren (sang) <\/strong>og <strong>Vegar V\u00e5rdal <\/strong><strong>(hardingfele, fele, bratsj).<\/strong> De har spilt konserter i nord og s\u00f8r, laget forestillingene \u00abGammeldags julestue\u00bb, \u00abTI BUD\u00bb, \u00abDortesanger\u00bb, og plata \u00abTI BUD i sanger av Petter Dass\u00bb (Simax Classics).<\/p>\n<p><!--more--><\/p>\n<p>&nbsp;<\/p>\n<p class=\"p1\"><\/p>","protected":false},"excerpt":{"rendered":"<p><strong>En sangskatt fra 1600-tallet av tidens viden kjente norske stjerne<\/strong><\/p>\n","protected":false},"featured_media":39806,"comment_status":"closed","ping_status":"closed","template":"","meta":[],"product_brand":[],"product_cat":[180],"product_tag":[],"class_list":{"0":"post-39839","1":"product","2":"type-product","3":"status-publish","4":"has-post-thumbnail","6":"product_cat-simax-classics","7":"product_shipping_class-cddvd-shipping","8":"uni_artist_tag-barokk-boreal","9":"uni_main_artist_tag-barokk-boreal","10":"uni_artist_genre-barokk","12":"first","13":"instock","14":"taxable","15":"shipping-taxable","16":"purchasable","17":"product-type-simple"},"_links":{"self":[{"href":"https:\/\/grappa.no\/no\/wp-json\/wp\/v2\/product\/39839","targetHints":{"allow":["GET"]}}],"collection":[{"href":"https:\/\/grappa.no\/no\/wp-json\/wp\/v2\/product"}],"about":[{"href":"https:\/\/grappa.no\/no\/wp-json\/wp\/v2\/types\/product"}],"replies":[{"embeddable":true,"href":"https:\/\/grappa.no\/no\/wp-json\/wp\/v2\/comments?post=39839"}],"wp:featuredmedia":[{"embeddable":true,"href":"https:\/\/grappa.no\/no\/wp-json\/wp\/v2\/media\/39806"}],"wp:attachment":[{"href":"https:\/\/grappa.no\/no\/wp-json\/wp\/v2\/media?parent=39839"}],"wp:term":[{"taxonomy":"product_brand","embeddable":true,"href":"https:\/\/grappa.no\/no\/wp-json\/wp\/v2\/product_brand?post=39839"},{"taxonomy":"product_cat","embeddable":true,"href":"https:\/\/grappa.no\/no\/wp-json\/wp\/v2\/product_cat?post=39839"},{"taxonomy":"product_tag","embeddable":true,"href":"https:\/\/grappa.no\/no\/wp-json\/wp\/v2\/product_tag?post=39839"}],"curies":[{"name":"wp","href":"https:\/\/api.w.org\/{rel}","templated":true}]}}