{"id":39820,"date":"2022-08-22T14:03:04","date_gmt":"2022-08-22T13:03:04","guid":{"rendered":"https:\/\/grappa.no\/?post_type=product&#038;p=39820"},"modified":"2025-06-13T12:18:02","modified_gmt":"2025-06-13T11:18:02","slug":"pre-order-it-was-50-years-ago-today","status":"publish","type":"product","link":"https:\/\/grappa.no\/no\/albums\/grappa\/pre-order-it-was-50-years-ago-today\/","title":{"rendered":"It was 50 years ago today"},"content":{"rendered":"<p><\/p>\n<p><em>It Was 50 Years Ago Today er en utgivelse hentet frem fra Sveriges Radio og NRKs arkiver. Dette for \u00e5 markere at h\u00f8sten 2022 er det 50 \u00e5r siden Popol Ace lanserte sitt f\u00f8rste album Popol Vuh, \u2013 en utgivelse som ble hedret med Norges f\u00f8rste Spellemannpris! Fra opp- og nedturer hvor Polydor International takker nei til tilbud om samarbeid mellom Frank Zappa og Popol Ace men ja til Queens studiotekniker Mike Stone. Fra skitne og illeluktende \u00f8velseslokaler i London til dr\u00f8mmeforhold p\u00e5 Ibiza og bondeg\u00e5rd i Velindre i Wales der Genesis hadde spilt inn the Lamb. Videre til innspilling av albumet Stolen from Time i et oppskrytt studio utenfor Paris der Elton John hadde spilt inn mange av sine hits. Via turneer, konserter, TV-og radioopptredener i Skandinavia og ute i Europa og tilbake igjen.<\/em><\/p>\n<p>&nbsp;<\/p>\n<p>&nbsp;<\/p>\n<p><!--more--><\/p>\n<div class=\"release__PublicationContent-sc-6son67-0 kJGQom\">\n<p><em>It was 50 years ago today feirer bandets liv og etterm\u00e6le med denne utgivelsen som en reminder hvor store de var med henholdsvis konsertopptak fra Sveriges Radio i 1974 og fra bandets legendariske konsert p\u00e5 Rebecca West i Oslo i 1994- alt i en nydelig 3-LP boks! <\/em><\/p>\n<\/div>\n<section class=\"containers__SectionWrapper-sc-1d04lil-8 dofgTq\"><\/section>\n<p><\/p>","protected":false},"excerpt":{"rendered":"<p class=\"Body\"><i>It was 50 years ago today feirer bandets liv og etterm\u00e6le med denne utgivelsen som en reminder hvor store de var med henholdsvis konsertopptak fra Sveriges Radio i 1974 og fra bandets legendariske konsert p\u00e5 Rebecca West i Oslo i 1994- alt i en nydelig 3-LP boks!<\/i><\/p>\n","protected":false},"featured_media":39818,"comment_status":"closed","ping_status":"closed","template":"","meta":[],"product_brand":[],"product_cat":[6],"product_tag":[],"class_list":{"0":"post-39820","1":"product","2":"type-product","3":"status-publish","4":"has-post-thumbnail","6":"product_cat-grappa","7":"product_shipping_class-vinyl-shipping","9":"first","10":"instock","11":"taxable","12":"shipping-taxable","13":"purchasable","14":"product-type-simple"},"_links":{"self":[{"href":"https:\/\/grappa.no\/no\/wp-json\/wp\/v2\/product\/39820","targetHints":{"allow":["GET"]}}],"collection":[{"href":"https:\/\/grappa.no\/no\/wp-json\/wp\/v2\/product"}],"about":[{"href":"https:\/\/grappa.no\/no\/wp-json\/wp\/v2\/types\/product"}],"replies":[{"embeddable":true,"href":"https:\/\/grappa.no\/no\/wp-json\/wp\/v2\/comments?post=39820"}],"wp:featuredmedia":[{"embeddable":true,"href":"https:\/\/grappa.no\/no\/wp-json\/wp\/v2\/media\/39818"}],"wp:attachment":[{"href":"https:\/\/grappa.no\/no\/wp-json\/wp\/v2\/media?parent=39820"}],"wp:term":[{"taxonomy":"product_brand","embeddable":true,"href":"https:\/\/grappa.no\/no\/wp-json\/wp\/v2\/product_brand?post=39820"},{"taxonomy":"product_cat","embeddable":true,"href":"https:\/\/grappa.no\/no\/wp-json\/wp\/v2\/product_cat?post=39820"},{"taxonomy":"product_tag","embeddable":true,"href":"https:\/\/grappa.no\/no\/wp-json\/wp\/v2\/product_tag?post=39820"}],"curies":[{"name":"wp","href":"https:\/\/api.w.org\/{rel}","templated":true}]}}