{"id":398,"date":"1999-11-25T00:00:00","date_gmt":"1999-11-24T23:00:00","guid":{"rendered":"http:\/\/www.grappa.no\/albums\/uncategorized\/cantio\/"},"modified":"2019-02-22T15:48:15","modified_gmt":"2019-02-22T14:48:15","slug":"cantio","status":"publish","type":"product","link":"https:\/\/grappa.no\/no\/albums\/simax-classics\/cantio\/","title":{"rendered":"Cantio"},"content":{"rendered":"<p><\/p>\n<p>&#8216;Fromme Sanger&#8217; er en stor samling latinske sanger til bruk i kirke og skole.<\/p>\n<p>PIAE CANTIONES (Fromme Sanger) er en stor samling latinske sanger til bruk i kirke og skole. De ble samlet og bearbeidet av den finske studenten Theodoricus Petri Rutha og presten og pedagogen Jakob Finno, lektor ved katedralskolen i \u00c5bo. Samlingen ble trykt f\u00f8rste gang i Greifswald i Pommern, som tilh\u00f8rte det svensk-finske riket i 1582, men de fleste av melodiene og tekstene er fra middelalderen. Mange kan spores helt tilbake til 1300-tallet, og enkelte er sannsynligvis enda eldre. F\u00f8rsteutgaven best\u00e5r av 74 sanger, og 62 av disse er enstemmige.<\/p>\n<p>Piae Cantiones er delt i 11 avsnitt. Sangene er ordnet etter emne under overskrifter som Sanger om v\u00e5r Herre og Frelser Jesu Kristi f\u00f8dsel, Om menneskelivets forgjengelighet og elendighet, Om studenterlivet og Sanger om v\u00e5ren. Andre overskrifter peker direkte p\u00e5 spesielle kirkeh\u00f8ytider (Om Treenigheten), eller omhandler kristelige plikter (Om b\u00f8nnen) og historiske forbilder (Historiske sanger). Julesangene og de tankevekkende tekstene om det jordiske livs forgjengelighet dominerer. 14 av sangene minner oss om menneskets triste endelikt, og hele 24 priser Jesu f\u00f8dsel. Mange av julesangene kjenner vi fra andre kilder. Flere av disse var opprinnelig Maria-sanger og m\u00e5tte gjennomg\u00e5 en revisjon f\u00f8r Piae Cantiones s\u00e5 dagens lys. Forordet til de f\u00f8rste trykte utgavene viser at det er kjente og kj\u00e6re sanger det dreier seg om, og at tekstene ble \u00abforbedret\u00bb s\u00e5 de kunne brukes ogs\u00e5 etter reformasjonen, da kirken fikk et annet syn p\u00e5 helgener og Maria-dyrkelse.<\/p>\n<p><!--more--><\/p>\n<h4><\/h4>\n<\/p>\n<h4><\/h4>\n<p><h4><\/h4>\n<\/p>\n<p><\/p>","protected":false},"excerpt":{"rendered":"","protected":false},"featured_media":27595,"comment_status":"closed","ping_status":"open","template":"","meta":[],"product_brand":[],"product_cat":[180],"product_tag":[],"class_list":{"0":"post-398","1":"product","2":"type-product","3":"status-publish","4":"has-post-thumbnail","6":"product_cat-simax-classics","7":"product_shipping_class-cddvd-shipping","8":"uni_artist_tag-johannes-weisser","9":"uni_artist_tag-jorn-pedersen","10":"uni_artist_tag-oslo","11":"uni_artist_tag-pro-musica-antiqua","12":"uni_artist_tag-trad","13":"uni_artist_tag-trio-mediaeval","14":"uni_main_artist_tag-pro-musica-antiqua-oslo","15":"uni_artist_genre-christmas-music","16":"uni_artist_genre-early-music","17":"uni_artist_genre-scandinavian","19":"first","20":"instock","21":"taxable","22":"shipping-taxable","23":"purchasable","24":"product-type-simple"},"_links":{"self":[{"href":"https:\/\/grappa.no\/no\/wp-json\/wp\/v2\/product\/398","targetHints":{"allow":["GET"]}}],"collection":[{"href":"https:\/\/grappa.no\/no\/wp-json\/wp\/v2\/product"}],"about":[{"href":"https:\/\/grappa.no\/no\/wp-json\/wp\/v2\/types\/product"}],"replies":[{"embeddable":true,"href":"https:\/\/grappa.no\/no\/wp-json\/wp\/v2\/comments?post=398"}],"wp:featuredmedia":[{"embeddable":true,"href":"https:\/\/grappa.no\/no\/wp-json\/wp\/v2\/media\/27595"}],"wp:attachment":[{"href":"https:\/\/grappa.no\/no\/wp-json\/wp\/v2\/media?parent=398"}],"wp:term":[{"taxonomy":"product_brand","embeddable":true,"href":"https:\/\/grappa.no\/no\/wp-json\/wp\/v2\/product_brand?post=398"},{"taxonomy":"product_cat","embeddable":true,"href":"https:\/\/grappa.no\/no\/wp-json\/wp\/v2\/product_cat?post=398"},{"taxonomy":"product_tag","embeddable":true,"href":"https:\/\/grappa.no\/no\/wp-json\/wp\/v2\/product_tag?post=398"}],"curies":[{"name":"wp","href":"https:\/\/api.w.org\/{rel}","templated":true}]}}