{"id":39747,"date":"2022-06-14T08:53:08","date_gmt":"2022-06-14T07:53:08","guid":{"rendered":"https:\/\/grappa.no\/?post_type=product&#038;p=39747"},"modified":"2023-07-24T09:26:01","modified_gmt":"2023-07-24T08:26:01","slug":"changes-like-the-weather-in-the-mountain","status":"publish","type":"product","link":"https:\/\/grappa.no\/no\/albums\/grappa\/changes-like-the-weather-in-the-mountain\/","title":{"rendered":"Changes Like The Weather in the Mountain"},"content":{"rendered":"<p><\/p>\n<div>\n<p><em>Changes like the Weather in the Mountain<\/em> er solodebuten til <strong>Selma French Bolstad<\/strong>, kjent fra blant annet det Spellemann-nominerte visejazzpopbandet <strong>Mas\u00e5va<\/strong> og det Spellemann-vinnende bandet <strong>Morgonrode.<\/strong> Hun er sanger, felespiller, gitarist og l\u00e5tskriver, og p\u00e5 dette albumet faller vakre og viktige brikker p\u00e5 plass. Musikken viser hennes beundring for norsk og engelsk folkemusikk, med en luftig f\u00f8lelse fra et ukjent sted. Musikken beveger seg fra \u00e5pne landskap som store fjell til gjemte rom med hjerteskj\u00e6rende skildringer om det enkle og s\u00e5re. En stemme du ikke har h\u00f8rt f\u00f8r, men som er s\u00e5 inni hampen seg selv, s\u00e5 vid og spissfindig, at den er u-utenkelig fra f\u00f8rste gang du h\u00f8rer den. Dette har f\u00f8rt henne til konserter p\u00e5 Moldejazz, Tr\u00e6nafestivalen, \u00d8yafestivalen, Canalstreet, Loaded og Oslo Jazz sommeren 2022, med eget band og med navn som Fr\u00f8kedal, The Switch og Mas\u00e5va. Til h\u00f8sten vil hun bli \u00e5 se p\u00e5 by:Larm og Vill Vill Vest.<\/p>\n<\/div>\n<p><!--more--><\/p>\n<div class=\"release__PublicationContent-sc-6son67-0 bZLtlA\">\n<div style=\"text-align: left;\">\n<p>P\u00e5 <em>Changes Like the Weather in the Mountain <\/em>bytter vi spr\u00e5k fra Selmas tidligere prosjekter, og ved f\u00f8rste \u00f8rekast n\u00e6rmer vi oss landskaper fra den britiske folken p\u00e5 60- og 70-tallet. Hverdagslige temaer og personlige og selvutleverende tekster flettes s\u00f8ml\u00f8st sammen med det melodiske og formsansen, og gj\u00f8r l\u00e5tene til Selma French veldig egne.<\/p>\n<p><em>\u00abKjernen i albumet er skifter i f\u00f8lelseslivet. Jeg har ganske vidt f\u00f8lelsesspekter og det kan v\u00e6re overveldende \u00e5 g\u00e5 fra det ene ytterpunktet av euforisk lykke til eksistensiell krise. Litt som de br\u00e5 skiftene i v\u00e6ret, spesielt i fjellet. D\u00e5rlig selvbilde &#8211; t\u00e5kete v\u00e6r.\u00bb &#8211; Selma French\u00a0<\/em><\/p>\n<p>\u00abMarble\u00bb er skrevet for bestemoren hennes, hvor hun synger f<em>or you, for you. <\/em>Den \u00e5pner med Selmas karakteristiske nylonstrengsklimpring og nesten tilfeldig bekjennende julekort f\u00f8r en enslig fele sniker seg inn, nynnende, i randsonen av fortellingen. Selmas strummende akustiske gitar og hypnotiske stemme komplementeres av sv\u00e6rt sentrale musikere i den nye norske jazzmusikkscenen: Anja Lauvdal p\u00e5 synther, Christian Winther p\u00e5 elgitar og Andreas Winther p\u00e5 trommer. Disse musikerne er b\u00e5de karakteristisk til stede og uegoistisk lyttende, og det ender opp med \u00e5 bli et vakkert og naturalistisk \u00f8yeblikksbilde av dem.<\/p>\n<p>Tross i at hun ikke har gitt ut noe under eget navn f\u00f8r, er l\u00e5tskriveruniverset til Selma allerede rikt. I det Spellemann-nominerte visejazzpopbandet <strong>Mas\u00e5va<\/strong> har hun n\u00e6rmet seg det humoristiske, vonde og bitters\u00f8te i unge menneskers liv, mens hun i det Spellemann-vinnende bandet <strong>Morgonrode<\/strong> er en sentral del av samtidens \u00e5pne folkemusikkscene. Hun er en sjangeroverskridende felespiller og sanger som dukker opp i stadig nye sammenhenger, live og p\u00e5 plate &#8211; Fr\u00f8kedal, Avant Folk, Daniela Reyes, Ibou Cissokho, The Switch, Konradsen, Kristian Kristensen, Siv Jakobsen, for \u00e5 nevne noe.<\/p>\n<p>&nbsp;<\/p>\n<\/div>\n<\/div>\n<section class=\"containers__SectionWrapper-sc-1d04lil-8 kHtFBQ\"><\/section>\n<p><\/p>\n<p>&nbsp;<\/p>","protected":false},"excerpt":{"rendered":"<p>Changes Like the Weather in the Mountain er solodebuten til Selma French Bolstad<\/p>\n","protected":false},"featured_media":39753,"comment_status":"closed","ping_status":"closed","template":"","meta":[],"product_brand":[],"product_cat":[6],"product_tag":[],"class_list":{"0":"post-39747","1":"product","2":"type-product","3":"status-publish","4":"has-post-thumbnail","6":"product_cat-grappa","7":"product_shipping_class-cddvd-shipping","8":"uni_artist_tag-andreas-winther","9":"uni_artist_tag-anja-lauvdal","10":"uni_artist_tag-christian-winther","11":"uni_main_artist_tag-selma-french","12":"uni_artist_genre-folk","14":"first","15":"instock","16":"taxable","17":"shipping-taxable","18":"purchasable","19":"product-type-variable","20":"has-default-attributes"},"_links":{"self":[{"href":"https:\/\/grappa.no\/no\/wp-json\/wp\/v2\/product\/39747","targetHints":{"allow":["GET"]}}],"collection":[{"href":"https:\/\/grappa.no\/no\/wp-json\/wp\/v2\/product"}],"about":[{"href":"https:\/\/grappa.no\/no\/wp-json\/wp\/v2\/types\/product"}],"replies":[{"embeddable":true,"href":"https:\/\/grappa.no\/no\/wp-json\/wp\/v2\/comments?post=39747"}],"wp:featuredmedia":[{"embeddable":true,"href":"https:\/\/grappa.no\/no\/wp-json\/wp\/v2\/media\/39753"}],"wp:attachment":[{"href":"https:\/\/grappa.no\/no\/wp-json\/wp\/v2\/media?parent=39747"}],"wp:term":[{"taxonomy":"product_brand","embeddable":true,"href":"https:\/\/grappa.no\/no\/wp-json\/wp\/v2\/product_brand?post=39747"},{"taxonomy":"product_cat","embeddable":true,"href":"https:\/\/grappa.no\/no\/wp-json\/wp\/v2\/product_cat?post=39747"},{"taxonomy":"product_tag","embeddable":true,"href":"https:\/\/grappa.no\/no\/wp-json\/wp\/v2\/product_tag?post=39747"}],"curies":[{"name":"wp","href":"https:\/\/api.w.org\/{rel}","templated":true}]}}