{"id":39725,"date":"2022-05-27T07:00:42","date_gmt":"2022-05-27T06:00:42","guid":{"rendered":"https:\/\/grappa.no\/?post_type=product&#038;p=39725"},"modified":"2023-04-28T13:55:45","modified_gmt":"2023-04-28T12:55:45","slug":"svadilja","status":"publish","type":"product","link":"https:\/\/grappa.no\/no\/albums\/heilo\/svadilja\/","title":{"rendered":"SVADILJA"},"content":{"rendered":"<p><\/p>\n<div class=\"\">\n<p>Den innflytelsesrike og allsidige folkemusikeren Hans Fredrik Jacobsen er kjent for sin beherskelse av mange instrumenter, blant annet fl\u00f8yter av ulike typer, gitar, saksofon, torader, sekkepipe og oud. N\u00e5r multi-instrumentalisten n\u00e5 skal gi ut sin 5. soloplate har han konsentrert seg kun om ett instrument, et av de enkleste og et som alle kan lage selv, nemlig seljefl\u00f8yte. Vel, strengt tatt s\u00e5 dreier det seg om sju stykker med forskjellig lengde, og dermed i ulike tonearter, for \u00e5 skape en viss variasjon. Hans Fredrik har s\u00e5 klart spikket alle fl\u00f8ytene selv.<\/p>\n<\/div>\n<p><!--more--><\/p>\n<p><em>\u00abNoe av det fineste jeg vet om her i verden er \u00e5 spikke seljefl\u00f8yte. Det er et fast rituale hver v\u00e5r, n\u00e5r naturen v\u00e5kner til nytt liv, fargene \u00e5penbarer seg, sevja stiger i tr\u00e6rne, fuglene synger og verden blir et bedre sted \u00e5 v\u00e6re. N\u00e5r selja svar g\u00e5r jeg i seljeskog og lager seljefl\u00f8yte p\u00e5 gammelm\u00e5ten, som det har v\u00e6rt gjort i uminnelige tider, b\u00e5de her i Norge og andre steder. \u00c5 f\u00e5 til en god fl\u00f8yte er ren lykke. Av og til i slike stunder, n\u00e5r skogen bugner av saftgr\u00f8nn og sevjemjuk selje, tenker jeg at dette burde alle gj\u00f8re, det er nok \u00e5 ta av, og det er helt gratis.\u00bb<\/em> &#8211; Hans Fredrik Jacobsen.<\/p>\n<p>For \u00e5 skape den riktige atmosf\u00e6ren er opptaket gjort p\u00e5 Krokskogen i l\u00f8pet av et par vakre, stille solskinnsdager i m\u00e5nedsskiftet mai\/juni i 2021, og Audun Strype har lydfestet det hele. Musikken du h\u00f8rer best\u00e5r av noen tradisjonelle seljefl\u00f8ytesl\u00e5tter, men stort sett Jacobsens egne komposisjoner eller bearbeidelser av tradisjonelt materiale. Det er ogs\u00e5 mye improvisasjon, b\u00e5de rytmisk og fri rytmisk, og iblant med elementer og fraseringer som skiller seg fra det vi er vant til \u00e5 h\u00f8re p\u00e5 seljefl\u00f8yte. Noen l\u00e5ter er helt nykomponerte, noen ble laget i farta og p\u00e5 stedet under innspillingen, og noen finnes i andre utgaver p\u00e5 andre innspillinger. Det som uansett er nytt er at alt sammen spilles p\u00e5 ekte og fersk seljefl\u00f8yte, akkompagnert av fugler, insekter og skogens sus!<\/p>\n<p><em>\u00ab<\/em><em>Stillheten under opptakene gjorde at fuglene og insektene kom godt frem sammen med seljefl\u00f8ytene. Det var vidunderlig \u00e5 spille sammen med dem! De var ikke like aktive hele tiden, men av og til hadde jeg en tydelig og god f\u00f8lelse av at de responderte p\u00e5 det jeg spilte, noe som var utrolig inspirerende og r\u00f8rende. Og jeg responderte s\u00e5 godt jeg kunne p\u00e5 det de sang!<\/em>\u00a0<em>En av Norges fremste eksperter p\u00e5 fuglesang, Helge Kvam, har h\u00f8rt gjennom opptakene for \u00e5 fastsl\u00e5 hvilke fugler som er s\u00e5 vakkert til stede. Han kom frem til at det er 21 arter representert! <\/em><em>De var alle med p\u00e5 \u00e5 gj\u00f8re dagene p\u00e5 Krokskogen til en sterk og uforglemmelig opplevelse!<\/em><em>\u00bb<\/em> &#8211; Hans Fredrik Jacobsen.<\/p>\n<p><strong>Hans Fredrik Jacobsen <\/strong>er en norsk folkemusiker, artist og komponist, mest kjent for sitt lange samarbeid med ektefellen Tone Hulb\u00e6kmo, og med grupper som Kalenda Maya, Secret Garden (Eurovision 1995) og Hulb\u00e6kmo &amp; Jacobsen familieorkester. Jacobsen har med <em>Svadilja <\/em>gitt ut 5 soloplater. De fire f\u00f8rste var <em>J\u00f3L <\/em>(Via music, 1998), <em>Vind<\/em> (Heilo, 2004), <em>Tr\u00e5 dansen<\/em> (Heilo, 2013) og den spellemannominerte plata <em>\u00d8re<\/em> (Heilo, 2019). I tillegg har han gitt ut <em>Langt nord i skogen<\/em> (KKV, 1987 \u2013 Spellemannprisen i 1988) med Tone Hulb\u00e6kmo, <em>Himalaya Blues<\/em> (Heilo, 2004) med Knut Reiersrud og Varja, <em>Seljefl\u00f8yta <\/em>(Heilo, 1997) med Steinar Ofsdal og Hallgrim Berg, <em>P\u00e5 Snei<\/em> (ta:lik, 2017) med Hulb\u00e6kmo &amp; Jacobsen Familieorkester, og 3 album sammen med middelaldergruppa Kalenda Maya; <em>Renaissance and medieval music<\/em> (Simax 1985 \u2013 Spellemannprisen i 1985), <em>Norse ballads<\/em> (KKV 1989) og <em>Pilegrimsreiser<\/em> (KKV 1997). Attp\u00e5til medvirker Hans Fredrik som gjestemusiker og solist p\u00e5 dr\u00f8yt 100 album med artister som Sissel Kyrkjeb\u00f8, Sondre Bratland, Elisabeth Andreassen, Henning Sommero, Secret Garden og Annbj\u00f8rg Lien, for \u00e5 nevne noen. Han har ogs\u00e5 samarbeidet med poeter som Erik Bye, Haldis Moren Vesaas, Ove R\u00f8sbak og Ola Jonsmoen.<\/p>\n<p>&nbsp;<\/p>\n<p><\/p>","protected":false},"excerpt":{"rendered":"<p><strong>Ekte seljefl\u00f8yte spilt inn i ekte omgivelser!<\/strong><\/p>\n","protected":false},"featured_media":39728,"comment_status":"closed","ping_status":"closed","template":"","meta":[],"product_brand":[],"product_cat":[35],"product_tag":[],"class_list":{"0":"post-39725","1":"product","2":"type-product","3":"status-publish","4":"has-post-thumbnail","6":"product_cat-heilo","7":"product_shipping_class-cddvd-shipping","8":"uni_artist_tag-hans-fredrik-jacobsen","9":"uni_main_artist_tag-hans-fredrik-jacobsen","10":"uni_artist_genre-folkemusikk","11":"uni_artist_genre-tradisjonsmusikk","12":"uni_artist_genre-traditional-music","14":"first","15":"instock","16":"taxable","17":"shipping-taxable","18":"purchasable","19":"product-type-simple"},"_links":{"self":[{"href":"https:\/\/grappa.no\/no\/wp-json\/wp\/v2\/product\/39725","targetHints":{"allow":["GET"]}}],"collection":[{"href":"https:\/\/grappa.no\/no\/wp-json\/wp\/v2\/product"}],"about":[{"href":"https:\/\/grappa.no\/no\/wp-json\/wp\/v2\/types\/product"}],"replies":[{"embeddable":true,"href":"https:\/\/grappa.no\/no\/wp-json\/wp\/v2\/comments?post=39725"}],"wp:featuredmedia":[{"embeddable":true,"href":"https:\/\/grappa.no\/no\/wp-json\/wp\/v2\/media\/39728"}],"wp:attachment":[{"href":"https:\/\/grappa.no\/no\/wp-json\/wp\/v2\/media?parent=39725"}],"wp:term":[{"taxonomy":"product_brand","embeddable":true,"href":"https:\/\/grappa.no\/no\/wp-json\/wp\/v2\/product_brand?post=39725"},{"taxonomy":"product_cat","embeddable":true,"href":"https:\/\/grappa.no\/no\/wp-json\/wp\/v2\/product_cat?post=39725"},{"taxonomy":"product_tag","embeddable":true,"href":"https:\/\/grappa.no\/no\/wp-json\/wp\/v2\/product_tag?post=39725"}],"curies":[{"name":"wp","href":"https:\/\/api.w.org\/{rel}","templated":true}]}}