{"id":397,"date":"1999-11-25T00:00:00","date_gmt":"1999-11-24T23:00:00","guid":{"rendered":"http:\/\/www.grappa.no\/albums\/uncategorized\/johan-halvorsen-stage-music-vol-2\/"},"modified":"2025-03-17T11:44:32","modified_gmt":"2025-03-17T10:44:32","slug":"johan-halvorsen-stage-music-vol-2","status":"publish","type":"product","link":"https:\/\/grappa.no\/no\/albums\/simax-classics\/johan-halvorsen-stage-music-vol-2\/","title":{"rendered":"Johan Halvorsen: Stage music, vol. 2"},"content":{"rendered":"<p><\/p>\n<p>Eventyrlige musikkfortellinger av Johan Halvorsen<\/p>\n<p>Terje Mikkelsen og latvias nasjonale symfoniorkester tar oss med tilbake til Nationaltheatrets gullalder, og viser oss musikalske skatter av Norges fremste komponist av dramatisk musikk: Johan Halvorsen (1864-1935). I 20 \u00e5r, helt frem til 1919, dirigerte Johan Halvorsen Norges st\u00f8rste profesjonelle symfoniorkester i Nationaltheateret. Blant hans rundt 170 komposisjoner inntar teatermusikken derfor en stor plass.<\/p>\n<p>Vasantasena, som er et indisk drama tilskrevet kong Sudarka som levde p\u00e5 300-tallet inspirerte Halvorsen til \u00e5 skape musikk med et eksotisk tonefall, et prosjekt som ikke akkurat var typisk for en norsk komponist rundt \u00e5rhundreskiftet. Musikken ble krydret med orientalinspirerte virkemidler som spesielle skalatyper, ornamenter, rytmeinstrumenter og uvalige instrumenter\/klang kombinasjoner.<\/p>\n<p>Tordenskjold er et historisk folkeskuespill, og suiten har tre satser med varierte karakterer &#8211; alt fra den barokkinspirerte satsen Rigaudon, den eksplosive krigsmarsjen Tordenskjold udi action til den tunge s\u00f8rgemarsjen. I det vidl\u00f8ftige dramaet Kongen skrevet av Bj\u00f8rnstjerne Bj\u00f8rnson, lar Halvorsen seg inspirere av Wagners musikkdramatikk i den f\u00f8rste satsen Symphonic Inetrmezzo. Av en helt annen karakter er Hyrdepigernes dans og til sist satsen Elgi som \u00absvulmer av skj\u00f8nne motiver og velklang\u00bb, som det stod i Verdens Gang etter uroppf\u00f8relsen.<\/p>\n<p><!--more--><\/p>\n<h4><\/h4>\n<h4><\/h4>\n<h4><\/h4>\n<p><\/p>","protected":false},"excerpt":{"rendered":"<p class=\"qtranxs-available-languages-message qtranxs-available-languages-message-no\">Post is not available in the requested language<\/p>\n<p>Among Johan Halvorsen&#8217;s approximately 170 compositions, theater music therefore takes a great place.<\/p>\n","protected":false},"featured_media":27594,"comment_status":"closed","ping_status":"closed","template":"","meta":[],"product_brand":[],"product_cat":[180],"product_tag":[],"class_list":{"0":"post-397","1":"product","2":"type-product","3":"status-publish","4":"has-post-thumbnail","6":"product_cat-simax-classics","7":"product_shipping_class-cddvd-shipping","8":"uni_artist_tag-erik-gard-amundsen","9":"uni_artist_tag-johan-halvorsen","10":"uni_artist_tag-latvia-national-symph-orchestra","11":"uni_artist_tag-terje-mikkelsen","12":"uni_main_artist_tag-latvia-national-symph-orchestra","13":"uni_artist_genre-norwegian","14":"uni_artist_genre-orchestral","15":"uni_artist_genre-stage","16":"uni_artist_genre-world-premiere-recording","18":"first","19":"outofstock","20":"taxable","21":"shipping-taxable","22":"purchasable","23":"product-type-simple"},"_links":{"self":[{"href":"https:\/\/grappa.no\/no\/wp-json\/wp\/v2\/product\/397","targetHints":{"allow":["GET"]}}],"collection":[{"href":"https:\/\/grappa.no\/no\/wp-json\/wp\/v2\/product"}],"about":[{"href":"https:\/\/grappa.no\/no\/wp-json\/wp\/v2\/types\/product"}],"replies":[{"embeddable":true,"href":"https:\/\/grappa.no\/no\/wp-json\/wp\/v2\/comments?post=397"}],"wp:featuredmedia":[{"embeddable":true,"href":"https:\/\/grappa.no\/no\/wp-json\/wp\/v2\/media\/27594"}],"wp:attachment":[{"href":"https:\/\/grappa.no\/no\/wp-json\/wp\/v2\/media?parent=397"}],"wp:term":[{"taxonomy":"product_brand","embeddable":true,"href":"https:\/\/grappa.no\/no\/wp-json\/wp\/v2\/product_brand?post=397"},{"taxonomy":"product_cat","embeddable":true,"href":"https:\/\/grappa.no\/no\/wp-json\/wp\/v2\/product_cat?post=397"},{"taxonomy":"product_tag","embeddable":true,"href":"https:\/\/grappa.no\/no\/wp-json\/wp\/v2\/product_tag?post=397"}],"curies":[{"name":"wp","href":"https:\/\/api.w.org\/{rel}","templated":true}]}}