{"id":39672,"date":"2022-04-05T13:17:26","date_gmt":"2022-04-05T12:17:26","guid":{"rendered":"https:\/\/grappa.no\/?post_type=product&#038;p=39672"},"modified":"2024-09-09T09:11:05","modified_gmt":"2024-09-09T08:11:05","slug":"ketil-bjornstad-new-morning","status":"publish","type":"product","link":"https:\/\/grappa.no\/no\/albums\/grappa\/ketil-bjornstad-new-morning\/","title":{"rendered":"New Morning"},"content":{"rendered":"<p><\/p>\n<p>Gjennom snart 50 \u00e5r har Ketil Bj\u00f8rnstad gitt ut mer enn 70 album, der han selv enten er hovedartist, komponist eller musiker i tett samarbeid med andre store norske artister. 10.januar 1969, debuterte den seksten \u00e5r gamle Bj\u00f8rnstad som pianist med Filharmonien i Universitetets Aula og ble med det, musiker p\u00e5 heltid.<\/p>\n<p><\/p>\n<p><strong>Ny morgen i en nedstengt by. <\/strong><\/p>\n<p>V\u00e5ren 2020 ble landet nedstengt. Etter hvert begynte kreative krefter \u00e5 se p\u00e5 ulike l\u00f8sninger for \u00e5 fremme kultur i en ellers dyster situasjon. Christer Falck tok initiativ til en streaming-festival p\u00e5 Sentralen i Oslo. Bj\u00f8rnstad takket ja til \u00e5 v\u00e6re med, og slik var ogs\u00e5 et nytt albumprosjekt satt i gang.<\/p>\n<ul>\n<li>Jeg forberedte meg p\u00e5 en konsert som jeg tenkte skulle bli sv\u00e6rt innadvendt, uten store kontraster, som et ekko av den tiden vi levde i akkurat n\u00e5, oftest alene med v\u00e5re tanker. Jeg ba om \u00e5 komme i gang hurtigst mulig, og da jeg startet var det i det tomme rom, med en improvisasjon. Jeg satt alene i en vakker marmorsal med et kamera i front og to p\u00e5 siden, og mikrofoner der de pleide \u00e5 v\u00e6re. Det eneste jeg visste var at jeg skulle spille i fem kvarter uten pause, og at konserten absolutt ikke ville bli s\u00e5 innadvendt som jeg f\u00f8rst hadde trodd. Musikken lot seg ikke stanse av korona. Musikken gjorde alt sterkere, og flygelet var fantastisk, forteller Bj\u00f8rnstad.<\/li>\n<\/ul>\n<p>Albumet \u00ab<strong>New Morning<\/strong>\u00bb slippes p\u00e5 CD som inkluderer DVD av konserten gjort i Marmorsalen p\u00e5 Sentralen.<\/p>\n<p><strong>\u00abSommernatt ved fjorden\u00bb<\/strong><\/p>\n<p>Ikke bare slipper Ketil Bj\u00f8rnstad nytt album 22.april, men diktsamlingen \u00ab<strong>Sommernatt ved fjorden \u2013 Kj\u00e6rlighetsdikt gjennom 50 \u00e5r<\/strong>\u00bb kommer ogs\u00e5 for salg samme dag, utgitt p\u00e5 Aschehoug forlag. Bj\u00f8rnstad har skrevet dikt siden han var ti \u00e5r, men han skriver selv i forordet at det mest var lek med ord. F\u00f8rst da han som atten\u00e5ring kom inn i musiker- og forfattermilj\u00f8et rundt Ole Paus, ble det alvor, og han debuterte med diktsamlingen \u00ab<strong>Alene ut\u00bb<\/strong> i 1972. Han sier selv at han fra da av skrev dikt p\u00e5 en annen m\u00e5te, og mye av det han skrev ble ogs\u00e5 til musikk. Hva kom f\u00f8rst: Ordet eller musikken?\u00abSommernatt ved fjorden\u00bb er en samling som b\u00e5de inneholder dikt som aldri fant frem til musikken, og dikt som Bj\u00f8rnstad senere har tonesatt. I denne boken kan de leses p\u00e5 ordenes premisser. Boken er illustrert med grafiske arbeider av Gro Mukta Holter.<\/p>\n<p>","protected":false},"excerpt":{"rendered":"<p>Ketil Bj\u00f8rnstad fyller 70 \u00e5r og feirer med nytt album og bok!<\/p>\n<p>Gjennom snart 50 \u00e5r har Ketil Bj\u00f8rnstad gitt ut mer enn 70 album, der han selv enten er hovedartist, komponist eller musiker i tett samarbeid med andre store norske artister. 10.januar 1969, debuterte den seksten \u00e5r gamle Bj\u00f8rnstad som pianist med Filharmonien i Universitetets Aula og ble med det, musiker p\u00e5 heltid.<\/p>\n","protected":false},"featured_media":39673,"comment_status":"closed","ping_status":"closed","template":"","meta":[],"product_brand":[],"product_cat":[6],"product_tag":[],"class_list":{"0":"post-39672","1":"product","2":"type-product","3":"status-publish","4":"has-post-thumbnail","6":"product_cat-grappa","7":"product_shipping_class-cddvd-shipping","8":"uni_main_artist_tag-ketil-bjornstad","10":"first","11":"outofstock","12":"taxable","13":"shipping-taxable","14":"purchasable","15":"product-type-simple"},"_links":{"self":[{"href":"https:\/\/grappa.no\/no\/wp-json\/wp\/v2\/product\/39672","targetHints":{"allow":["GET"]}}],"collection":[{"href":"https:\/\/grappa.no\/no\/wp-json\/wp\/v2\/product"}],"about":[{"href":"https:\/\/grappa.no\/no\/wp-json\/wp\/v2\/types\/product"}],"replies":[{"embeddable":true,"href":"https:\/\/grappa.no\/no\/wp-json\/wp\/v2\/comments?post=39672"}],"wp:featuredmedia":[{"embeddable":true,"href":"https:\/\/grappa.no\/no\/wp-json\/wp\/v2\/media\/39673"}],"wp:attachment":[{"href":"https:\/\/grappa.no\/no\/wp-json\/wp\/v2\/media?parent=39672"}],"wp:term":[{"taxonomy":"product_brand","embeddable":true,"href":"https:\/\/grappa.no\/no\/wp-json\/wp\/v2\/product_brand?post=39672"},{"taxonomy":"product_cat","embeddable":true,"href":"https:\/\/grappa.no\/no\/wp-json\/wp\/v2\/product_cat?post=39672"},{"taxonomy":"product_tag","embeddable":true,"href":"https:\/\/grappa.no\/no\/wp-json\/wp\/v2\/product_tag?post=39672"}],"curies":[{"name":"wp","href":"https:\/\/api.w.org\/{rel}","templated":true}]}}