{"id":39656,"date":"2022-03-25T12:36:00","date_gmt":"2022-03-25T11:36:00","guid":{"rendered":"https:\/\/grappa.no\/?post_type=product&#038;p=39656"},"modified":"2025-06-13T14:16:42","modified_gmt":"2025-06-13T13:16:42","slug":"dont-trust-the-moon","status":"publish","type":"product","link":"https:\/\/grappa.no\/no\/albums\/blue-mood-records\/dont-trust-the-moon\/","title":{"rendered":"Don&#8217;t Trust The Moon"},"content":{"rendered":"<p><\/p>\n<div>\n<p>Ny plate fra Trond Svendsen &amp; Tuxedos. \u00abDon\u2019t trust the moon\u00bb er bandets tredje album. Fra klassisk heartlandrock til m\u00f8rk countryvals. Trond Svendsen tar lytteren med p\u00e5 en reise, med sin myke, varme stemme. Lytteopplevelsen g\u00e5r fra \u00e5 v\u00e6re hjemlig, til \u00e5 bokstavelig talt f\u00f8le at man er p\u00e5 en roadtrip p\u00e5 den \u00e5pne veien. En dynamisk plate som representerer den beste utgaven av gruppa til n\u00e5.<\/p>\n<\/div>\n<div><\/div>\n<p><!--more--><\/p>\n<div class=\"release__PublicationContent-sc-6son67-0 bZLtlA\">\n<div>\n<div>\n<p>\u2013 Samtidig med at pandemien kom, l\u00f8sna skrivebremsen. Det ramlet ut en haug med l\u00e5ter p\u00e5 kort tid. S\u00e5 fort det var lov, m\u00f8ttes vi i \u00f8vingslokalet og begynte \u00e5 kna dem, forteller Trond, som har skrevet tekst og musikk. Men som alltid er l\u00e5tene arrangert fram og meislet ut i n\u00e6rt samarbeid med bandmedlemmene.<\/p>\n<p>Fra f\u00f8r har Trond Svendsen &amp; Tuxedo gitt ut \u00abPalomino Motel\u00bb (2017) og \u00abSmalltown stories\u00bb (2019).<\/p>\n<p><strong>TROND SVENDSEN &amp; TUXEDO ER:<\/strong><\/p>\n<p>Trond Svendsen \u2013 vokal og gitarer<\/p>\n<p>Vidar Tyriberget \u2013 bass<\/p>\n<p>Morten W\u00e6rhaug \u2013 gitarer<\/p>\n<p>Lars Viken \u2013 tangenter<\/p>\n<p>Tommy Kristiansen &#8211; trommer<\/p>\n<\/div>\n<\/div>\n<\/div>\n<section class=\"containers__SectionWrapper-sc-1d04lil-8 kHtFBQ\"><\/section>\n<p><\/p>\n<p>&nbsp;<\/p>","protected":false},"excerpt":{"rendered":"<p>Ny plate fra Trond Svendsen &amp; Tuxedos. \u00abDon\u2019t trust the moon\u00bb er bandets tredje album. Fra klassisk heartlandrock til m\u00f8rk countryvals. Trond Svendsen tar lytteren med p\u00e5 en reise, med sin myke, varme stemme. Lytteopplevelsen g\u00e5r fra \u00e5 v\u00e6re hjemlig, til \u00e5 bokstavelig talt f\u00f8le at man er p\u00e5 en roadtrip p\u00e5 den \u00e5pne veien. En dynamisk plate som representerer den beste utgaven av gruppa til n\u00e5.<\/p>\n","protected":false},"featured_media":39659,"comment_status":"closed","ping_status":"closed","template":"","meta":[],"product_brand":[],"product_cat":[51],"product_tag":[],"class_list":{"0":"post-39656","1":"product","2":"type-product","3":"status-publish","4":"has-post-thumbnail","6":"product_cat-blue-mood-records","7":"product_shipping_class-cddvd-shipping","8":"uni_main_artist_tag-trond-svendsen-tuxedo","9":"uni_artist_genre-americana","10":"uni_artist_genre-country","12":"first","13":"instock","14":"taxable","15":"shipping-taxable","16":"purchasable","17":"product-type-variable","18":"has-default-attributes"},"_links":{"self":[{"href":"https:\/\/grappa.no\/no\/wp-json\/wp\/v2\/product\/39656","targetHints":{"allow":["GET"]}}],"collection":[{"href":"https:\/\/grappa.no\/no\/wp-json\/wp\/v2\/product"}],"about":[{"href":"https:\/\/grappa.no\/no\/wp-json\/wp\/v2\/types\/product"}],"replies":[{"embeddable":true,"href":"https:\/\/grappa.no\/no\/wp-json\/wp\/v2\/comments?post=39656"}],"wp:featuredmedia":[{"embeddable":true,"href":"https:\/\/grappa.no\/no\/wp-json\/wp\/v2\/media\/39659"}],"wp:attachment":[{"href":"https:\/\/grappa.no\/no\/wp-json\/wp\/v2\/media?parent=39656"}],"wp:term":[{"taxonomy":"product_brand","embeddable":true,"href":"https:\/\/grappa.no\/no\/wp-json\/wp\/v2\/product_brand?post=39656"},{"taxonomy":"product_cat","embeddable":true,"href":"https:\/\/grappa.no\/no\/wp-json\/wp\/v2\/product_cat?post=39656"},{"taxonomy":"product_tag","embeddable":true,"href":"https:\/\/grappa.no\/no\/wp-json\/wp\/v2\/product_tag?post=39656"}],"curies":[{"name":"wp","href":"https:\/\/api.w.org\/{rel}","templated":true}]}}