{"id":39652,"date":"2022-03-25T11:44:49","date_gmt":"2022-03-25T10:44:49","guid":{"rendered":"https:\/\/grappa.no\/?post_type=product&#038;p=39652"},"modified":"2025-06-13T14:15:54","modified_gmt":"2025-06-13T13:15:54","slug":"beste-tia-mi","status":"publish","type":"product","link":"https:\/\/grappa.no\/no\/albums\/grappa\/beste-tia-mi\/","title":{"rendered":"Beste tia mi"},"content":{"rendered":"<p><\/p>\n<div><strong>Frode Aln\u00e6s kan i \u00e5r feire 40 \u00e5r som profesjonell musiker og artist. Og han er mer kreativ, aktiv og produktiv en noensinne: \u00abBeste tia mi\u00bb er hans nye soloalbum!\u00a0<\/strong><\/div>\n<div><\/div>\n<p><!--more--><\/p>\n<div class=\"release__PublicationContent-sc-6son67-0 bZLtlA\">\n<div>\n<div>\n<h4>Frode Aln\u00e6s var den f\u00f8rste som gikk ut av den nyopprettede jazzlinja ved Trondheim musikkonservatorium i 1982. Han gikk ut med 1 blank i gitarspilling, og var et stort talent som raskt ble fanget opp av etablerte musikermilj\u00f8er i Oslo. Siden 1982 har han levd av musikken, og merittlisten er uendelig lang.\u00a0I dag er han ute med ny musikk, og feirer plateslipp n\u00e5r &#8220;Frode &amp; The Frogs&#8221; inntar scenen p\u00e5 Herr Nilsen p\u00e5 l\u00f8rdag 5.mars!<\/h4>\n<\/div>\n<h4><em>&#8211; &#8220;Jeg er alltid i gang, og hodet mitt er fylt med musikk fra morgen til kveld. Jeg er utrolig stolt og takknemlig over \u00e5 kunne leve godt av musikken i 40 \u00e5r. S\u00e5nt m\u00e5 feires med \u00e5 gi ut ny musikk p\u00e5 norsk&#8221;\u00a0<\/em>&#8211; Frode Aln\u00e6s.<\/h4>\n<div><\/div>\n<div>\u00abBeste tia mi\u00bb er blitt et inderlig og helhetlig popalbum, fylt med den ene sterke l\u00e5ten etter den andre. Det er variasjon og godt spenn i repertoaret som er b\u00e5de lekent og ledig, der det melankolske m\u00f8ter det h\u00e5pefulle. Aln\u00e6s selv kaller dette en optimistisk plate, som reflekterer livet.<\/div>\n<h4>Selv ser han seg sjelden tilbake. Frode blir inspirert av \u00e5 se fremover og er stadig like ambisi\u00f8s og nysgjerrig i dag som da han fikk sin f\u00f8rste gitar som 11-\u00e5ring:<\/h4>\n<div><\/div>\n<div><em>&#8211; &#8220;Jeg blir alltid inspirert av \u00e5 jobbe med nye folk, p\u00e5 nye steder og i nye settinger. Denne gangen \u00f8nsket jeg \u00e5 stille med blanke ark s\u00e5nn sett. Vi endte opp med \u00e5 spille inn albumet et sted jeg aldri hadde v\u00e6rt f\u00f8r; i Sarons dal i Kvinesdal, som er hjembygda til produsent og trommis Thomas Gallatin. Der disponerer han det gamle studioet til selveste Aril Edvardsen. Og med oss i studio fikk vi med et topplag av dyktige musikere fra Agder og Rogaland, de fleste hadde jeg ikke m\u00f8tt f\u00f8r. Jeg er veldig forn\u00f8yd med resultatet, og gleder meg til \u00e5 gi ut 11 helt nye l\u00e5ter med norske tekster av blant andre Ingvar Hovland. Jeg h\u00e5per folk vil like det de h\u00f8rer.&#8221; &#8211;\u00a0<\/em>Frode Aln\u00e6s.<\/div>\n<div><\/div>\n<div>Frode Aln\u00e6s regnes som en av Norges beste gitarister og suksessrike artister og l\u00e5tskrivere. Han har gjennom 40 \u00e5r v\u00e6rt en produktiv l\u00e5tskriver, og har skrevet musikk til egne prosjekter og\u00a0andres.<\/div>\n<div>\u00abBeste tia mi\u00bb er Frodes femte soloplate i eget navn. Han er sjefen og opphavsmann til samtlige av l\u00e5tene til \u00abDance With A Stranger\u00bb, og bandet har gitt ut \u00e5tte plater sammen.<\/div>\n<div>Frode har ogs\u00e5 medvirket som l\u00e5tskriver og gitarist p\u00e5 en rekke album i inn- og utland.<\/div>\n<div>Hans lange og eventyrlige musikalske livsreise har gitt ham mye heder og \u00e6re, blant annet tre Spellemannspriser og hans melodi \u00abVitae Lux\u00bb l\u00e5 hele 10 uker p\u00e5 den klassiske Billboard-listen m\/ Sissel Kyrkjeb\u00f8 og Mormon Tabernacle choir.<\/div>\n<\/div>\n<\/div>\n<section class=\"containers__SectionWrapper-sc-1d04lil-8 kHtFBQ\"><\/section>\n<p><\/p>\n<p>&nbsp;<\/p>","protected":false},"excerpt":{"rendered":"<p>\u00abBeste tia mi\u00bb er et inderlig og helhetlig popalbum, fylt med den ene sterke l\u00e5ten etter den andre. Det er variasjon og godt spenn i repertoaret som er b\u00e5de lekent og ledig, der det melankolske m\u00f8ter det h\u00e5pefulle. Aln\u00e6s selv kaller dette en optimistisk plate, som reflekterer livet.<\/p>\n","protected":false},"featured_media":39655,"comment_status":"closed","ping_status":"closed","template":"","meta":[],"product_brand":[],"product_cat":[6],"product_tag":[],"class_list":{"0":"post-39652","1":"product","2":"type-product","3":"status-publish","4":"has-post-thumbnail","6":"product_cat-grappa","7":"product_shipping_class-cddvd-shipping","8":"uni_artist_tag-frode-alnaes","9":"uni_main_artist_tag-frode-alnaes","10":"uni_artist_genre-norsk-pop","11":"uni_artist_genre-pop","12":"uni_artist_genre-singer-songwriter","13":"uni_artist_genre-visepop","14":"uni_artist_genre-viser","16":"first","17":"instock","18":"taxable","19":"shipping-taxable","20":"purchasable","21":"product-type-variable","22":"has-default-attributes"},"_links":{"self":[{"href":"https:\/\/grappa.no\/no\/wp-json\/wp\/v2\/product\/39652","targetHints":{"allow":["GET"]}}],"collection":[{"href":"https:\/\/grappa.no\/no\/wp-json\/wp\/v2\/product"}],"about":[{"href":"https:\/\/grappa.no\/no\/wp-json\/wp\/v2\/types\/product"}],"replies":[{"embeddable":true,"href":"https:\/\/grappa.no\/no\/wp-json\/wp\/v2\/comments?post=39652"}],"wp:featuredmedia":[{"embeddable":true,"href":"https:\/\/grappa.no\/no\/wp-json\/wp\/v2\/media\/39655"}],"wp:attachment":[{"href":"https:\/\/grappa.no\/no\/wp-json\/wp\/v2\/media?parent=39652"}],"wp:term":[{"taxonomy":"product_brand","embeddable":true,"href":"https:\/\/grappa.no\/no\/wp-json\/wp\/v2\/product_brand?post=39652"},{"taxonomy":"product_cat","embeddable":true,"href":"https:\/\/grappa.no\/no\/wp-json\/wp\/v2\/product_cat?post=39652"},{"taxonomy":"product_tag","embeddable":true,"href":"https:\/\/grappa.no\/no\/wp-json\/wp\/v2\/product_tag?post=39652"}],"curies":[{"name":"wp","href":"https:\/\/api.w.org\/{rel}","templated":true}]}}