{"id":396,"date":"1999-11-11T00:00:00","date_gmt":"1999-11-10T23:00:00","guid":{"rendered":"http:\/\/www.grappa.no\/albums\/uncategorized\/johan-halvorsen-stage-music-vol-1\/"},"modified":"2025-03-17T11:43:45","modified_gmt":"2025-03-17T10:43:45","slug":"johan-halvorsen-stage-music-vol-1","status":"publish","type":"product","link":"https:\/\/grappa.no\/no\/albums\/simax-classics\/johan-halvorsen-stage-music-vol-1\/","title":{"rendered":"Johan Halvorsen: Stage music, vol 1"},"content":{"rendered":"<p><\/p>\n<p>Eventyrlige musikkfortellinger av Johan Halvorsen<\/p>\n<p>Terje Mikkelsen og latvias nasjonale symfoniorkester tar oss med tilbake til Nationaltheatrets gullalder, og viser oss musikalske skatter av Norges fremste komponist av dramatisk musikk: Johan Halvorsen (1864-1935).<\/p>\n<p>I 20 \u00e5r, helt frem til 1919, dirigerte Johan Halvorsen Norges st\u00f8rste profesjonelle symfoniorkester i Nationaltheateret. Blant hans rundt 170 komposisjoner inntar teatermusikken derfor en stor plass. Platen inneholder tre suiter av musikk som Halvorsen skrev til oppsetninger av Gurre, Askeladden og Kj\u00f8bmannen i Venedig, og er den eneste innspillingen som finnes av disse suitene, som til tross for mange lovord fra samtidas musikkritikere er lite kjent i dag.<\/p>\n<p>Med tematisk oppfinnsomhet, pikante detaljer, dramatiske effekter og eksotiske stemninger f\u00f8rer Halvorsens musikk oss gjennom den sagnomsuste kj\u00e6rlighetshistorien Gurre, og Shakespeares drama Kj\u00f8bmannen i Venedig. Suiten Askeladden spenner stilistisk sett over et vidt felt som p\u00e5 mange m\u00e5ter kan sies \u00e5 oppsummere Halvorsens lange virke som Norges fremste komponist av dramatisk musikk til n\u00e6r sagt enhver anledning.<\/p>\n<p><!--more--><\/p>\n<h4><\/h4>\n<h4><\/h4>\n<h4><\/h4>\n<p><\/p>","protected":false},"excerpt":{"rendered":"<p class=\"qtranxs-available-languages-message qtranxs-available-languages-message-no\">Post is not available in the requested language<\/p>\n<p>With thematic ingenuity, spicy details, dramatic effects and exotic moods Halvorsen&#8217;s music leads us through the legendary love story Gurre, and Shakespeare drama The Merchant of Venice.<\/p>\n","protected":false},"featured_media":27593,"comment_status":"closed","ping_status":"closed","template":"","meta":[],"product_brand":[],"product_cat":[180],"product_tag":[],"class_list":{"0":"post-396","1":"product","2":"type-product","3":"status-publish","4":"has-post-thumbnail","6":"product_cat-simax-classics","7":"product_shipping_class-cddvd-shipping","8":"uni_artist_tag-erik-gard-amundsen","9":"uni_artist_tag-johan-halvorsen","10":"uni_artist_tag-latvia-national-symph-orchestra","11":"uni_artist_tag-terje-mikkelsen","12":"uni_main_artist_tag-latvia-national-symph-orchestra","13":"uni_artist_genre-norwegian","14":"uni_artist_genre-orchestral","15":"uni_artist_genre-stage","16":"uni_artist_genre-world-premiere-recording","18":"first","19":"outofstock","20":"taxable","21":"shipping-taxable","22":"purchasable","23":"product-type-simple"},"_links":{"self":[{"href":"https:\/\/grappa.no\/no\/wp-json\/wp\/v2\/product\/396","targetHints":{"allow":["GET"]}}],"collection":[{"href":"https:\/\/grappa.no\/no\/wp-json\/wp\/v2\/product"}],"about":[{"href":"https:\/\/grappa.no\/no\/wp-json\/wp\/v2\/types\/product"}],"replies":[{"embeddable":true,"href":"https:\/\/grappa.no\/no\/wp-json\/wp\/v2\/comments?post=396"}],"wp:featuredmedia":[{"embeddable":true,"href":"https:\/\/grappa.no\/no\/wp-json\/wp\/v2\/media\/27593"}],"wp:attachment":[{"href":"https:\/\/grappa.no\/no\/wp-json\/wp\/v2\/media?parent=396"}],"wp:term":[{"taxonomy":"product_brand","embeddable":true,"href":"https:\/\/grappa.no\/no\/wp-json\/wp\/v2\/product_brand?post=396"},{"taxonomy":"product_cat","embeddable":true,"href":"https:\/\/grappa.no\/no\/wp-json\/wp\/v2\/product_cat?post=396"},{"taxonomy":"product_tag","embeddable":true,"href":"https:\/\/grappa.no\/no\/wp-json\/wp\/v2\/product_tag?post=396"}],"curies":[{"name":"wp","href":"https:\/\/api.w.org\/{rel}","templated":true}]}}