{"id":39573,"date":"2022-01-06T07:00:10","date_gmt":"2022-01-06T06:00:10","guid":{"rendered":"https:\/\/grappa.no\/?post_type=product&#038;p=39573"},"modified":"2022-01-05T16:00:08","modified_gmt":"2022-01-05T15:00:08","slug":"det-e-hardt-a-vaere-bitch","status":"publish","type":"product","link":"https:\/\/grappa.no\/no\/albums\/grappa\/det-e-hardt-a-vaere-bitch\/","title":{"rendered":"Det e hardt \u00e5 v\u00e6re bitch"},"content":{"rendered":"<p><\/p>\n<div class=\"\">\n<p>\u00abDet e hardt \u00e5 v\u00e6re bitch\u00bb er en historie med en klar parallell til Iren Reppens forrige CD og konsertforestilling \u00abDet e hardt \u00e5 v\u00e6re mainn\u00bb. Begge handler om makt og om en kvinnse som har mer makt enn hun kanskje er klar over.<\/p>\n<\/div>\n<p><!--more--><\/p>\n<div class=\"\">\n<div class=\"release__PublicationContent-sc-6son67-0 kJGQom\">\n<p>Det er mye som er virkelig, mye som har skjedd i virkeligheten av det som formidles p\u00e5 denne CD-utgivelsen. Men i dette eventyret, som det jo faktisk er, m\u00f8ter vi ei jente fra nords som har store dr\u00f8mmer, store ambisjoner, og som oppn\u00e5r stor makt. Hva gj\u00f8r makt med et menneske. Lytt og d\u00f8m selv.<\/p>\n<p>Dette er et litt uvanlig album. Det er ti l\u00e5ter, og ti mellomtekster som er basert p\u00e5 konsertforestillingen \u00abDet e hardt \u00e5 v\u00e6re bitch.\u00bb. Men det er likevel et helt vanlig album med l\u00e5ter som andre album. De har bare en historie som fors\u00f8ker og binde alt sammen.<\/p>\n<p>Albumet er spilt inn i studie med \u00f8nske om \u00e5 gi lytteren en s\u00e5 \u00ablive\u00bb opplevelse som mulig. Pr\u00f8vetiden ved Det Norske Teatret har gitt bandet gode muligheter og tid til \u00e5 utvikle ideer og sound for hver enkelt av Svein Gundersens l\u00e5ter, samt eventyrstemningen og rollespill i samarbeid med regiss\u00f8r Nils Petter M\u00f8rland.<\/p>\n<p>Iren Reppen har en sammensatt karriere som skuespiller, artist \u2013 og sjef! Det er denne siste rollen, som sjef, hun her tar tak i \u2013 som skuespiller og artist. Tidligere har Iren Reppen gitt ut CD-en \u00abDet e hardt \u00e5 v\u00e6re mainn\u00bb (der finner man sanger som \u00abPene menn\u00bb og \u00abBed\u00f8v m\u00e6\u00bb). Ogs\u00e5 den gang med Svein Gundersen. \u00abDet e hardt \u00e5 v\u00e6re bitch\u00bb er en historie med en klar parallell til \u00abDet e hardt \u00e5 v\u00e6re mainn\u00bb. Begge handler om makt, og om en kvinne som har mer makt enn hun kanskje selv er klar over.<\/p>\n<\/div>\n<section class=\"containers__SectionWrapper-sc-1d04lil-8 dofgTq\"><\/section>\n<\/div>\n<p><\/p>","protected":false},"excerpt":{"rendered":"<div class=\"\">\n<p>\u00abDet e hardt \u00e5 v\u00e6re bitch\u00bb er en historie med en klar parallell til Iren Reppens forrige CD og konsertforestilling \u00abDet e hardt \u00e5 v\u00e6re mainn\u00bb. Begge handler om makt og om en kvinne som har mer makt enn hun kanskje er klar over.<\/p>\n<\/div>\n<p>&nbsp;<\/p>\n","protected":false},"featured_media":39574,"comment_status":"closed","ping_status":"closed","template":"","meta":[],"product_brand":[],"product_cat":[6],"product_tag":[],"class_list":{"0":"post-39573","1":"product","2":"type-product","3":"status-publish","4":"has-post-thumbnail","6":"product_cat-grappa","7":"product_shipping_class-cddvd-shipping","8":"uni_artist_tag-iren-reppen","9":"uni_main_artist_tag-iren-reppen","11":"first","12":"instock","13":"taxable","14":"shipping-taxable","15":"purchasable","16":"product-type-simple"},"_links":{"self":[{"href":"https:\/\/grappa.no\/no\/wp-json\/wp\/v2\/product\/39573","targetHints":{"allow":["GET"]}}],"collection":[{"href":"https:\/\/grappa.no\/no\/wp-json\/wp\/v2\/product"}],"about":[{"href":"https:\/\/grappa.no\/no\/wp-json\/wp\/v2\/types\/product"}],"replies":[{"embeddable":true,"href":"https:\/\/grappa.no\/no\/wp-json\/wp\/v2\/comments?post=39573"}],"wp:featuredmedia":[{"embeddable":true,"href":"https:\/\/grappa.no\/no\/wp-json\/wp\/v2\/media\/39574"}],"wp:attachment":[{"href":"https:\/\/grappa.no\/no\/wp-json\/wp\/v2\/media?parent=39573"}],"wp:term":[{"taxonomy":"product_brand","embeddable":true,"href":"https:\/\/grappa.no\/no\/wp-json\/wp\/v2\/product_brand?post=39573"},{"taxonomy":"product_cat","embeddable":true,"href":"https:\/\/grappa.no\/no\/wp-json\/wp\/v2\/product_cat?post=39573"},{"taxonomy":"product_tag","embeddable":true,"href":"https:\/\/grappa.no\/no\/wp-json\/wp\/v2\/product_tag?post=39573"}],"curies":[{"name":"wp","href":"https:\/\/api.w.org\/{rel}","templated":true}]}}