{"id":39528,"date":"2022-08-19T07:00:49","date_gmt":"2022-08-19T06:00:49","guid":{"rendered":"https:\/\/grappa.no\/?post_type=product&#038;p=39528"},"modified":"2022-08-19T08:52:14","modified_gmt":"2022-08-19T07:52:14","slug":"sympathetic-magic","status":"publish","type":"product","link":"https:\/\/grappa.no\/no\/albums\/hubro\/sympathetic-magic\/","title":{"rendered":"Sympathetic Magic"},"content":{"rendered":"<p><\/p>\n<p><strong>\u00abSympathetic Magic\u00bb er et ekstatisk og r\u00f8rende musikkverk. Verket troner p\u00e5 toppen av Kim Myhrs jevnt voksende og betydelige produksjon som artist og komponist.<\/strong><\/p>\n<p><!--more--><\/p>\n<p>Albumet er oppf\u00f8lgeren til Kim Myhr\u2019s album You | me (2017), som fikk mye ros internasjonalt og mottok en \u00abhonorary mention\u00bb p\u00e5 Nordic Music Prize 2018. Den omsluttende varmen fra You | me er fortsatt til stede, men \u00abSympathetic Magic\u00bb er mer ekspansiv enn forgjengeren.\u00a0 Et band best\u00e5ende av \u00e5tte musikere som spiller p\u00e5 en utvidet instrumentpark med blant annet elektriske 12-strengsgitarer, trommemaskiner, vokal, synthezisere, orgel og trommer og perkusjon,\u00a0har skapt et verk i st\u00f8rre skala.<\/p>\n<p>De skimrende b\u00f8lgene i You | me har blitt byttet ut med kosmiske str\u00f8mmer i Sympathetic Magic, en samling sangstrukturer som har vokst til et verk av symfoniske proporsjoner.\u00a0 \u00abMed You | me ville jeg skape et hav av lyd, hvor lytteren er omringet av utallige elementer som er likeverdige i musikken. Jeg ville utfordre dette litt, og heve fram visse elementer. Resultatet er en mer melodisk musikk enn det jeg har gjort f\u00f8r\u00bb. \u2013 Kim Myhr<\/p>\n<p>Rett f\u00f8r han startet arbeidet med Sympathetic Magic, kj\u00f8pte Kim et gammelt Yamaha-orgel (YC45d) fra 70-tallet, etter \u00e5 ha forelsket seg i lyden p\u00e5 ulike utgivelser. Opprinnelig var instrumentet tenkt \u00e5 v\u00e6re et diskret element i det nye verket, men det endte opp med \u00e5 bli et midtpunkt i musikken.\u00a0 \u00abDet har en briljant, rett-i-fjeset lyd som brakte en ekstatisk kvalitet til musikken. \u00c5 leke seg fram med dette instrumentet, i tillegg til en Roland Juno synth fra 80-tallet og en ny trommemaskin, tok musikken i nye retninger\u00bb.<\/p>\n<p>Tematisk sirkler \u00abSympathetic Magic\u00bb rundt en lengsel etter samhold og kollektivitet. Da verden var under lockdown i 2021, fikk Kim muligheten til \u00e5 dykke dypt inn i prosjektet, takket v\u00e6re en bestilling fra Oslo Jazz Festival. Han arbeidet med medlemmene i bandet, en etter en: \u00abMusikken skapte en situasjon av uventet positivitet. Det f\u00f8ltes som et sosialt prosjekt selv om jeg mesteparten av tiden var alene. All denne positive, muntre energien f\u00f8ltes magisk, den oppsto som i l\u00f8se luften i en temmelig m\u00f8rk situasjon. Hele prosessen f\u00f8ltes som en hallusinasjon. Sympathetic Magic er som en dr\u00f8m inne i en dr\u00f8m\u00bb<\/p>\n<p>Tittelen p\u00e5 albumet er et begrep som stammer fra James Frazers \u00abThe Golden Bough\u00bb. Han sier om Sympathetic Magic: \u00abting som en gang har v\u00e6rt i kontakt med hverandre vil fortsette \u00e5 p\u00e5virke hverandre p\u00e5 avstand, etter den fysiske kontakten er blitt brutt.\u00bb<\/p>\n<p>\u00abI en nedstengt verden hvor all v\u00e5r kontakt ved utsiden plutselig er fjern eller frav\u00e6rende, blir grensen mellom det ekte og det imagin\u00e6re utydelig. Jeg f\u00f8lte at begrepet perfekt oppsummerte tankene, prosessene og f\u00f8lelsene som ligger bak dette albumet.<\/p>\n<p>Gitarist og komponist\u00a0<strong>Kim Myhr\u00a0<\/strong>har turnert internasjonalt siden tidlig 2000-tallet og har gitt ut flere album under eget navn. Albumet You | me (2017) ble nominert til Nordic Music Prize 2018, og ble hyllet vidt internasjonalt. Hans forrige plate Vesper med Australian Art Orchestra ble nominert til Spellemannprisen 2020 i kategorien \u00abSamtid\u00bb. The Guardian har omtalt Myhr som \u201ca master of slow-morphing rhythms and sun-dappled<strong> textures<\/strong> that seem to glow from the inside&#8221;. Som komponist har han skrevet musikk for Australian Art Orchestra, Quatuor Bozzini, Kitchen Orchestra, Trondheim Jazz\u00a0Orchestra, og han har ogs\u00e5 samarbeidet med\u00a0Jenny Hval, Lasse Marhaug, Christian Wallumr\u00f8d og mange <strong>flere.<\/strong><\/p>\n<p><em>\u201cKim Myhr is a master of slow-morphing rhythms and sun-dappled textures that seem to glow from the inside\u201d<\/em>.<\/p>\n<ul>\n<li><strong>The Guardian<\/strong><\/li>\n<\/ul>\n<h4><\/h4>\n<p><\/p>","protected":false},"excerpt":{"rendered":"<p><strong>\u00abSympathetic Magic\u00bb er et ekstatisk og r\u00f8rende musikkverk. Verket troner p\u00e5 toppen av Kim Myhrs jevnt voksende og betydelige produksjon som artist og komponist.<\/strong><\/p>\n","protected":false},"featured_media":39531,"comment_status":"closed","ping_status":"closed","template":"","meta":[],"product_brand":[],"product_cat":[36],"product_tag":[],"class_list":{"0":"post-39528","1":"product","2":"type-product","3":"status-publish","4":"has-post-thumbnail","6":"product_cat-hubro","7":"product_shipping_class-cddvd-shipping","8":"uni_artist_tag-adrian-myhr","9":"uni_artist_tag-anja-lauvdal","10":"uni_artist_tag-david-stackenas","11":"uni_artist_tag-hans-hulbaekmo","12":"uni_artist_tag-havard-volden","13":"uni_artist_tag-ingar-zach","14":"uni_artist_tag-kim-myhr","15":"uni_artist_tag-martin-myrvold","16":"uni_artist_tag-michaela-antalova","17":"uni_artist_tag-stig-gunnar-ringen","18":"uni_main_artist_tag-kim-myhr","19":"uni_artist_genre-experimental","21":"first","22":"instock","23":"taxable","24":"shipping-taxable","25":"purchasable","26":"product-type-variable","27":"has-default-attributes"},"_links":{"self":[{"href":"https:\/\/grappa.no\/no\/wp-json\/wp\/v2\/product\/39528","targetHints":{"allow":["GET"]}}],"collection":[{"href":"https:\/\/grappa.no\/no\/wp-json\/wp\/v2\/product"}],"about":[{"href":"https:\/\/grappa.no\/no\/wp-json\/wp\/v2\/types\/product"}],"replies":[{"embeddable":true,"href":"https:\/\/grappa.no\/no\/wp-json\/wp\/v2\/comments?post=39528"}],"wp:featuredmedia":[{"embeddable":true,"href":"https:\/\/grappa.no\/no\/wp-json\/wp\/v2\/media\/39531"}],"wp:attachment":[{"href":"https:\/\/grappa.no\/no\/wp-json\/wp\/v2\/media?parent=39528"}],"wp:term":[{"taxonomy":"product_brand","embeddable":true,"href":"https:\/\/grappa.no\/no\/wp-json\/wp\/v2\/product_brand?post=39528"},{"taxonomy":"product_cat","embeddable":true,"href":"https:\/\/grappa.no\/no\/wp-json\/wp\/v2\/product_cat?post=39528"},{"taxonomy":"product_tag","embeddable":true,"href":"https:\/\/grappa.no\/no\/wp-json\/wp\/v2\/product_tag?post=39528"}],"curies":[{"name":"wp","href":"https:\/\/api.w.org\/{rel}","templated":true}]}}