{"id":39512,"date":"2022-05-27T07:00:23","date_gmt":"2022-05-27T06:00:23","guid":{"rendered":"https:\/\/grappa.no\/?post_type=product&#038;p=39512"},"modified":"2022-05-27T08:00:50","modified_gmt":"2022-05-27T07:00:50","slug":"call-home","status":"publish","type":"product","link":"https:\/\/grappa.no\/no\/albums\/heilo\/call-home\/","title":{"rendered":"Call Home"},"content":{"rendered":"<p><\/p>\n<p>Den oslobaserte amerikansk-norske trioen Buster Sledge slepp sitt f\u00f8rste studioalbum, Call Home. Dette er oppf\u00f8lgjaren til albumet Spirit, som bandet sj\u00f8lv produserte og gav ut i 2020.<\/p>\n<p><!--more--><\/p>\n<p>I Buster Sledge er det fele, banjo, gitar og tre songstemmer som ber historiene fram langs eit orkestralt bakteppe forankra i akustiske musikktradisjonar fr\u00e5 USA. Hovudvokalist og l\u00e5tskrivar, Michael Barrett Donovan, kjem fr\u00e5 Nord-California, og let personleg erfaring smelte saman med arketypar fr\u00e5 folk- og countrymusikken. Slik vert nytt liv bl\u00e5st inn i velkjende songstrukturar. Gjennom Call Home sine elleve spor, l\u00f8ftar Buster Sledge p\u00e5 hatten til artistar som Norman Blake, Punch Brothers, Tim O&#8217;Brien og John Hartford.<\/p>\n<p>Trioen var f\u00f8rste band ut i Sjur Lyseid (Little Hands of Asphalt) sitt nyopna Globus Studio. Lyseid har leia bandet inn i eit noko utvida akustisk lydlandskap der arrangementa er meir straumlinjeforma \u2013 som igjen st\u00e5r i kledeleg samspel til William Hay sitt omslagsbilete der breie penselstr\u00f8k i impresjonistiske fargar viser ein einsleg ryttar som skodar ut over ein stor elvedal.<\/p>\n<p>Banjospelar Mikael Jonassen fr\u00e5 Bod\u00f8, er den f\u00f8rste i Noreg som har tatt h\u00f8gare utdanning p\u00e5 dette instrumentet. Sj\u00f8lv om det heile byrja med ein elektrisk banjo og fusion-jazz, fordjuper han seg for tida i akustisk banjo i Scruggs-stil via spelet til B\u00e9la Fleck. Han har tatt fleire turar til USA for \u00e5 l\u00e6re av meistrane der. Jakob Folke Ossum, jazzgitaristen som blei flat-picking aficionado, oppdaga lyden av akustisk plekterbruk gjennom Tony Rice og Bryan Sutton og studerte plater og videoar n\u00f8ye for \u00e5 l\u00e6re seg teknikken. Felespelar Michael Barrett Donovan levde som musikar i New York City og tok ein mastergrad i klassisk komposisjon medan han turnerte med eit Grateful Dead-hyllestband. Dei tre m\u00f8ttest i eit kommentarfelt p\u00e5 eit bluegrass-forum etter at Donovan hadde flytta til Noreg i 2019. Resten av historia m\u00e5 du sp\u00f8rje dei om p\u00e5 ein konsert ein gong i framtida. Buster Sledge har st\u00e5tt p\u00e5 mange sm\u00e5 og store scenar i S\u00f8r-Noreg \u2013 ikkje la sjansen g\u00e5 fr\u00e5 deg neste gong dei tar turen til dine trakter!<\/p>\n<p><\/p>","protected":false},"excerpt":{"rendered":"<p>Den oslobaserte amerikansk-norske trioen Buster Sledge slepp sitt f\u00f8rste studioalbum, <em>Call Home.<\/em><b>\u00a0<\/b><\/p>\n","protected":false},"featured_media":39515,"comment_status":"closed","ping_status":"closed","template":"","meta":[],"product_brand":[],"product_cat":[35],"product_tag":[],"class_list":{"0":"post-39512","1":"product","2":"type-product","3":"status-publish","4":"has-post-thumbnail","6":"product_cat-heilo","7":"product_shipping_class-cddvd-shipping","8":"uni_artist_tag-jakob-folke-ossum","9":"uni_artist_tag-michael-barrett-donovan","10":"uni_artist_tag-mikael-jonassen","11":"uni_main_artist_tag-buster-sledge","12":"uni_artist_genre-americana","13":"uni_artist_genre-bluegrass","14":"uni_artist_genre-folk-music","16":"first","17":"instock","18":"taxable","19":"shipping-taxable","20":"purchasable","21":"product-type-variable","22":"has-default-attributes"},"_links":{"self":[{"href":"https:\/\/grappa.no\/no\/wp-json\/wp\/v2\/product\/39512","targetHints":{"allow":["GET"]}}],"collection":[{"href":"https:\/\/grappa.no\/no\/wp-json\/wp\/v2\/product"}],"about":[{"href":"https:\/\/grappa.no\/no\/wp-json\/wp\/v2\/types\/product"}],"replies":[{"embeddable":true,"href":"https:\/\/grappa.no\/no\/wp-json\/wp\/v2\/comments?post=39512"}],"wp:featuredmedia":[{"embeddable":true,"href":"https:\/\/grappa.no\/no\/wp-json\/wp\/v2\/media\/39515"}],"wp:attachment":[{"href":"https:\/\/grappa.no\/no\/wp-json\/wp\/v2\/media?parent=39512"}],"wp:term":[{"taxonomy":"product_brand","embeddable":true,"href":"https:\/\/grappa.no\/no\/wp-json\/wp\/v2\/product_brand?post=39512"},{"taxonomy":"product_cat","embeddable":true,"href":"https:\/\/grappa.no\/no\/wp-json\/wp\/v2\/product_cat?post=39512"},{"taxonomy":"product_tag","embeddable":true,"href":"https:\/\/grappa.no\/no\/wp-json\/wp\/v2\/product_tag?post=39512"}],"curies":[{"name":"wp","href":"https:\/\/api.w.org\/{rel}","templated":true}]}}