{"id":395,"date":"2004-07-26T00:00:00","date_gmt":"2004-07-25T23:00:00","guid":{"rendered":"http:\/\/www.grappa.no\/albums\/uncategorized\/sinding-songs-vol-3\/"},"modified":"2023-12-14T20:56:14","modified_gmt":"2023-12-14T19:56:14","slug":"sinding-songs-vol-3","status":"publish","type":"product","link":"https:\/\/grappa.no\/no\/albums\/simax-classics\/sinding-songs-vol-3\/","title":{"rendered":"Sinding Songs vol. 3"},"content":{"rendered":"<p><\/p>\n<p>Trilogien er fullf\u00f8rt<\/p>\n<p>Dette er den tredje og siste utgivelsen i Per Vollestads serie med sanger av Christian Sinding. Da Edvard Grieg i 1899 ble spurt om \u00e5 peke ut tidens beste yngre, nordiske sangkomponister var han ikke i tvil om at Sinding m\u00e5tte nevnes: \u00abGanske spesielt inneholder Sindings romanser saker av stor betydning. Man bebreider ham for at han er for Wagnersk. Men dette gjelder etter mitt skj\u00f8nn kun ved et over-fladisk blikk. Nettopp i sine romanser er han fremfor alt nettopp \u2014 Sinding selv. S\u00e6rlig genial finner jeg hans musikk til Drachmanns dikt\u00bb. <\/p>\n<p>Frem til \u00e5rhundreskiftet hadde Sinding kun beskjeftiget seg med tyske og danske diktere til sine sanger. M\u00e5lstriden raste i Norge, og frem til n\u00e5 hadde Sinding v\u00e6rt en motstander av landsm\u00e5let. Men i f\u00f8lge Ivar Mortensson gikk det s\u00e5 opp for ham at landsm\u00e5let ikke bare var gloser, men ren musikk, og \u00abdaa vart han hugteken med ein einaste gong\u00bb. I l\u00f8pet av ti \u00e5r skapte Sinding n\u00e6rmer 80 sanger p\u00e5 landsm\u00e5l. I f\u00f8lge Mortensson rant sangene ut av pennen hans \u00abso lett som bekkjesildring i ei li\u00bb.<\/p>\n<p><!--more--><\/p>\n<p>Mannen som bar sin hatt som han ville \u2013 og fikk s\u00e5 hatten passet. Slik oppsummerer Per Vollestad Christian Sindings (1856 \u20131941) kunstneriske l\u00f8pebane idet han sluttf\u00f8rer et mer enn 4 \u00e5r langt pionerprosjekt med utgivelsen av Sinding Songs, vol. 3. Den f\u00f8rste ut\u00f8vende doktorgrad noensinne ved Norges musikkh\u00f8gskole er ett resultat av arbeidet \u2013 en sterk kabaretforestilling om Sindings liv og kunst fremf\u00f8rt under Festspillene i Bergen, Det Norske Teatret og p\u00e5 Blaafarveverket i Modum et annet. Og alts\u00e5 3 CD-er med 120 sanger av Sinding, mange av dem har aldri v\u00e6rt h\u00f8rt p\u00e5 plate f\u00f8r.<\/p>\n<h4>Ikke bare gloser, men ren musikk<\/h4>\n<p>Frem til \u00e5rhundreskiftet hadde Sinding kun beskjeftiget seg med tyske og danske diktere til sine sanger. M\u00e5lstriden raste i Norge, og frem til n\u00e5 hadde Sinding v\u00e6rt en motstander av landsm\u00e5let. Men i f\u00f8lge Ivar Mortensson gikk det s\u00e5 opp for ham at landsm\u00e5let ikke bare var gloser, men ren musikk, og \u00abdaa vart han hugteken med ein einaste gong\u00bb. I l\u00f8pet av ti \u00e5r skapte Sinding n\u00e6rmer 80 sanger p\u00e5 landsm\u00e5l. I f\u00f8lge Mortensson rant sangene ut av pennen hans \u00abso lett som bekkjesildring i ei li\u00bb.<\/p>\n<h4>Frem i lyset, endelig<\/h4>\n<p>Sinding var en av sin samtids fremste komponister, men etter hans d\u00f8d i 1941 forsvant interessen for b\u00e5de mannen og musikken. Mye av skylden for dette m\u00e5 Sinding ta p\u00e5 egen kappe. Gjennom hele livet var han konsekvent med \u00e5 brenne manuskripter og papirer som kunne v\u00e6re av interesse for ettertiden. En annen hendelse som bidro til \u00e5 fjerne Sinding fra konsertpodiet etter den andre verdenskrig var det faktum at han \u00e5tte uker f\u00f8r sin d\u00f8d ble innmeldt i NS. At han da selv i lang tid hadde betegnet seg selv som \u00abutilregnelig\u00bb og \u00abst\u00e5ende utenfor seg selv\u00bb visste ikke publikum. I tillegg hadde han v\u00e6rt s\u00e5 godt som d\u00f8v siden 1937. Per Vollestad har i l\u00f8pet av \u00e5rene han har jobbet med Sinding-prosjektet systematisk arbeidet seg igjennom det av noter, brever og papirer som l\u00e5 igjen etter komponisten. I doktoravhandlingen Jeg b\u00e6rer min hatt som jeg vil (NMH 2003) tar Vollestad da ogs\u00e5 p\u00e5 bakgrunn av denne innsikten et oppgj\u00f8r med behandlingen Christian Sinding ble gjenstand for etter krigen. Omverdenens reaksjon p\u00e5 \u00e5 f\u00e5 h\u00f8re Sindings sangproduksjon har v\u00e6rt en blanding av fryd og overraskelse; hvordan kan nordmenn sitte p\u00e5 en slik skatt i s\u00e5 mange \u00e5r uten \u00e5 gj\u00f8re den kjent<\/p>\n<h4><\/h4>\n<\/p>\n<p><\/p>","protected":false},"excerpt":{"rendered":"<p>Mannen som bar sin hatt som han ville \u2013 og fikk s\u00e5 hatten passet.<\/p>\n","protected":false},"featured_media":27592,"comment_status":"closed","ping_status":"closed","template":"","meta":[],"product_brand":[],"product_cat":[180],"product_tag":[],"class_list":{"0":"post-395","1":"product","2":"type-product","3":"status-publish","4":"has-post-thumbnail","6":"product_cat-simax-classics","7":"product_shipping_class-cddvd-shipping","8":"uni_artist_tag-christian-sinding","9":"uni_artist_tag-per-vollestad","10":"uni_artist_tag-sigmund-hjelset","11":"uni_artist_tag-tore-simonsen","12":"uni_main_artist_tag-per-vollestad","13":"uni_artist_genre-lieder","14":"uni_artist_genre-norwegian","16":"first","17":"outofstock","18":"taxable","19":"shipping-taxable","20":"purchasable","21":"product-type-simple"},"_links":{"self":[{"href":"https:\/\/grappa.no\/no\/wp-json\/wp\/v2\/product\/395","targetHints":{"allow":["GET"]}}],"collection":[{"href":"https:\/\/grappa.no\/no\/wp-json\/wp\/v2\/product"}],"about":[{"href":"https:\/\/grappa.no\/no\/wp-json\/wp\/v2\/types\/product"}],"replies":[{"embeddable":true,"href":"https:\/\/grappa.no\/no\/wp-json\/wp\/v2\/comments?post=395"}],"wp:featuredmedia":[{"embeddable":true,"href":"https:\/\/grappa.no\/no\/wp-json\/wp\/v2\/media\/27592"}],"wp:attachment":[{"href":"https:\/\/grappa.no\/no\/wp-json\/wp\/v2\/media?parent=395"}],"wp:term":[{"taxonomy":"product_brand","embeddable":true,"href":"https:\/\/grappa.no\/no\/wp-json\/wp\/v2\/product_brand?post=395"},{"taxonomy":"product_cat","embeddable":true,"href":"https:\/\/grappa.no\/no\/wp-json\/wp\/v2\/product_cat?post=395"},{"taxonomy":"product_tag","embeddable":true,"href":"https:\/\/grappa.no\/no\/wp-json\/wp\/v2\/product_tag?post=395"}],"curies":[{"name":"wp","href":"https:\/\/api.w.org\/{rel}","templated":true}]}}