{"id":39499,"date":"2021-11-19T20:47:12","date_gmt":"2021-11-19T19:47:12","guid":{"rendered":"https:\/\/grappa.no\/?post_type=product&#038;p=39499"},"modified":"2021-11-19T20:56:14","modified_gmt":"2021-11-19T19:56:14","slug":"lang-desember-natt","status":"publish","type":"product","link":"https:\/\/grappa.no\/no\/albums\/grappa\/lang-desember-natt\/","title":{"rendered":"Lang Desember Natt"},"content":{"rendered":"<p><\/p>\n<div class=\"\">\n<p>Frode Aln\u00e6s er klar med sin f\u00f8rste og etterlengtede juleplate &#8220;Lang desember natt &#8211; Frode Aln\u00e6s &amp; Julekoret&#8221;. Han har tidligere skrevet to av v\u00e5re mest kjente juleklassikere &#8220;Long December Night&#8221; og &#8220;Vitae Lux&#8221;. Disse to er begge med p\u00e5 platen, men i ny drakt. I tillegg kan man fr\u00e5tse i \u00e5tte helt nye julesanger \u2013 alle p\u00e5 norsk.<\/p>\n<\/div>\n<p><!--more--><\/p>\n<div class=\"\">\n<div class=\"release__PublicationContent-sc-6son67-0 kJGQom\">\n<p>Frode Aln\u00e6s er kjent som en l\u00e5tskriver med sans for den gode melodien. &#8220;Lang desember natt&#8221; er intet unntak. Dette er blitt en usedvanlig vakker og varm juleplate, og musikken og tekstene fyller oss med alt julen har \u00e5 by p\u00e5, p\u00e5 godt og vondt. Her er det mange musikalske h\u00f8ydepunkter, b\u00e5de humor og alvor, lavm\u00e6lte l\u00e5ter og salmer. Flere av l\u00e5tene b\u00f8r v\u00e6re h\u00f8yaktuelle som potensielle nye juleklassikere vi ikke blir kvitt med det f\u00f8rste. &#8220;Vitae Lux&#8221; slippes allerede 12. november og er \u00e5rets julel\u00e5t hos Frelsesarmeen.<\/p>\n<p>Frode Aln\u00e6s har skrevet all musikken i tillegg til \u00e5 v\u00e6re produsent, og har med seg et topplag av sangere og musikere p\u00e5 albumet.<\/p>\n<p><em>&#8211; &#8220;Jeg er skikkelig stolt av denne juleplata, og det har v\u00e6rt en flott og givende prosess \u00e5 lage den. Ikke minst takket v\u00e6re Hilde Norbakken og Julekoret, som best\u00e5r av seks av landets beste sangere. Alle korer og skifter p\u00e5 \u00e5 v\u00e6re solist. Hilde Norbakken st\u00e5r bak alle korarrene.&#8221;<\/em>\u00a0&#8211; Frode Aln\u00e6s.<\/p>\n<p>Albumet er spilt inn i Lia Bedehus i Grimstad, i studioet til musikerparet Hildegunn Garnes Reigstad og Torjus Vierli, som begge er involvert som musikere og teknikere p\u00e5 albumet.<\/p>\n<p>Medvirkende:<br \/>\nJulekoret: Hildegunn Garnes Reigstad, \u00c5shild Mundal, Karin Okkenhaug,\u00a0Hilde Norbakken, Lewi Bergrud og P\u00e5l Rake. I tillegg er Torun Eriksen vokalist p\u00e5 &#8220;Vitae Lux&#8221;. Martin Wikst\u00f8l er med og korer p\u00e5 enkelte l\u00e5ter.<\/p>\n<p>Band:<br \/>\nFrode Aln\u00e6s (gitarer\/vokal), Torjus Vierli (tangenter), Thomas Gallatin (trommer), Per Elias Drabl\u00f8s (bass), Hildegunn Garnes Reigstad (perkusjon).<\/p>\n<\/div>\n<section class=\"containers__SectionWrapper-sc-1d04lil-8 dofgTq\"><\/section>\n<\/div>\n<p><\/p>","protected":false},"excerpt":{"rendered":"<div class=\"\">\n<p>Frode Aln\u00e6s er klar med sin f\u00f8rste og etterlengtede juleplate &#8220;Lang desember natt &#8211; Frode Aln\u00e6s &amp; Julekoret&#8221;. Han har tidligere skrevet to av v\u00e5re mest kjente juleklassikere &#8220;Long December Night&#8221; og &#8220;Vitae Lux&#8221;. Disse to er begge med p\u00e5 platen, men i ny drakt. I tillegg kan man fr\u00e5tse i \u00e5tte helt nye julesanger \u2013 alle p\u00e5 norsk.<\/p>\n<\/div>\n<p>&nbsp;<\/p>\n","protected":false},"featured_media":39500,"comment_status":"closed","ping_status":"closed","template":"","meta":[],"product_brand":[],"product_cat":[6],"product_tag":[],"class_list":{"0":"post-39499","1":"product","2":"type-product","3":"status-publish","4":"has-post-thumbnail","6":"product_cat-grappa","7":"product_shipping_class-cddvd-shipping","8":"uni_main_artist_tag-frode-alnaes","10":"first","11":"instock","12":"taxable","13":"shipping-taxable","14":"purchasable","15":"product-type-simple"},"_links":{"self":[{"href":"https:\/\/grappa.no\/no\/wp-json\/wp\/v2\/product\/39499","targetHints":{"allow":["GET"]}}],"collection":[{"href":"https:\/\/grappa.no\/no\/wp-json\/wp\/v2\/product"}],"about":[{"href":"https:\/\/grappa.no\/no\/wp-json\/wp\/v2\/types\/product"}],"replies":[{"embeddable":true,"href":"https:\/\/grappa.no\/no\/wp-json\/wp\/v2\/comments?post=39499"}],"wp:featuredmedia":[{"embeddable":true,"href":"https:\/\/grappa.no\/no\/wp-json\/wp\/v2\/media\/39500"}],"wp:attachment":[{"href":"https:\/\/grappa.no\/no\/wp-json\/wp\/v2\/media?parent=39499"}],"wp:term":[{"taxonomy":"product_brand","embeddable":true,"href":"https:\/\/grappa.no\/no\/wp-json\/wp\/v2\/product_brand?post=39499"},{"taxonomy":"product_cat","embeddable":true,"href":"https:\/\/grappa.no\/no\/wp-json\/wp\/v2\/product_cat?post=39499"},{"taxonomy":"product_tag","embeddable":true,"href":"https:\/\/grappa.no\/no\/wp-json\/wp\/v2\/product_tag?post=39499"}],"curies":[{"name":"wp","href":"https:\/\/api.w.org\/{rel}","templated":true}]}}