{"id":39494,"date":"2021-11-17T13:31:53","date_gmt":"2021-11-17T12:31:53","guid":{"rendered":"https:\/\/grappa.no\/?post_type=product&#038;p=39494"},"modified":"2021-11-19T20:58:18","modified_gmt":"2021-11-19T19:58:18","slug":"barnasjuleroser","status":"publish","type":"product","link":"https:\/\/grappa.no\/no\/albums\/barne\/barnasjuleroser\/","title":{"rendered":"Barnas Juleroser"},"content":{"rendered":"<p><\/p>\n<div class=\"\">\n<p>Herborg Kr\u00e5keviks nye utgivelse &#8220;Barnas Juleroser&#8221; er en samling av fortellinger, dikt og sanger fra de fire Barnas Juleroser-heftene som er kommet ut de siste \u00e5rene, og til sammen har dette blitt en original og varm blanding av lydbok og musikk.<\/p>\n<\/div>\n<p><!--more--><\/p>\n<div class=\"\">\n<div class=\"release__PublicationContent-sc-6son67-0 kJGQom\">\n<p>Sangene er kjente og kj\u00e6re norske julesanger, innspilt med nye, forlokkende arrangementer og noen av Norges mest anerkjente musikere. Med seg har hun Julerosekvintetten, Boltel\u00f8kka Jentekor, Bislett guttekor, Espen Berg, K\u00e5re Conradi og Mathias Eick.<\/p>\n<p>&#8220;Med Barnas Juleroser-albumet tenner me lyktene v\u00e5re for den gode forteljinga, den gode julesongen og gleda over \u00e5 venta p\u00e5 jula!&#8221; &#8211; Herborg Kr\u00e5kevik<\/p>\n<p>Fortellingene som Herborg leser er skrevet av Maria Parr og Harald Nortun, to av landets fremste barnebokforfattere, i tillegg til dikt av Ruth Lillegraven og Odd Nordstoga. Med seg har hun ogs\u00e5 K\u00e5re Conradi, som har skrevet et vakkert juleminne fra sin egen barndom og et dikt om jula sitt vesen, som han selv leser.<\/p>\n<p>I tillegg til nytt album og \u00e5rets julehefter, tar Herborg Kr\u00e5kevik musikk- og suksesskonseptet Juleroser med til utvalgte scener rundt om i landet i november og desember. P\u00e5 turneen har hun med seg forfatteren Vigdis Hjorth, journalist og humorist Linda Eide, trompetvirtuos Mathias Eick og Julerosekvintetten. P\u00e5 hver konsert vil det v\u00e6re med lokale barnekor, som fremf\u00f8rer sanger fra det nye albumet &#8220;Barnas Juleroser&#8221;. Se hele turn\u00e9listen her:\u00a0<a href=\"https:\/\/www.juleroser.no\/julerosekveld\/\">Julerosekveld 2021.<\/a><\/p>\n<p>Ideen til albumet kom da Herborg var p\u00e5 Juleroseturn\u00e9 i desember 2020. Mange av konsertene ble naturligvis avlyst, og Herborg og musikerne fikk en del uforutsett fritid. Da fikk plateselskapssjef Helge Westbye den geniale ideen om \u00e5 booke Rainbow Studio og spille inn de fire julesangene som hadde st\u00e5tt i Barnas Juleroser-heftene.<\/p>\n<p>&#8220;Helge ville ikkje at me gjekk ledige, som visstnok er rota til alt vondt, og bestilte Norges beste studio. Jazzpianist Espen Berg sette i gang med \u00e5 arrangera dei fire julesongane som me spelte inn med eit stjernelag av jazzmusikarar og klassiske strykarar. Eg fortsette med \u00e5 lese inn forteljingar og dikt fr\u00e5 hefta, og fekk K\u00e5re Conradi til \u00e5 lesa inn si forteljing. Duetten \u00f8vde me p\u00e5 via telefon og Zoom, og vips s\u00e5 var eit Corona-skapt album ferdig!&#8221; &#8211; Herborg Kr\u00e5kevik<\/p>\n<\/div>\n<section class=\"containers__SectionWrapper-sc-1d04lil-8 dofgTq\"><\/section>\n<\/div>\n<p><\/p>","protected":false},"excerpt":{"rendered":"<p class=\"p1\">Herborg Kr\u00e5keviks nye utgivelse &#8220;Barnas Juleroser&#8221; er en samling av fortellinger, dikt og sanger fra de fire Barnas Juleroser-heftene som er kommet ut de siste \u00e5rene, og til sammen har dette blitt en original og varm blanding av lydbok og musikk.<\/p>\n","protected":false},"featured_media":39496,"comment_status":"closed","ping_status":"closed","template":"","meta":[],"product_brand":[],"product_cat":[15],"product_tag":[],"class_list":{"0":"post-39494","1":"product","2":"type-product","3":"status-publish","4":"has-post-thumbnail","6":"product_cat-barne","7":"product_shipping_class-cddvd-shipping","8":"uni_artist_tag-herborg-krakevik","9":"uni_main_artist_tag-herborg-krakevik","10":"uni_artist_genre-barnemusikk","11":"uni_artist_genre-fortellinger","12":"uni_artist_genre-jul","14":"first","15":"instock","16":"taxable","17":"shipping-taxable","18":"purchasable","19":"product-type-simple"},"_links":{"self":[{"href":"https:\/\/grappa.no\/no\/wp-json\/wp\/v2\/product\/39494","targetHints":{"allow":["GET"]}}],"collection":[{"href":"https:\/\/grappa.no\/no\/wp-json\/wp\/v2\/product"}],"about":[{"href":"https:\/\/grappa.no\/no\/wp-json\/wp\/v2\/types\/product"}],"replies":[{"embeddable":true,"href":"https:\/\/grappa.no\/no\/wp-json\/wp\/v2\/comments?post=39494"}],"wp:featuredmedia":[{"embeddable":true,"href":"https:\/\/grappa.no\/no\/wp-json\/wp\/v2\/media\/39496"}],"wp:attachment":[{"href":"https:\/\/grappa.no\/no\/wp-json\/wp\/v2\/media?parent=39494"}],"wp:term":[{"taxonomy":"product_brand","embeddable":true,"href":"https:\/\/grappa.no\/no\/wp-json\/wp\/v2\/product_brand?post=39494"},{"taxonomy":"product_cat","embeddable":true,"href":"https:\/\/grappa.no\/no\/wp-json\/wp\/v2\/product_cat?post=39494"},{"taxonomy":"product_tag","embeddable":true,"href":"https:\/\/grappa.no\/no\/wp-json\/wp\/v2\/product_tag?post=39494"}],"curies":[{"name":"wp","href":"https:\/\/api.w.org\/{rel}","templated":true}]}}