{"id":39480,"date":"2021-10-01T13:36:41","date_gmt":"2021-10-01T12:36:41","guid":{"rendered":"https:\/\/grappa.no\/?post_type=product&#038;p=39480"},"modified":"2025-02-26T10:18:19","modified_gmt":"2025-02-26T09:18:19","slug":"engangsdager","status":"publish","type":"product","link":"https:\/\/grappa.no\/no\/albums\/grappa\/engangsdager\/","title":{"rendered":"Engangsdager"},"content":{"rendered":"<p><\/p>\n<p><strong><em>En av \u00e5rets aller mest spennende norske albumdebuter, kommer fra Daniela Reyes. Plata, som har f\u00e5tt tittelen Engangsdager, tar turen innom de fleste f\u00f8lelsene i registeret, uten \u00e5 noen gang bli pomp\u00f8s eller kjedelig.<\/em><\/strong><\/p>\n<p><!--more--><\/p>\n<p>Albumet \u00e5pner med et nedstrippede og luftig \u00e5pningsspor, som glir over i den aller f\u00f8rste l\u00e5ten Daniela slapp, den briljant titulerte \u00abUsikker musiker\u00bb. Deretter kommer l\u00e5tene som perler p\u00e5 en snor, med fine betraktninger titler og smarte spr\u00e5klig vendinger som et gjennomgangstema.<\/p>\n<p>Lydbildet p\u00e5 plata snur seg fra skj\u00f8r akustisk visepop med klassiske strykere, til trekkspillindusert maksimalisme p\u00e5 en fem\u00f8ring. Platen er ogs\u00e5 gjennomg\u00e5ende preget av elegante passasjer med bl\u00e5sere og strykere. Det l\u00e5ter av jazz, pop, indie, vise, til og med ultrafengende partier som sender tankene i retning av Maj Britt Andersens ud\u00f8delige barneplater, som Daniela unektelig er oppvokst med.<strong>\u00a0<\/strong>Reyes klare og jordn\u00e6re stemme er s\u00f8lvtr\u00e5den som binder det hele sammen.<\/p>\n<p>&nbsp;<\/p>\n<p class=\"p1\"><\/p>","protected":false},"excerpt":{"rendered":"<p>En av \u00e5rets aller mest spennende norske albumdebuter, kommer fra Daniela Reyes. Plata, som har f\u00e5tt tittelen Engangsdager, tar turen innom de fleste f\u00f8lelsene i registeret, uten \u00e5 noen gang bli pomp\u00f8s eller kjedelig.<\/p>\n","protected":false},"featured_media":39483,"comment_status":"closed","ping_status":"closed","template":"","meta":[],"product_brand":[],"product_cat":[6],"product_tag":[],"class_list":{"0":"post-39480","1":"product","2":"type-product","3":"status-publish","4":"has-post-thumbnail","6":"product_cat-grappa","7":"product_shipping_class-cddvd-shipping","8":"uni_artist_tag-daniela-reyes","9":"uni_main_artist_tag-daniela-reyes","11":"first","12":"instock","13":"taxable","14":"shipping-taxable","15":"purchasable","16":"product-type-variable","17":"has-default-attributes"},"_links":{"self":[{"href":"https:\/\/grappa.no\/no\/wp-json\/wp\/v2\/product\/39480","targetHints":{"allow":["GET"]}}],"collection":[{"href":"https:\/\/grappa.no\/no\/wp-json\/wp\/v2\/product"}],"about":[{"href":"https:\/\/grappa.no\/no\/wp-json\/wp\/v2\/types\/product"}],"replies":[{"embeddable":true,"href":"https:\/\/grappa.no\/no\/wp-json\/wp\/v2\/comments?post=39480"}],"wp:featuredmedia":[{"embeddable":true,"href":"https:\/\/grappa.no\/no\/wp-json\/wp\/v2\/media\/39483"}],"wp:attachment":[{"href":"https:\/\/grappa.no\/no\/wp-json\/wp\/v2\/media?parent=39480"}],"wp:term":[{"taxonomy":"product_brand","embeddable":true,"href":"https:\/\/grappa.no\/no\/wp-json\/wp\/v2\/product_brand?post=39480"},{"taxonomy":"product_cat","embeddable":true,"href":"https:\/\/grappa.no\/no\/wp-json\/wp\/v2\/product_cat?post=39480"},{"taxonomy":"product_tag","embeddable":true,"href":"https:\/\/grappa.no\/no\/wp-json\/wp\/v2\/product_tag?post=39480"}],"curies":[{"name":"wp","href":"https:\/\/api.w.org\/{rel}","templated":true}]}}