{"id":39467,"date":"2021-11-05T11:29:08","date_gmt":"2021-11-05T10:29:08","guid":{"rendered":"https:\/\/grappa.no\/?post_type=product&#038;p=39467"},"modified":"2021-11-05T11:34:46","modified_gmt":"2021-11-05T10:34:46","slug":"oldorado","status":"publish","type":"product","link":"https:\/\/grappa.no\/no\/albums\/grappa\/oldorado\/","title":{"rendered":"\u00d8ldorado"},"content":{"rendered":"<p><\/p>\n<h4>URverk er en serie p\u00e5 12 utgivelser med l\u00e5ter skrevet og spilt inn i perioden 1977 til og med 1988. \u00ab\u00d8ldorado\u00bb er den\u00a0ellevte\u00a0URverk-utgivelsen og best\u00e5r av l\u00e5ter som alle er skrevet i\u00a01986-87.<\/h4>\n<p>&nbsp;<\/p>\n<p><!--more--><\/p>\n<div class=\"release__PublicationContent-sc-6son67-0 kJGQom\">\n<div>\n<div>\u00abDet regnet veldig mye i 1987, b\u00e5de i Trondheim og i livet mitt. Et s\u00e5nt tr\u00f8stesl\u00f8st arbeidsl\u00f8st regn som gjorde deg tr\u00f8tt og motl\u00f8s.Jeg gikk ledig for det meste,<\/div>\n<div>\n<div>og selv om jeg og kj\u00e6resten hadde flyttet sammen i ny leilighet, s\u00e5 det ikke ut til at livet mitt skulle f\u00e5 noen retning. \u00d8rkesl\u00f8se datastudier f\u00f8rte ingensteds,<\/div>\n<div>bortsett fra at jeg hadde fastsl\u00e5tt rester av liv i den ikke-kreative delen av hjernen. Den kreative pulserte fint. Jeg lagde masse l\u00e5ter som jeg spilte inn p\u00e5 min<\/div>\n<div>4-spors Porta, og denne gangen var l\u00e5tene p\u00e5 norsk. Kompis Sola hadde f\u00e5tt platekontrakt med Dumdum Boys. Jeg ble misunnelig og f\u00f8lte det som nok et<\/div>\n<div>skudd for baugen. Jeg bes\u00f8kte dem under innspillinga av Blodig Alvor i Nidaros. Der ga jeg en kassett jeg hadde kalt \u00d8ldorado, med diverse opptak jeg hadde<\/div>\n<div>laget i \u00e5rene f\u00f8r, til produsenten deres, Roger Valstad. Men til ingen respons! Tungsinn og lediggang gjennomsyrer stoffet.\u00bb &#8211; Ulf Risnes, november 2021<\/div>\n<\/div>\n<p>URverk best\u00e5r totalt av hele 12 album, og slippes hver m\u00e5ned i 2021. Albumene slippes digitalt og p\u00e5 vinyl, og alle sammen kommer med tekster og bilder fra perioden sangene ble spilt inn og med \u00e8n garanti: hjemmelaget!<\/p>\n<\/div>\n<\/div>\n<section class=\"containers__SectionWrapper-sc-1d04lil-8 dofgTq\"><\/section>\n<p><\/p>","protected":false},"excerpt":{"rendered":"<p class=\"Body\">URverk er en serie p\u00e5 12 utgivelser med l\u00e5ter skrevet og spilt inn i perioden 1977 til og med 1988. Dette er en samling av dr\u00f8mmer, dr\u00f8mmen om \u00e5 bli rockestjerner. N\u00e5 er vi kommet fram til URverk 9 og albumet &#8220;Imagemagi&#8221;.<\/p>\n","protected":false},"featured_media":39468,"comment_status":"closed","ping_status":"closed","template":"","meta":[],"product_brand":[],"product_cat":[6],"product_tag":[],"class_list":{"0":"post-39467","1":"product","2":"type-product","3":"status-publish","4":"has-post-thumbnail","6":"product_cat-grappa","7":"product_shipping_class-cddvd-shipping","8":"uni_main_artist_tag-ulf-risnes","10":"first","11":"instock","12":"taxable","13":"shipping-taxable","14":"purchasable","15":"product-type-simple"},"_links":{"self":[{"href":"https:\/\/grappa.no\/no\/wp-json\/wp\/v2\/product\/39467","targetHints":{"allow":["GET"]}}],"collection":[{"href":"https:\/\/grappa.no\/no\/wp-json\/wp\/v2\/product"}],"about":[{"href":"https:\/\/grappa.no\/no\/wp-json\/wp\/v2\/types\/product"}],"replies":[{"embeddable":true,"href":"https:\/\/grappa.no\/no\/wp-json\/wp\/v2\/comments?post=39467"}],"wp:featuredmedia":[{"embeddable":true,"href":"https:\/\/grappa.no\/no\/wp-json\/wp\/v2\/media\/39468"}],"wp:attachment":[{"href":"https:\/\/grappa.no\/no\/wp-json\/wp\/v2\/media?parent=39467"}],"wp:term":[{"taxonomy":"product_brand","embeddable":true,"href":"https:\/\/grappa.no\/no\/wp-json\/wp\/v2\/product_brand?post=39467"},{"taxonomy":"product_cat","embeddable":true,"href":"https:\/\/grappa.no\/no\/wp-json\/wp\/v2\/product_cat?post=39467"},{"taxonomy":"product_tag","embeddable":true,"href":"https:\/\/grappa.no\/no\/wp-json\/wp\/v2\/product_tag?post=39467"}],"curies":[{"name":"wp","href":"https:\/\/api.w.org\/{rel}","templated":true}]}}