{"id":39465,"date":"2021-11-05T09:23:30","date_gmt":"2021-11-05T08:23:30","guid":{"rendered":"https:\/\/grappa.no\/?post_type=product&#038;p=39465"},"modified":"2021-11-05T11:24:53","modified_gmt":"2021-11-05T10:24:53","slug":"etsnevavevig","status":"publish","type":"product","link":"https:\/\/grappa.no\/no\/albums\/grappa\/etsnevavevig\/","title":{"rendered":"Et snev av evig"},"content":{"rendered":"<p><\/p>\n<div class=\"\">\n<p>Nytt album fra Maj Britt Andersen! \u00abEt snev av evig\u00bb er et samarbeid mellom Andersen og KORK med musikk av komponist Geir Holmsen og tekster av forfatter Lars Saabye Christensen. KORK fargelegger Holmsens enkle og vakre melodier med Maj Britts umiskjennelige stemme, som formidler Saabye Christensens ettertenksomme tekst p\u00e5 en str\u00e5lende m\u00e5te.\u00abEt snev av evig\u00bb, er spilt inn i Store Studio p\u00e5 NRK Marienlyst vinteren 2021. Utgivelsen f\u00f8lger opp det dobbelt Spellemann-nominerte albumet \u00abEt stille sted\u00bb fra 2018.<\/p>\n<\/div>\n<p><!--more--><\/p>\n<div class=\"\">\n<div class=\"release__PublicationContent-sc-6son67-0 kJGQom\">\n<p>Her er tekstforfatter Lars Saabye Christensens egne ord om albumet:<\/p>\n<p><i>\u00abJeg ser for meg at hver sang st\u00e5r for seg selv, og samtidig synger de med hverandre. Det betyr ikke at vi har et s\u00e5kalt konseptalbum. Men summen skal v\u00e6re st\u00f8rre enn delene. Og kanskje \u00e5pner det seg et univers, stort eller lite, hvor vi, Maj Britt, Geir og Lars har satt v\u00e5re signaturer.<\/i><\/p>\n<p><i>\u00c5 synge, komponere og skrive er h\u00f8yst personlig. Men det skal aldri v\u00e6re privat. Det skal \u00e5pne rom som lytteren kan g\u00e5 inn i med sin erfaring. Det pr\u00f8vde vi p\u00e5 v\u00e5r f\u00f8rste plate, Et stille sted, og det er m\u00e5let v\u00e5rt med Et snev av evig, som vi ser p\u00e5 som bind II i en trilogi. Vi er kort sagt opptatt av v\u00e5r musikalske synsvinkel. Kanskje man kan si det p\u00e5 denne m\u00e5ten: disse sangene er ganske enkelt livet if\u00f8lge oss, slik vi ser det fra v\u00e5r plass i tid og rom.<\/i><\/p>\n<p><i>Dette kommer forh\u00e5pentligvis til uttrykk i tittell\u00e5ten: vi befinner oss mellom sekundet og evigheten. Det er ikke store ord. Det er poetisk realisme. Og i dette spennet, eller snarere sammenhengen, beveger sangene seg i forskjellige baner: mellom masken og ansiktet, mellom lyset og m\u00f8rket, mellom anakronismen og samtidigheten. Derfor st\u00e5r klovnen oss ogs\u00e5 n\u00e6r: Jeg tviler p\u00e5 det meste\/Men jeg kan ikke nekte\/for at t\u00e5rene som renner\/gjennom sminken min er ekte\u00bb<\/i><\/p>\n<\/div>\n<section class=\"containers__SectionWrapper-sc-1d04lil-8 dofgTq\"><\/section>\n<\/div>\n<p><\/p>","protected":false},"excerpt":{"rendered":"<p class=\"p1\">Nytt album fra Maj Britt Andersen! \u00abEt snev av evig\u00bb er et samarbeid mellom Andersen og KORK med musikk av komponist Geir Holmsen og tekster av forfatter Lars Saabye Christensen.<\/p>\n","protected":false},"featured_media":39466,"comment_status":"closed","ping_status":"closed","template":"","meta":[],"product_brand":[],"product_cat":[6],"product_tag":[],"class_list":{"0":"post-39465","1":"product","2":"type-product","3":"status-publish","4":"has-post-thumbnail","6":"product_cat-grappa","7":"product_shipping_class-cddvd-shipping","8":"uni_main_artist_tag-maj-britt-andersen","10":"first","11":"instock","12":"taxable","13":"shipping-taxable","14":"purchasable","15":"product-type-simple"},"_links":{"self":[{"href":"https:\/\/grappa.no\/no\/wp-json\/wp\/v2\/product\/39465","targetHints":{"allow":["GET"]}}],"collection":[{"href":"https:\/\/grappa.no\/no\/wp-json\/wp\/v2\/product"}],"about":[{"href":"https:\/\/grappa.no\/no\/wp-json\/wp\/v2\/types\/product"}],"replies":[{"embeddable":true,"href":"https:\/\/grappa.no\/no\/wp-json\/wp\/v2\/comments?post=39465"}],"wp:featuredmedia":[{"embeddable":true,"href":"https:\/\/grappa.no\/no\/wp-json\/wp\/v2\/media\/39466"}],"wp:attachment":[{"href":"https:\/\/grappa.no\/no\/wp-json\/wp\/v2\/media?parent=39465"}],"wp:term":[{"taxonomy":"product_brand","embeddable":true,"href":"https:\/\/grappa.no\/no\/wp-json\/wp\/v2\/product_brand?post=39465"},{"taxonomy":"product_cat","embeddable":true,"href":"https:\/\/grappa.no\/no\/wp-json\/wp\/v2\/product_cat?post=39465"},{"taxonomy":"product_tag","embeddable":true,"href":"https:\/\/grappa.no\/no\/wp-json\/wp\/v2\/product_tag?post=39465"}],"curies":[{"name":"wp","href":"https:\/\/api.w.org\/{rel}","templated":true}]}}