{"id":39459,"date":"2021-11-04T08:22:56","date_gmt":"2021-11-04T07:22:56","guid":{"rendered":"https:\/\/grappa.no\/?post_type=product&#038;p=39459"},"modified":"2025-06-13T14:14:13","modified_gmt":"2025-06-13T13:14:13","slug":"musical-sanatorium","status":"publish","type":"product","link":"https:\/\/grappa.no\/no\/albums\/grappa\/musical-sanatorium\/","title":{"rendered":"Musical Sanatorium"},"content":{"rendered":"<p><\/p>\n<p>Stian Carstensen er en genierkl\u00e6rt musiker og blant annet kjent som ledestjernen for det\u00a0kritikerroste bandet Farmers Market. Han er mottaker av en rekke priser og har samarbeidet med mange renommerte artister om en rekke prosjekter. Stian ble nylig nominert til\u00a0<a href=\"https:\/\/emea01.safelinks.protection.outlook.com\/?url=https%3A%2F%2Fkommunikasjon.ntb.no%2Fpressemelding%2Fstian-carstensen-is-nominated-for-the-nordic-council-music-prize-2021%3FpublisherId%3D17243491%26releaseId%3D17909745&amp;data=04%7C01%7C%7C15ab85decbd14b87667d08d972ad620e%7C84df9e7fe9f640afb435aaaaaaaaaaaa%7C1%7C0%7C637666911277924425%7CUnknown%7CTWFpbGZsb3d8eyJWIjoiMC4wLjAwMDAiLCJQIjoiV2luMzIiLCJBTiI6Ik1haWwiLCJXVCI6Mn0%3D%7C1000&amp;sdata=%2BBnNKuZiU2pJT5SgDkJp7xkaxQ11KFn4hZyFsiUeZfM%3D&amp;reserved=0\">Nordisk r\u00e5ds musikkpris 2021<\/a>.\u00a0Musikalsk er han anerkjent for banebrytende arbeid innenfor forskjellige stilarter og tradisjoner og for \u00e5 sprenge\u00a0grenser musikalsk.<\/p>\n<p>Musikken fra albumet &#8220;Musical Sanatorium&#8221; kan beskrives som filmatisk,\u00a0melodisk og rytmisk, en slags hybrid av vesteuropeisk film og kunstmusikk, forenet med de bulgarske eksotiske rytmene. Besetningen best\u00e5r blant annet av stryk, fagott, leirgj\u00f8ker, pedal steelgitar, harpe, kor, diverse gitarer, rytmeseksjon, diverse analoge synther, orgler og horn. Musikken er dramatisk og storslagen med instrumentkombinasjoner som aldri tidligere har v\u00e6rt h\u00f8rt.<\/p>\n<p>Albumet har bidrag fra anerkjente talenter som\u00a0Mike Patton, Ola Kvernberg, Jacob Collier, Todd Terje,\u00a0Jarle Vespestad, Finn Guttormsen, Audun Sandvik, Atle Sponberg, Bjarne Magnus Jensen, Sidsel Walstad, Torbj\u00f8rn Dyrud, P\u00e5l Hausken, Gabriel Carstensen \u00d8ien, Finn Guttormsen og\u00a0Marinette Tonning-Olsen<\/p>\n<p>Carstensens m\u00e5l med albumet er \u00e5 spleise den europeiske kunstmusikken med den eksotiske rytmikken fra Bulgarias folkemusikktradisjoner. Hele veien er det den sterke melodien som f\u00f8rer an, og improvisasjonene p\u00e5 plata et godt stykke fra afro-amerikansk jazz. Albumet er spilt inn over en 5-\u00e5rs perioden og er det mest komplekse Carstensen har gjort til n\u00e5.<\/p>\n<p>&#8220;Hippocampus Serenade&#8221; var f\u00f8rste singel ut fra albumet, sluppet 21.mai, og ble ledsaget av en episk musikkvideo\u00a0som hadde premiere p\u00e5 programmet Hovedscenen p\u00e5 NRK TV. Videoen er laget i samarbeid med kunstner Lars Elling og den britiske kunstneren Dave McKean.<\/p>\n<p>Stian is a fifth-generation accordion player from the constitutional village of Eidsvoll in Norway, where he learned to play by older fiddlers and accordion players as a child. Stian has traveled far and wide to pursue musical stimuli for the past 25 years, especially in the Balkans. His musical expertise and inventiveness are unprecedented.<\/p>\n<p>","protected":false},"excerpt":{"rendered":"<p>Spektakul\u00e6rt mesterverk fra Stian Carstensen.<\/p>\n","protected":false},"featured_media":39378,"comment_status":"closed","ping_status":"closed","template":"","meta":[],"product_brand":[],"product_cat":[6],"product_tag":[],"class_list":{"0":"post-39459","1":"product","2":"type-product","3":"status-publish","4":"has-post-thumbnail","6":"product_cat-grappa","7":"product_shipping_class-cddvd-shipping","8":"uni_artist_tag-stian-carstensen","9":"uni_main_artist_tag-stian-carstensen","11":"first","12":"instock","13":"taxable","14":"shipping-taxable","15":"purchasable","16":"product-type-variable","17":"has-default-attributes"},"_links":{"self":[{"href":"https:\/\/grappa.no\/no\/wp-json\/wp\/v2\/product\/39459","targetHints":{"allow":["GET"]}}],"collection":[{"href":"https:\/\/grappa.no\/no\/wp-json\/wp\/v2\/product"}],"about":[{"href":"https:\/\/grappa.no\/no\/wp-json\/wp\/v2\/types\/product"}],"replies":[{"embeddable":true,"href":"https:\/\/grappa.no\/no\/wp-json\/wp\/v2\/comments?post=39459"}],"wp:featuredmedia":[{"embeddable":true,"href":"https:\/\/grappa.no\/no\/wp-json\/wp\/v2\/media\/39378"}],"wp:attachment":[{"href":"https:\/\/grappa.no\/no\/wp-json\/wp\/v2\/media?parent=39459"}],"wp:term":[{"taxonomy":"product_brand","embeddable":true,"href":"https:\/\/grappa.no\/no\/wp-json\/wp\/v2\/product_brand?post=39459"},{"taxonomy":"product_cat","embeddable":true,"href":"https:\/\/grappa.no\/no\/wp-json\/wp\/v2\/product_cat?post=39459"},{"taxonomy":"product_tag","embeddable":true,"href":"https:\/\/grappa.no\/no\/wp-json\/wp\/v2\/product_tag?post=39459"}],"curies":[{"name":"wp","href":"https:\/\/api.w.org\/{rel}","templated":true}]}}