{"id":39447,"date":"2021-10-29T09:26:17","date_gmt":"2021-10-29T08:26:17","guid":{"rendered":"https:\/\/grappa.no\/?post_type=product&#038;p=39447"},"modified":"2024-03-12T13:12:16","modified_gmt":"2024-03-12T12:12:16","slug":"dueogdrone","status":"publish","type":"product","link":"https:\/\/grappa.no\/no\/albums\/grappa\/dueogdrone\/","title":{"rendered":"Due og drone"},"content":{"rendered":"<p><\/p>\n<p>P\u00e5 turn\u00e9 i Troms, rett f\u00f8r koronaen kom, hadde Steinar Raknes f\u00e5tt med seg Kjartan Fl\u00f8gstads \u00abDue og drone\u00bb som reiselektyre. Det resulterte i albumet &#8220;Due og Drone&#8221;, og den som tror at bass er bass, vil oppdage noe helt annet!<\/p>\n<p><\/p>","protected":false},"excerpt":{"rendered":"<p>P\u00e5 turn\u00e9 i Troms, rett f\u00f8r koronaen kom, hadde Steinar Raknes f\u00e5tt med seg Kjartan Fl\u00f8gstads \u00abDue og drone\u00bb som reiselektyre. Det resulterte i albumet &#8220;Due og Drone&#8221;, og den som tror at bass er bass, vil oppdage noe helt annet!<\/p>\n","protected":false},"featured_media":39448,"comment_status":"closed","ping_status":"closed","template":"","meta":[],"product_brand":[],"product_cat":[6],"product_tag":[7999,7997],"class_list":{"0":"post-39447","1":"product","2":"type-product","3":"status-publish","4":"has-post-thumbnail","6":"product_cat-grappa","7":"product_tag-due-og-drone","8":"product_tag-steinar-raknes","9":"product_shipping_class-cddvd-shipping","10":"uni_artist_tag-steinar-raknes","11":"uni_main_artist_tag-steinar-raknes","12":"uni_artist_genre-contemporary","13":"uni_artist_genre-jazz","14":"uni_artist_genre-pop","16":"first","17":"instock","18":"taxable","19":"shipping-taxable","20":"purchasable","21":"product-type-variable"},"_links":{"self":[{"href":"https:\/\/grappa.no\/no\/wp-json\/wp\/v2\/product\/39447","targetHints":{"allow":["GET"]}}],"collection":[{"href":"https:\/\/grappa.no\/no\/wp-json\/wp\/v2\/product"}],"about":[{"href":"https:\/\/grappa.no\/no\/wp-json\/wp\/v2\/types\/product"}],"replies":[{"embeddable":true,"href":"https:\/\/grappa.no\/no\/wp-json\/wp\/v2\/comments?post=39447"}],"wp:featuredmedia":[{"embeddable":true,"href":"https:\/\/grappa.no\/no\/wp-json\/wp\/v2\/media\/39448"}],"wp:attachment":[{"href":"https:\/\/grappa.no\/no\/wp-json\/wp\/v2\/media?parent=39447"}],"wp:term":[{"taxonomy":"product_brand","embeddable":true,"href":"https:\/\/grappa.no\/no\/wp-json\/wp\/v2\/product_brand?post=39447"},{"taxonomy":"product_cat","embeddable":true,"href":"https:\/\/grappa.no\/no\/wp-json\/wp\/v2\/product_cat?post=39447"},{"taxonomy":"product_tag","embeddable":true,"href":"https:\/\/grappa.no\/no\/wp-json\/wp\/v2\/product_tag?post=39447"}],"curies":[{"name":"wp","href":"https:\/\/api.w.org\/{rel}","templated":true}]}}