{"id":39401,"date":"2021-10-15T10:04:01","date_gmt":"2021-10-15T09:04:01","guid":{"rendered":"https:\/\/grappa.no\/?post_type=product&#038;p=39401"},"modified":"2024-11-26T11:34:48","modified_gmt":"2024-11-26T10:34:48","slug":"blamann-blamann-reutgivelse","status":"publish","type":"product","link":"https:\/\/grappa.no\/no\/albums\/heilo\/blamann-blamann-reutgivelse\/","title":{"rendered":"Bl\u00e5mann Bl\u00e5mann (Reutgivelse) SIGNERT!"},"content":{"rendered":"<p><\/p>\n<p>SIGNERTE UTGAVER I BEGRENSET OPPLAG P\u00c5 CD &amp; VINYL (s\u00e5 langt lager rekker)<\/p>\n<p class=\"p1\"><b>I 1997 m\u00f8ttest fire ungdommar for \u00f8ving i e i gamlestoge i Vinje. Lars Underdal (25), Odd Nordstoga (24), Asgaut Bakken (23) og Silje Hegg (21). Det var starten p\u00e5 folkemusikkorkesteret <i>Bl\u00e5mann Bl\u00e5mann<\/i> og fem \u00e5r med moro, fest, surmuling, musikk, latter, allsang og kaos. No er det 20 \u00e5r sidan det legendariske albumet deira kom ut, og det skal feirast med remastra vinyl med heile 5 bonusspor!<\/b><\/p>\n<p><!--more--><\/p>\n<p class=\"p1\">Det heile starta med at Ellen &#8211; mor til Odd &#8211; dreiv ei lita reiselivsbedrift og hadde funne ut at denne gjengen skulle sendast til Tyskland for \u00e5 reklamere for Noreg som reisem\u00e5l. D\u00e5 gjengen kom heimatt var det fleire som ville h\u00f8yre kva dei hadde \u00f8vd seg p\u00e5 i Tyskland. Fyrst sporadisk, men etter kvart balla det p\u00e5 seg med b\u00e5de skulekonsertar og festivalar, TV, radio og fleire utanlandsturar. Etterkvart kom det p\u00e5 tale \u00e5 spele inn plate, der fyrstesporet \u00abTippe tippe tuve\u00bb gjekk til topps p\u00e5 Norsktoppen og s\u00e5 sm\u00e5tt kom dei ogs\u00e5 litt ut av folkemusikkens emneomr\u00e5de og blei ei av dei fyrste gruppene av dette slaget som spelte p\u00e5 By:larm.<span class=\"Apple-converted-space\">\u00a0<\/span><\/p>\n<p class=\"p1\">Bl\u00e5mann Bl\u00e5mann klarte \u00e5 gjere tradisjonsmusikken tilgjengeleg for end\u00e5 fleire lyttarar gjennom sine leikne og energiske sceneopptredenar, kreative arrangementer og suverene samspel. Den lokale, solistiske folkemusikken fekk akkordar og blei skrudd saman og tilpassa eit meir moderne bandformat. Id\u00e9 og gjennomf\u00f8ring blei godt motteke, og publikum str\u00f8ymde til lokala langs vegen dei f\u00f3r.<span class=\"Apple-converted-space\">\u00a0 <\/span>Men etter fem \u00e5r med konsertar for stapp- og halvfulle hus i inn- og utland blei det br\u00e5tt slutt. D\u00e5 byrja Silje p\u00e5 mastergrad, Lars fekk seg stresskoffertjobb, Asgaut fekk seg kulturjobb og Odd blei popstjerne.<span class=\"Apple-converted-space\">\u00a0<\/span><\/p>\n<p class=\"p1\">No er det 20 \u00e5r sidan albumet deira kom ut, og det skal feirast. Albumet kjem i nymiks, med ekstraspor, i ei innhaldsrik innpakning, p\u00e5 dobbel vinyl.<span class=\"Apple-converted-space\">\u00a0<\/span><\/p>\n<p><\/p>","protected":false},"excerpt":{"rendered":"<p>20 \u00e5r etter det legendariske albumet kom ut, feirast det med reutgivelse i nymiks og med ekstraspor, i ei innhaldsrik innpakning, p\u00e5 dobbel vinyl. \u00a0<\/p>\n","protected":false},"featured_media":41935,"comment_status":"closed","ping_status":"closed","template":"","meta":[],"product_brand":[],"product_cat":[35],"product_tag":[],"class_list":{"0":"post-39401","1":"product","2":"type-product","3":"status-publish","4":"has-post-thumbnail","6":"product_cat-heilo","7":"product_shipping_class-cddvd-shipping","8":"uni_artist_tag-asgaut-bakken","9":"uni_artist_tag-lars-underdal","10":"uni_artist_tag-marius-reksjo","11":"uni_artist_tag-odd-nordstoga","12":"uni_artist_tag-silje-hegg","13":"uni_artist_tag-tor-bjarne-bjelland","14":"uni_main_artist_tag-blamann-blamann","15":"uni_artist_genre-folkemusikk","17":"first","18":"instock","19":"taxable","20":"shipping-taxable","21":"purchasable","22":"product-type-variable","23":"has-default-attributes"},"_links":{"self":[{"href":"https:\/\/grappa.no\/no\/wp-json\/wp\/v2\/product\/39401","targetHints":{"allow":["GET"]}}],"collection":[{"href":"https:\/\/grappa.no\/no\/wp-json\/wp\/v2\/product"}],"about":[{"href":"https:\/\/grappa.no\/no\/wp-json\/wp\/v2\/types\/product"}],"replies":[{"embeddable":true,"href":"https:\/\/grappa.no\/no\/wp-json\/wp\/v2\/comments?post=39401"}],"wp:featuredmedia":[{"embeddable":true,"href":"https:\/\/grappa.no\/no\/wp-json\/wp\/v2\/media\/41935"}],"wp:attachment":[{"href":"https:\/\/grappa.no\/no\/wp-json\/wp\/v2\/media?parent=39401"}],"wp:term":[{"taxonomy":"product_brand","embeddable":true,"href":"https:\/\/grappa.no\/no\/wp-json\/wp\/v2\/product_brand?post=39401"},{"taxonomy":"product_cat","embeddable":true,"href":"https:\/\/grappa.no\/no\/wp-json\/wp\/v2\/product_cat?post=39401"},{"taxonomy":"product_tag","embeddable":true,"href":"https:\/\/grappa.no\/no\/wp-json\/wp\/v2\/product_tag?post=39401"}],"curies":[{"name":"wp","href":"https:\/\/api.w.org\/{rel}","templated":true}]}}