{"id":394,"date":"2003-01-27T00:00:00","date_gmt":"2003-01-26T23:00:00","guid":{"rendered":"http:\/\/www.grappa.no\/albums\/uncategorized\/sinding-songs-vol-2\/"},"modified":"2023-12-14T20:56:49","modified_gmt":"2023-12-14T19:56:49","slug":"sinding-songs-vol-2","status":"publish","type":"product","link":"https:\/\/grappa.no\/no\/albums\/simax-classics\/sinding-songs-vol-2\/","title":{"rendered":"Sinding Songs vol. 2"},"content":{"rendered":"<p><\/p>\n<p>Christian Sindings sanger for f\u00f8rste gang<\/p>\n<p>N\u00e5 presenteres ogs\u00e5 volum 2 i Vollestads serie med Sindings sanger p\u00e5 Simax Classics, med mer enn 30 verk som aldri har v\u00e6rt innspilt f\u00f8r. Sanger til dikt av blant andre R\u00fcckert, Bierbaum, Sivle, Vinje og Wildenvey viser Sindings brede uttrykksregister og at han gj\u00f8r mesterlige sm\u00e5 musikalske skildringer.<\/p>\n<p><!--more--><\/p>\n<p>Den f\u00f8rste doktorgraden i Norges musikkh\u00f8gskoles historie er oppn\u00e5dd av Per Vollestad, som avsluttet 2002 med en glimrende konsert og disputas. Christian Sindings sangskatt er temaet i doktorgradsavhandlingen  \u00abJeg b\u00e6rer min hatt som jeg vil\u00bb.<\/p>\n<h4>Kokain<\/h4>\n<p>Overraskende er en av de aller f\u00f8rste sangene Sinding skrev etter at han fikk \u2018Grotten\u2019 som \u00e6resbolig (1925); den til n\u00e5 helt ukjente sangen Kokain, en kabaretvise som ble fremf\u00f8rt p\u00e5 Mayolteateret (n\u00e5v\u00e6rende Dizzi). Sangen  viser med all tydelighet at verken Sinding eller hovedstaden den gang var ukjent med dette meget omtalte stoffet. Den viser vel ogs\u00e5 at Sinding selv som nesten 70-\u00e5ring likte \u00e5 provosere. Sangen er kanskje ment som et portrett av poeten Sigbj\u00f8rn Obstfelder, som Sinding hadde kontakt med p\u00e5 1890-tallet.<\/p>\n<h4>Reklame<\/h4>\n<p>Kanskje like overraskende som Sindings \u2018kokainvise\u2019 er Vollestads neste prosjekt \u00abReklame p\u00e5 blaa resept\u00bb! I l\u00f8pet av sommeren skal han ha en serie kabaretforestillinger p\u00e5 Blaafarvev\u00e6rket basert p\u00e5 gamle norske reklameslagere. Her vil tobakksmerker som Masta, Blue Hill og Akaba bli besunget sammen med reklamer for margarin, sjokolade og unevnelige drikkevarer. Oppsiktsvekkende nok er den tidligste reklamesangen skrevet av Henrik Wergeland og Halfdan Kjerulf i samarbeid. Denne ble<br \/>\nskrevet under Wergelands sykeleie i \u2018Grotten\u2019 &#8211; og dermed er ringen sluttet!<\/p>\n<p>L\u00f8rdag 1. februar skal Vollestad delta p\u00e5 TV2s \u2018Gullfisken\u2019 &#8211; med en reklamesang fra 1920-tallet.<\/p>\n<h4><\/h4>\n<\/p>\n<p><\/p>","protected":false},"excerpt":{"rendered":"<p>\u2013 I truly feel that if these songs were composed by a more well-known German, like Wolf, we would know them much more than we do. [Fanfare]<\/p>\n","protected":false},"featured_media":27590,"comment_status":"closed","ping_status":"closed","template":"","meta":[],"product_brand":[],"product_cat":[180],"product_tag":[],"class_list":{"0":"post-394","1":"product","2":"type-product","3":"status-publish","4":"has-post-thumbnail","6":"product_cat-simax-classics","7":"product_shipping_class-cddvd-shipping","8":"uni_artist_tag-christian-sinding","9":"uni_artist_tag-per-vollestad","10":"uni_artist_tag-sigmund-hjelset","11":"uni_artist_tag-tore-simonsen","12":"uni_main_artist_tag-per-vollestad","13":"uni_artist_genre-lieder","14":"uni_artist_genre-norwegian","16":"first","17":"outofstock","18":"taxable","19":"shipping-taxable","20":"purchasable","21":"product-type-simple"},"_links":{"self":[{"href":"https:\/\/grappa.no\/no\/wp-json\/wp\/v2\/product\/394","targetHints":{"allow":["GET"]}}],"collection":[{"href":"https:\/\/grappa.no\/no\/wp-json\/wp\/v2\/product"}],"about":[{"href":"https:\/\/grappa.no\/no\/wp-json\/wp\/v2\/types\/product"}],"replies":[{"embeddable":true,"href":"https:\/\/grappa.no\/no\/wp-json\/wp\/v2\/comments?post=394"}],"wp:featuredmedia":[{"embeddable":true,"href":"https:\/\/grappa.no\/no\/wp-json\/wp\/v2\/media\/27590"}],"wp:attachment":[{"href":"https:\/\/grappa.no\/no\/wp-json\/wp\/v2\/media?parent=394"}],"wp:term":[{"taxonomy":"product_brand","embeddable":true,"href":"https:\/\/grappa.no\/no\/wp-json\/wp\/v2\/product_brand?post=394"},{"taxonomy":"product_cat","embeddable":true,"href":"https:\/\/grappa.no\/no\/wp-json\/wp\/v2\/product_cat?post=394"},{"taxonomy":"product_tag","embeddable":true,"href":"https:\/\/grappa.no\/no\/wp-json\/wp\/v2\/product_tag?post=394"}],"curies":[{"name":"wp","href":"https:\/\/api.w.org\/{rel}","templated":true}]}}