{"id":39388,"date":"2021-10-22T08:30:46","date_gmt":"2021-10-22T07:30:46","guid":{"rendered":"https:\/\/grappa.no\/?post_type=product&#038;p=39388"},"modified":"2021-10-22T08:36:39","modified_gmt":"2021-10-22T07:36:39","slug":"hjemve-slattetralling-fra-folldal","status":"publish","type":"product","link":"https:\/\/grappa.no\/no\/albums\/heilo\/hjemve-slattetralling-fra-folldal\/","title":{"rendered":"Hjemve &#8211; Sl\u00e5ttetralling fra Folldal"},"content":{"rendered":"<p><\/p>\n<div class=\"\">\n<p class=\"p1\">&#8220;Hjemve&#8221; betyr hjemlengsel, og er tittelen p\u00e5 Synn\u00f8ve Br\u00f8ndbo Plassen sitt debutalbum! Med denne utgivelsen \u00f8nsker Synn\u00f8ve \u00e5 l\u00f8fte frem den fantastiske tradisjonen for sl\u00e5ttetralling fra hennes hjembygd Folldal. Gjennom arkivopptak, notenedtegnelser og muntlig overlevering har hun samlet sammen et knippe sl\u00e5tter herfra, som har resultert i en nydelig debutplate, produsert av den prisvinnende folkemusikeren og komponisten Gjermund Larsen.<\/p>\n<\/div>\n<p><!--more--><\/p>\n<div class=\"\">\n<p class=\"p1\" style=\"color: #000000; font-size: 11px; font-family: Helvetica;\">Tidligere har det v\u00e6rt lange tradisjoner for sl\u00e5ttetralling i Folldal, og det er nettopp denne tradisjonen Synn\u00f8ve \u00f8nsker \u00e5 l\u00f8fte frem i lyset med denne utgivelsen. Gjennom arkivopptak, notenedtegnelser og muntlig overlevering har hun samlet sammen et knippe sl\u00e5tter herfra. Nydelig tralling av springleik, reinlender, vals og halling er noe av det vi f\u00e5r h\u00f8re p\u00e5 \u00abHjemve\u00bb. I 2019 ble hun \u00e5rets Hilmartalent, og utpekt til \u00e5 v\u00e6re et av de fremste talentene innenfor folkemusikken i dag. Dette ble ogs\u00e5 starten p\u00e5 samarbeidet med Gjermund Larsen som ble hennes mentor, og som er produsent p\u00e5 denne utgivelsen.<span class=\"Apple-converted-space\">\u00a0<\/span><\/p>\n<p class=\"p1\" style=\"color: #000000; font-size: 11px; font-family: Helvetica;\"><em>\u00abI dette prosjektet \u00f8nsket jeg \u00e5 formidle de fantastiske tralletradisjonene i Folldal. Jeg syns det er viktig musikk p\u00e5 mange m\u00e5ter, og jeg h\u00e5per jeg og stemmen min har tilf\u00f8rt musikken noe nytt.\u00bb\u00a0<\/em>sier Plassen.<\/p>\n<p class=\"p1\" style=\"color: #000000; font-size: 11px; font-family: Helvetica;\">Synn\u00f8ve vokste opp i et milj\u00f8 med b\u00e5de sl\u00e5ttemusikk og gammeldans, og har derfor alltid blitt eksponert for den instrumentale folkemusikken. Dette har resultert i en enorm interesse for sl\u00e5ttetralling og tralling til dans. Da hun begynte \u00e5 grave mer i tradisjonsmusikken i Folldal dukket det etter hvert opp flere eksempler p\u00e5 at sl\u00e5ttemusikken har v\u00e6rt tralla f\u00f8r i tiden. Det viste seg ogs\u00e5 at flere spellemenn hadde l\u00e6rt sl\u00e5tter p\u00e5 fela etter tralling. Hennes egen oldefar, Mikael Plassen (1902-1996), var en spellemann i Folldal som l\u00e6rte sl\u00e5tter etter tralling fra sin mor Sigrid Plassen. Sigrid hadde sl\u00e5ttene etter en stor spellemann kalt Gammel-Husin, som igjen l\u00e6rte sl\u00e5tter etter trallingen fra sin mor Marit Beitrusten Husom. Musikken du f\u00e5r h\u00f8re p\u00e5 denne platen er sl\u00e5tter Synn\u00f8ve har med seg fra barndommen, blant annet etter sin oldefar, og sl\u00e5tter hun har funnet i nyere tid, alle fra Folldal.<span class=\"Apple-converted-space\">\u00a0<\/span><\/p>\n<p class=\"p1\" style=\"color: #000000; font-size: 11px; font-family: Helvetica;\"><em>\u00abEndelig har jeg f\u00e5tt lydfestet denne fantastiske tradisjonen som jeg har jobbet med i mange \u00e5r!\u00bb<\/em>\u00a0sier Plassen.<\/p>\n<p class=\"p1\" style=\"color: #000000; font-size: 11px; font-family: Helvetica;\"><strong>Synn\u00f8ve Br\u00f8ndbo Plassen\u00a0<\/strong>er en folkemusiker, sanger og pedagog, og<strong>\u00a0<\/strong>g\u00e5r n\u00e5 ut\u00f8vende master i folkemusikk ved Norges musikkh\u00f8gskole. Hun har fordypet seg mest i tradisjonene fra Folldal, \u00d8sterdalen og Tr\u00f8ndelag, og repertoaret hennes spenner seg fra salmer og b\u00e5nsuller til sl\u00e5ttestev og skillingsviser. I tillegg til \u00e5 bli utpekt som \u00e5rets Hilmar-talent, har hun mottatt en rekke andre talenstipender og utmerkelser. Hun blir omtalt som en allsidig folkesanger gjennom sin formidling av b\u00e5de tradisjonell folkemusikk, arrangert folkemusikk og nykomponert musikk. Hun har ogs\u00e5 spilt mye i lag med Bendik Smed\u00e5sgjelten Qvam p\u00e5 gitarer og mandolin.<span class=\"Apple-converted-space\">\u00a0<\/span><\/p>\n<\/div>\n<p><\/p>","protected":false},"excerpt":{"rendered":"<p>&#8220;Hjemve&#8221; betyr hjemlengsel, og er tittelen p\u00e5 Synn\u00f8ve Br\u00f8ndbo Plassen sitt debutalbum! Med denne utgivelsen \u00f8nsker Synn\u00f8ve \u00e5 l\u00f8fte frem den fantastiske tradisjonen for sl\u00e5ttetralling fra hennes hjembygd Folldal. Gjennom arkivopptak, notenedtegnelser og muntlig overlevering har hun samlet sammen et knippe sl\u00e5tter herfra, som har resultert i en nydelig debutplate, produsert av den prisvinnende folkemusikeren og komponisten Gjermund Larsen.<\/p>\n","protected":false},"featured_media":39390,"comment_status":"closed","ping_status":"closed","template":"","meta":[],"product_brand":[],"product_cat":[35],"product_tag":[],"class_list":{"0":"post-39388","1":"product","2":"type-product","3":"status-publish","4":"has-post-thumbnail","6":"product_cat-heilo","7":"product_shipping_class-cddvd-shipping","8":"uni_artist_tag-synnove-brondbo-plassen","9":"uni_main_artist_tag-synnove-brondbo-plassen","10":"uni_artist_genre-folk-music","11":"uni_artist_genre-folkemusikk","12":"uni_artist_genre-tradisjonsmusikk","13":"uni_artist_genre-traditional-music","15":"first","16":"instock","17":"taxable","18":"shipping-taxable","19":"purchasable","20":"product-type-simple"},"_links":{"self":[{"href":"https:\/\/grappa.no\/no\/wp-json\/wp\/v2\/product\/39388","targetHints":{"allow":["GET"]}}],"collection":[{"href":"https:\/\/grappa.no\/no\/wp-json\/wp\/v2\/product"}],"about":[{"href":"https:\/\/grappa.no\/no\/wp-json\/wp\/v2\/types\/product"}],"replies":[{"embeddable":true,"href":"https:\/\/grappa.no\/no\/wp-json\/wp\/v2\/comments?post=39388"}],"wp:featuredmedia":[{"embeddable":true,"href":"https:\/\/grappa.no\/no\/wp-json\/wp\/v2\/media\/39390"}],"wp:attachment":[{"href":"https:\/\/grappa.no\/no\/wp-json\/wp\/v2\/media?parent=39388"}],"wp:term":[{"taxonomy":"product_brand","embeddable":true,"href":"https:\/\/grappa.no\/no\/wp-json\/wp\/v2\/product_brand?post=39388"},{"taxonomy":"product_cat","embeddable":true,"href":"https:\/\/grappa.no\/no\/wp-json\/wp\/v2\/product_cat?post=39388"},{"taxonomy":"product_tag","embeddable":true,"href":"https:\/\/grappa.no\/no\/wp-json\/wp\/v2\/product_tag?post=39388"}],"curies":[{"name":"wp","href":"https:\/\/api.w.org\/{rel}","templated":true}]}}