{"id":39385,"date":"2021-10-12T09:21:50","date_gmt":"2021-10-12T08:21:50","guid":{"rendered":"https:\/\/grappa.no\/?post_type=product&#038;p=39385"},"modified":"2021-10-15T12:03:44","modified_gmt":"2021-10-15T11:03:44","slug":"folk-fra-follo","status":"publish","type":"product","link":"https:\/\/grappa.no\/no\/albums\/heilo\/folk-fra-follo\/","title":{"rendered":"Folk fra Follo"},"content":{"rendered":"<p><\/p>\n<div class=\"\">\n<p class=\"p1\"><b>Felespiller Marianne Tomasg\u00e5rd og gitarist \u00c5smund Reistad byr p\u00e5 svingende og dansbar folkemusikk med sin nye plate <i>Folk fra Follo<\/i>. Gjennom flere \u00e5r har duoen spesialisert seg p\u00e5 \u00e5 tolke gamle notenedtegnelser fra bygdene i \u00d8stfold og Akershus, og p\u00e5 denne utgivelsen gir de to musikerne oss et innblikk i den flotte og spennende, men nesten glemte dansemusikken herfra. Folkemusikken fra \u00d8stfold og Akershus er foreviget p\u00e5 plate et f\u00e5tall ganger, noe som gj\u00f8r denne utgivelsen til en sjelden, unik og ikke minst viktig vare.<\/b><\/p>\n<\/div>\n<p><!--more--><\/p>\n<div class=\"\">\n<p class=\"p1\"><i>Folk fra Follo <\/i>formidler en lokal kulturarv som ikke mange kjenner til. I regioner der spellemannstradisjonene har hatt sterk status, har sl\u00e5ttene gjerne blitt videref\u00f8rt muntlig gjennom generasjoner. Dette har i mindre grad foreg\u00e5tt i \u00d8stfold og Akershus. I tillegg finnes det relativt f\u00e5 lydopptak av spellemenn herfra. Heldigvis fantes det noen notekyndige musikere som i sin samtid s\u00e5 at de gamle sl\u00e5ttene var i ferd med \u00e5 forsvinne, og foreviget dem ved \u00e5 skrive dem ned p\u00e5 noter (ca. mellom 1750 og 1960). Sl\u00e5ttene som blir presentert p\u00e5 dette albumet er hentet fra slike gamle noteb\u00f8ker og de tilh\u00f8rte spellemenn som Hans Borgersen, Hans Nielsen Balterud og Johannes Nielsen Schodsberg, og innsamlere som Anders Heyerdahl, Ludvig Mathias Lindemann og Christian Haslerud.<span class=\"Apple-converted-space\">\u00a0<\/span><\/p>\n<p class=\"p1\">Selv om b\u00e5de \u00d8stfold og Akershus deler folkemusikkens tradisjonelle kriterier i stor grad, rommer den ogs\u00e5 mer. Det har i denne regionen eksistert et mangfold hvor b\u00e5de bondesamfunn, sj\u00f8fart, milit\u00e6rvesen og industri har levd side om side i flere hundre \u00e5r, noe som nok har p\u00e5virket danse- og musikktradisjonene. Gjennom spellemannsb\u00f8kene f\u00e5r vi et innblikk i hva folk danset til f\u00f8r i tiden, b\u00e5de i de \u00f8vre sosiale sjikt og de lavere. Overklassen p\u00e5 1700-tallet danset gjerne menuett som et viktig ledd i sin dannelse, mens bygdefolket p\u00e5 sin side danset springdans og runddanser p\u00e5 gressmatta eller hjemme i stua. Selv om samfunnet besto av sosiale ulikheter, s\u00e5 hadde folk likevel noe viktig til felles: Gleden av \u00e5 danse!<\/p>\n<p class=\"p1\">P\u00e5 flere av sl\u00e5ttene har Folk fra Follo tatt seg noen kunstneriske friheter i forhold til b\u00e5de dansepraksis, tempo og rytme. P\u00e5 andre har de fors\u00f8kt \u00e5 v\u00e6re tro mot et mer dansbart stilideal. Dette resulterer i at de b\u00e5de evner \u00e5 formidle lokale folkemusikktradisjoner, samtidig som de skaper noe helt nytt, her og n\u00e5.<span class=\"Apple-converted-space\">\u00a0<\/span><\/p>\n<p class=\"p1\"><b>Marianne Tomasg\u00e5rd<\/b> er f\u00f8dt og oppvokst i Nannestad. Hun var en av frontpersonene i det kvinnelige spelemannslaget Honndalstausene, som turnerte i inn- og utland og spilte inn flere album. Hun har de siste ti \u00e5rene jobbet aktivt med \u00e5 grave fram og formidle folkemusikktradisjonene fra Akershus og \u00d8stfold. Dette arbeidet har f\u00f8rt til at hun i dag jobber som fagkonsulent for folkemusikk ved \u00d8stfold musikkr\u00e5d og Akershus musikkr\u00e5d. <b>\u00c5smund Reistad <\/b>er f\u00f8dt og oppvokst i B\u00e6rum, og oppdaget den norske folkemusikken f\u00f8rst i voksen alder. Han har siden v\u00e6rt involvert i en rekke folkemusikkprosjekter, bl.a. Trispann, Aasmund Nordstoga, Fimbul og Bredbeint. Sammen \u00f8nsker de med denne utgivelsen \u00e5 f\u00e5 hjembygdenes folkemusikktradisjon ut av gamle noteb\u00f8ker og bl\u00e5se liv i dem igjen.<\/p>\n<\/div>\n<p><\/p>","protected":false},"excerpt":{"rendered":"<p class=\"p1\"><b>Felespiller Marianne Tomasg\u00e5rd og gitarist \u00c5smund Reistad byr p\u00e5 svingende og dansbar folkemusikk med sin nye plate <i>Folk fra Follo<\/i>. Gjennom flere \u00e5r har duoen spesialisert seg p\u00e5 \u00e5 tolke gamle notenedtegnelser fra bygdene i \u00d8stfold og Akershus, og p\u00e5 denne utgivelsen gir de to musikerne oss et innblikk i den flotte og spennende, men nesten glemte dansemusikken herfra. Folkemusikk fra \u00d8stfold og Akershus har aldri f\u00f8r blitt foreviget p\u00e5 plate, noe som gj\u00f8r denne utgivelsen til en sjelden, unik og ikke minst viktig vare.<\/b><\/p>\n","protected":false},"featured_media":39386,"comment_status":"closed","ping_status":"closed","template":"","meta":[],"product_brand":[],"product_cat":[35],"product_tag":[],"class_list":{"0":"post-39385","1":"product","2":"type-product","3":"status-publish","4":"has-post-thumbnail","6":"product_cat-heilo","7":"product_shipping_class-cddvd-shipping","8":"uni_artist_tag-asmund-reistad","9":"uni_artist_tag-marianne-tomasgard","10":"uni_main_artist_tag-marianne-tomasgard-asmund-reistad","11":"uni_artist_genre-folkemusikk","12":"uni_artist_genre-tradisjonsmusikk","14":"first","15":"instock","16":"taxable","17":"shipping-taxable","18":"purchasable","19":"product-type-simple"},"_links":{"self":[{"href":"https:\/\/grappa.no\/no\/wp-json\/wp\/v2\/product\/39385","targetHints":{"allow":["GET"]}}],"collection":[{"href":"https:\/\/grappa.no\/no\/wp-json\/wp\/v2\/product"}],"about":[{"href":"https:\/\/grappa.no\/no\/wp-json\/wp\/v2\/types\/product"}],"replies":[{"embeddable":true,"href":"https:\/\/grappa.no\/no\/wp-json\/wp\/v2\/comments?post=39385"}],"wp:featuredmedia":[{"embeddable":true,"href":"https:\/\/grappa.no\/no\/wp-json\/wp\/v2\/media\/39386"}],"wp:attachment":[{"href":"https:\/\/grappa.no\/no\/wp-json\/wp\/v2\/media?parent=39385"}],"wp:term":[{"taxonomy":"product_brand","embeddable":true,"href":"https:\/\/grappa.no\/no\/wp-json\/wp\/v2\/product_brand?post=39385"},{"taxonomy":"product_cat","embeddable":true,"href":"https:\/\/grappa.no\/no\/wp-json\/wp\/v2\/product_cat?post=39385"},{"taxonomy":"product_tag","embeddable":true,"href":"https:\/\/grappa.no\/no\/wp-json\/wp\/v2\/product_tag?post=39385"}],"curies":[{"name":"wp","href":"https:\/\/api.w.org\/{rel}","templated":true}]}}