{"id":39347,"date":"2021-05-28T11:11:51","date_gmt":"2021-05-28T10:11:51","guid":{"rendered":"https:\/\/grappa.no\/?post_type=product&#038;p=39347"},"modified":"2024-07-09T07:36:41","modified_gmt":"2024-07-09T06:36:41","slug":"ingen-mere-grater","status":"publish","type":"product","link":"https:\/\/grappa.no\/no\/albums\/heilo\/ingen-mere-grater\/","title":{"rendered":"Ingen Mere Gr\u00e5ter"},"content":{"rendered":"<p><\/p>\n<p class=\"p1\"><b>Den svensknorske trioen \u00c6vestaden slipper endelig debutalbumet \u201cIngen Mere Gr\u00e5ter\u201d. Nykomponert og tradisjonell musikk, med gamle og moderne instrumenter, der lyrer, fele, munnharpe, kantele, vokal og elektronikk klinger sammen i et nytt lydbilde. Musikken er alts\u00e5 folkemusikk, men i en nyere form og med et st\u00f8rre klangrom \u00e5 boltre seg i.\u00a0<\/b><\/p>\n<p><!--more--><\/p>\n<p class=\"p1\"><i>&#8211; \u201cL\u00e5tene handler om det bevisste og det underbevisste &#8211; det verdslige og det hellige &#8211; om liv og d\u00f8d. Her skildres de store f\u00f8lelsene; alt fra en intensiv b\u00f8nn om \u00e5 f\u00e5 innslipp i Guds rike og et \u00f8nske om at noen, noen gang, skal tenke p\u00e5 deg om kveldene.\u201d<\/i> &#8211; \u00c6vestaden<\/p>\n<p class=\"p1\"><i>Ingen Mere Gr\u00e5ter<\/i> er et album av tre folkemusikkfantaster som fant frem til hverandre gjennom sin sans for det dunkle og melankolske. Rent musikalsk byr denne plata p\u00e5 elementer som i sin forening vil f\u00f8les nye og friske. Ikke bare er nyskrevne sanger flettet inn med salmetoner og gamle viser, her er ogs\u00e5 eldre folkemusikkinstrument blandet med elektroniske rytmer og effekter. I dette m\u00f8tet lager musikken seg selv.<\/p>\n<p class=\"p1\">&#8211;<i> \u201cEn id\u00e9, gjerne en tekst med melodi, bringes til bordet &#8211; og i l\u00f8pet av f\u00e5 strakser er l\u00e5ten p\u00e5 plass. Vi lager musikk med utgangspunkt i det enkle riffet, lar det g\u00e5 og g\u00e5 med nye intensiteter og dybder, leker oss med konvensjonelle l\u00e5tstrukturer og rytmer.\u201d<\/i> &#8211; \u00c6vestaden<\/p>\n<p class=\"p1\">Trioen best\u00e5r av Eir Vatn Str\u00f8m, Levina Stor\u00e5kern og Kenneth Lien &#8211; tre musikere som alle er multiinstrumentalister. Deres varierende instrumentkombinasjoner \u00e5pner opp et unikt lydbilde n\u00e5r tidl\u00f8se harmonier, og lag med minimalistiske motiver, skaper en \u00e5pen og atmosf\u00e6risk verden. Er du interessert i det monumentale, men ogs\u00e5 det s\u00e5re og lavm\u00e6lte? Skjeve taktarter og instrumenter man kanskje ikke har h\u00f8rt s\u00e5 ofte, s\u00f8rgmodige lydlandskap og drivende rytmer?<\/p>\n<p class=\"p1\">Aldri f\u00f8r har eldre folkemusikkinstrument blitt h\u00f8rt p\u00e5 denne m\u00e5ten.<\/p>\n<p><\/p>","protected":false},"excerpt":{"rendered":"<p><b>Den svensknorske trioen \u00c6vestaden slipper endelig debutalbumet \u201cIngen Mere Gr\u00e5ter\u201d. Nykomponert og tradisjonell musikk, med gamle og moderne instrumenter, der lyrer, fele, munnharpe, kantele, vokal og elektronikk klinger sammen i et nytt lydbilde. Musikken er alts\u00e5 folkemusikk, men i en nyere form og med et st\u00f8rre klangrom \u00e5 boltre seg i.\u00a0<\/b>\u00a0<\/p>\n","protected":false},"featured_media":39350,"comment_status":"closed","ping_status":"closed","template":"","meta":[],"product_brand":[],"product_cat":[35],"product_tag":[],"class_list":{"0":"post-39347","1":"product","2":"type-product","3":"status-publish","4":"has-post-thumbnail","6":"product_cat-heilo","7":"product_shipping_class-cddvd-shipping","8":"uni_artist_tag-aevestaden","9":"uni_artist_tag-eir-vatn-strom","10":"uni_artist_tag-kenneth-lien","11":"uni_artist_tag-levina-storakern","12":"uni_main_artist_tag-aevestaden","13":"uni_artist_genre-folk-music","14":"uni_artist_genre-traditional-music","16":"first","17":"outofstock","18":"taxable","19":"shipping-taxable","20":"product-type-variable","21":"has-default-attributes"},"_links":{"self":[{"href":"https:\/\/grappa.no\/no\/wp-json\/wp\/v2\/product\/39347","targetHints":{"allow":["GET"]}}],"collection":[{"href":"https:\/\/grappa.no\/no\/wp-json\/wp\/v2\/product"}],"about":[{"href":"https:\/\/grappa.no\/no\/wp-json\/wp\/v2\/types\/product"}],"replies":[{"embeddable":true,"href":"https:\/\/grappa.no\/no\/wp-json\/wp\/v2\/comments?post=39347"}],"wp:featuredmedia":[{"embeddable":true,"href":"https:\/\/grappa.no\/no\/wp-json\/wp\/v2\/media\/39350"}],"wp:attachment":[{"href":"https:\/\/grappa.no\/no\/wp-json\/wp\/v2\/media?parent=39347"}],"wp:term":[{"taxonomy":"product_brand","embeddable":true,"href":"https:\/\/grappa.no\/no\/wp-json\/wp\/v2\/product_brand?post=39347"},{"taxonomy":"product_cat","embeddable":true,"href":"https:\/\/grappa.no\/no\/wp-json\/wp\/v2\/product_cat?post=39347"},{"taxonomy":"product_tag","embeddable":true,"href":"https:\/\/grappa.no\/no\/wp-json\/wp\/v2\/product_tag?post=39347"}],"curies":[{"name":"wp","href":"https:\/\/api.w.org\/{rel}","templated":true}]}}