{"id":39341,"date":"2021-09-24T12:10:31","date_gmt":"2021-09-24T11:10:31","guid":{"rendered":"https:\/\/grappa.no\/?post_type=product&#038;p=39341"},"modified":"2021-09-24T12:32:41","modified_gmt":"2021-09-24T11:32:41","slug":"donninger","status":"publish","type":"product","link":"https:\/\/grappa.no\/no\/albums\/grappa\/donninger\/","title":{"rendered":"D\u00f8nninger"},"content":{"rendered":"<p><\/p>\n<div>Sigrun Loe Sparboe med sitt mest helst\u00f8pte album til n\u00e5!<\/div>\n<div>\n<p>Sigrun Loe Sparboe, visedronningen fra nord, er tilbake med nok et album fylt av nerve og tilstedev\u00e6relse. Albumet &#8220;D\u00f8nninger&#8221; viser en artist i kontinuerlig vekst. Det er fortsatt melodi\u00f8st, tekstene er skrudd enda mer til og har flere lag. &#8220;Det hverdagslige og n\u00e6re f\u00e5r en egen skj\u00f8nnhet n\u00e5r Sigrun forteller sine historier&#8221; har det tidligere v\u00e6rt sagt. Det gjelder ogs\u00e5 denne gang!<\/p>\n<\/div>\n<p><!--more--><\/p>\n<p style=\"margin-top: 0cm; line-height: 18.0pt; background: white;\"><em><span style=\"font-family: 'Arial',sans-serif; color: black;\">&#8211; &#8220;D\u00f8nninger\u201d er en samling nyskrevne sanger om store og sm\u00e5 hendelser i livet som setter spor og lager d\u00f8nninger.&#8221;<\/span><\/em><span style=\"font-family: 'Arial',sans-serif; color: black;\">\u00a0&#8211; Sigrun Loe Sparboe<\/span><\/p>\n<p style=\"margin-top: 0cm; line-height: 18.0pt; background: white; overflow-wrap: break-word; font-variant-ligatures: normal; font-variant-caps: normal; orphans: 2; text-align: -webkit-left; widows: 2; -webkit-text-stroke-width: 0px; text-decoration-thickness: initial; text-decoration-style: initial; text-decoration-color: initial; word-spacing: 0px;\"><span style=\"font-family: 'Arial',sans-serif; color: black;\">Etter flere \u00e5r i Oslo, flytta Sigrun tilbake til hjembyen Harstad hvor hun n\u00e5 har sitt virke. Det nye albumet er b\u00e5de skrevet og spilt inn der, men denne gangen har hun reindyrka visekonseptet enda mer og har ispedd produksjonen drag av folk. Sigrun har sparret med Ola Bremnes om enkelte av tekstene og albumet inneholder ogs\u00e5 et samarbeid med dikter og forfatter Gro Dahle.<\/span><\/p>\n<p style=\"margin-top: 0cm; line-height: 18.0pt; background: white; overflow-wrap: break-word; font-variant-ligatures: normal; font-variant-caps: normal; orphans: 2; text-align: -webkit-left; widows: 2; -webkit-text-stroke-width: 0px; text-decoration-thickness: initial; text-decoration-style: initial; text-decoration-color: initial; word-spacing: 0px;\"><span style=\"font-family: 'Arial',sans-serif; color: black;\">Sigrun holder til i et hus helt nede ved havet og st\u00e5r st\u00f8dig som artist selv i en intensiv fase som sm\u00e5barnsmor til snart 4 sm\u00e5. \u201dDer \u00e6 brukte \u00e5 bo\u201d var en av de f\u00f8rste l\u00e5tene Sigrun skrev til det nye albumet og l\u00e5ten var med p\u00e5 \u00e5 sette stemningen for de neste. Om akkurat denne l\u00e5ten sier hun f\u00f8lgende:<\/span><\/p>\n<p style=\"margin-top: 0cm; line-height: 18.0pt; background: white; overflow-wrap: break-word; font-variant-ligatures: normal; font-variant-caps: normal; orphans: 2; text-align: -webkit-left; widows: 2; -webkit-text-stroke-width: 0px; text-decoration-thickness: initial; text-decoration-style: initial; text-decoration-color: initial; word-spacing: 0px;\"><em><span style=\"font-family: 'Arial',sans-serif; color: black;\">&#8211; &#8220;L\u00e5ta ble til da jeg, etter flere \u00e5r, var tilbake p\u00e5 gamle trakter, tilbake i str\u00f8ket som pleide \u00e5 v\u00e6re mitt nabolag. Der jeg holdt en annens h\u00e5nd i flere \u00e5r. N\u00e5r jeg n\u00e5 var tilbake kjente jeg den gode f\u00f8lelsen av forsoning over et brudd og ei svunnet tid. At det som en gang var s\u00e5 vanskelig, har g\u00e5tt over og blitt til fine minner.\u00a0 Jeg inns\u00e5 at jeg ble den jeg er, der jeg brukte \u00e5 bo.&#8221;<\/span><\/em><span style=\"font-family: 'Arial',sans-serif; color: black;\">\u00a0&#8211; Sigrun Loe Sparboe<\/span><\/p>\n<p style=\"margin-top: 0cm; line-height: 18.0pt; background: white; overflow-wrap: break-word; font-variant-ligatures: normal; font-variant-caps: normal; orphans: 2; text-align: -webkit-left; widows: 2; -webkit-text-stroke-width: 0px; text-decoration-thickness: initial; text-decoration-style: initial; text-decoration-color: initial; word-spacing: 0px;\"><span style=\"font-family: 'Arial',sans-serif; color: black;\">Sigrun Loe Sparboe har tidligere samarbeidet med musikere og artister som Ellen Andrea Wang, Ellen Brekken, Trygve Skaug og Heming Valebj\u00f8rg. I tillegg har hun blitt omtalt som et av Norges st\u00f8rste l\u00e5tskrivertalent. Hun ble tildelt den h\u00f8ythengende Nopas musikk- og tekstpris i 2015 og hennes l\u00e5ter har v\u00e6rt \u00e5 h\u00f8re p\u00e5 riksdekkende radio. I 2018 mottok hun Ole Vig-prisen for sitt musikalske engasjement for b\u00e5de barn og eldre.<\/span><\/p>\n<div class=\"\">\n<p>&nbsp;<\/p>\n<\/div>\n<p><\/p>","protected":false},"excerpt":{"rendered":"<p>Sigrun Loe Sparboe med sitt mest helst\u00f8pte album til n\u00e5!<\/p>\n","protected":false},"featured_media":39342,"comment_status":"closed","ping_status":"closed","template":"","meta":[],"product_brand":[],"product_cat":[6],"product_tag":[],"class_list":{"0":"post-39341","1":"product","2":"type-product","3":"status-publish","4":"has-post-thumbnail","6":"product_cat-grappa","7":"product_shipping_class-cddvd-shipping","8":"uni_artist_tag-sigrun-loe-sparboe","9":"uni_main_artist_tag-sigrun-loe-sparboe","10":"uni_artist_genre-pop","11":"uni_artist_genre-viser","13":"first","14":"instock","15":"taxable","16":"shipping-taxable","17":"purchasable","18":"product-type-simple"},"_links":{"self":[{"href":"https:\/\/grappa.no\/no\/wp-json\/wp\/v2\/product\/39341","targetHints":{"allow":["GET"]}}],"collection":[{"href":"https:\/\/grappa.no\/no\/wp-json\/wp\/v2\/product"}],"about":[{"href":"https:\/\/grappa.no\/no\/wp-json\/wp\/v2\/types\/product"}],"replies":[{"embeddable":true,"href":"https:\/\/grappa.no\/no\/wp-json\/wp\/v2\/comments?post=39341"}],"wp:featuredmedia":[{"embeddable":true,"href":"https:\/\/grappa.no\/no\/wp-json\/wp\/v2\/media\/39342"}],"wp:attachment":[{"href":"https:\/\/grappa.no\/no\/wp-json\/wp\/v2\/media?parent=39341"}],"wp:term":[{"taxonomy":"product_brand","embeddable":true,"href":"https:\/\/grappa.no\/no\/wp-json\/wp\/v2\/product_brand?post=39341"},{"taxonomy":"product_cat","embeddable":true,"href":"https:\/\/grappa.no\/no\/wp-json\/wp\/v2\/product_cat?post=39341"},{"taxonomy":"product_tag","embeddable":true,"href":"https:\/\/grappa.no\/no\/wp-json\/wp\/v2\/product_tag?post=39341"}],"curies":[{"name":"wp","href":"https:\/\/api.w.org\/{rel}","templated":true}]}}