{"id":39333,"date":"2021-09-17T00:07:58","date_gmt":"2021-09-16T23:07:58","guid":{"rendered":"https:\/\/grappa.no\/?post_type=product&#038;p=39333"},"modified":"2021-09-17T00:13:24","modified_gmt":"2021-09-16T23:13:24","slug":"imagemagi-urverk-9","status":"publish","type":"product","link":"https:\/\/grappa.no\/no\/albums\/grappa\/imagemagi-urverk-9\/","title":{"rendered":"Imagemagi (URverk 9)"},"content":{"rendered":"<p><\/p>\n<p class=\"Body\">Vi er kommet til \u00e5rene 1982 til -84, noenlunde den samme tida som Urverk 8.<\/p>\n<p class=\"Body\">Urverk 9 er selvf\u00f8lgelig p\u00e5 norsk, og her er eksperimenteringen litt mindre framtredende, men l\u00e5tskrivinga desto mer. P\u00e5 denne plata dukker det opp ikke mindre enn tre l\u00e5ter som senere ble utgitt med Tre Sm\u00e5 kinesere, &#8220;Tvil&#8221;, &#8220;Det Som Vi Har&#8221; og &#8220;Luftpalass&#8221;.<\/p>\n<p>&nbsp;<\/p>\n<p><!--more--><\/p>\n<p class=\"Body\">De to f\u00f8rste er kj\u00e6rlighetssanger som utfyller hverandre, den f\u00f8rste har f\u00f8lelsen i tittelen, mens den andre hyller det relativt ferske forholdet. Denne gangen var det nemllig alvor.<\/p>\n<p class=\"Body\">&#8220;Luftpalass derimot beskriver den sterke utferdstrangen jeg hadde kjent p\u00e5 siden tidlig ungdom. Det f\u00f8ltes ofte som om at livet mitt skulle ta en spesiell vending n\u00e5r som helst, s\u00e6rlig n\u00e5r jeg leste b\u00f8ker eller s\u00e5 film. Jeg kunne bo hvor som helst og bli hva som helst, trodde jeg. Vi hadde et herlig kollektiv g\u00e5ende i 6 etasje p\u00e5 h\u00f8yblokka vi bodde i, hvor gjengen kunne samles\u00a0 rundt en karsk eller en jazzr\u00f8yk. Vi hadde produksjon av begge deler g\u00e5ende 24\/7. Godt \u00e5 flytte hjemmefra! Gamle musikerkumpaner som Anders fra det Gurgles og Sola ble gjerne med p\u00e5 \u00e5 spille inn en sang eller to, og Anders har f\u00e5tt med en av sine mesterverk her; Sosialdemokratens S\u00f8ndag. Det ble til at jeg fortsatte p\u00e5 universitetet, beholdt dama, ble i Trondheim og droppa vinplukking i Frankrike. I \u00e5r i hvert fall.&#8221; Ulf Risnes, september 2021<\/p>\n<p>URverk best\u00e5r totalt av hele 12 album, ett og ett vil slippes hver m\u00e5ned i 2021. Albumene slippes p\u00e5 vinyl og alle sammen kommer med tekster og bilder fra perioden sangene ble spilt inn og med \u00e8n garanti: hjemmelaget!<\/p>\n<p><\/p>","protected":false},"excerpt":{"rendered":"<p class=\"Body\">URverk er en serie p\u00e5 12 utgivelser med l\u00e5ter skrevet og spilt inn i perioden 1977 til og med 1988. Dette er en samling av dr\u00f8mmer, dr\u00f8mmen om \u00e5 bli rockestjerner. N\u00e5 er vi kommet fram til URverk 9 og albumet &#8220;Imagemagi&#8221;.<\/p>\n","protected":false},"featured_media":39334,"comment_status":"closed","ping_status":"closed","template":"","meta":[],"product_brand":[],"product_cat":[6],"product_tag":[],"class_list":{"0":"post-39333","1":"product","2":"type-product","3":"status-publish","4":"has-post-thumbnail","6":"product_cat-grappa","7":"product_shipping_class-cddvd-shipping","8":"uni_main_artist_tag-ulf-risnes","10":"first","11":"instock","12":"taxable","13":"shipping-taxable","14":"purchasable","15":"product-type-simple"},"_links":{"self":[{"href":"https:\/\/grappa.no\/no\/wp-json\/wp\/v2\/product\/39333","targetHints":{"allow":["GET"]}}],"collection":[{"href":"https:\/\/grappa.no\/no\/wp-json\/wp\/v2\/product"}],"about":[{"href":"https:\/\/grappa.no\/no\/wp-json\/wp\/v2\/types\/product"}],"replies":[{"embeddable":true,"href":"https:\/\/grappa.no\/no\/wp-json\/wp\/v2\/comments?post=39333"}],"wp:featuredmedia":[{"embeddable":true,"href":"https:\/\/grappa.no\/no\/wp-json\/wp\/v2\/media\/39334"}],"wp:attachment":[{"href":"https:\/\/grappa.no\/no\/wp-json\/wp\/v2\/media?parent=39333"}],"wp:term":[{"taxonomy":"product_brand","embeddable":true,"href":"https:\/\/grappa.no\/no\/wp-json\/wp\/v2\/product_brand?post=39333"},{"taxonomy":"product_cat","embeddable":true,"href":"https:\/\/grappa.no\/no\/wp-json\/wp\/v2\/product_cat?post=39333"},{"taxonomy":"product_tag","embeddable":true,"href":"https:\/\/grappa.no\/no\/wp-json\/wp\/v2\/product_tag?post=39333"}],"curies":[{"name":"wp","href":"https:\/\/api.w.org\/{rel}","templated":true}]}}