{"id":39328,"date":"2021-09-16T18:20:28","date_gmt":"2021-09-16T17:20:28","guid":{"rendered":"https:\/\/grappa.no\/?post_type=product&#038;p=39328"},"modified":"2021-09-16T19:17:15","modified_gmt":"2021-09-16T18:17:15","slug":"schwanengesang","status":"publish","type":"product","link":"https:\/\/grappa.no\/no\/albums\/simax-classics\/schwanengesang\/","title":{"rendered":"Schwanengesang"},"content":{"rendered":"<p><\/p>\n<p>Schuberts Schwanengesang slik du aldri har h\u00f8rt den f\u00f8r!<\/p>\n<p>En ny tiln\u00e6rming til Schuberts Schwanengesang av frank\u00e5gunnar<\/p>\n<p><!--more--><\/p>\n<p>Denne h\u00f8sten slipper Frank Havr\u00f8y (sang) og Gunnar Flagstad deres h\u00f8yst personlige versjon av Schuberts sangsyklus <em>Schwanengesang <\/em>p\u00e5 det klassiske plateselskapet Simax. Denne syklusen (som komponisten egentlig ikke hadde forestilt seg \u00e5 v\u00e6re en syklus, men ble det etter hans d\u00f8d) er et av Schuberts mest ikoniske verker. Mange av de 14 sangene i samlingen, slik som \u201dSt\u00e4ndchen\u201d, \u201dDer Doppelg\u00e4nger\u201d og \u201dDas Fischerm\u00e4dchen\u201d er blant Schuberts mest kjente. Frank Havr\u00f8y og Gunnar Flagstad, en duo som g\u00e5r under navnet <em>frank\u00e5gunnar, <\/em>utfordrer den klassiske liedtradisjonen med deres helt nye tiln\u00e6rming, og med det skaper de helt nye interpretasjoner av sangene. Det er en multisjanger-tiln\u00e6rming, der hver eneste musikalske ide bringes til torgs og utforskes. Resultatet er et musikalsk landskap der alt er lov, men som aldri mister de originale sangene av syne. S\u00e5, selv om sangene har blitt rearrangert og dratt i alle retninger, er det ingen tvil om at vi fremdeles befinner oss i et landskap der den fantastiske musikken til Franz Schubert st\u00e5r i sentrum.<\/p>\n<p>Frank Havr\u00f8y og Gunnar Flagstad er begge ansatt som f\u00f8rsteamanuensis p\u00e5 Norges musikkh\u00f8gskole. De er begge frilans musikere, involverte i en stor bredde av norsk musikkliv: Frank arbeider som sanger, skuespiller og komponist og er ogs\u00e5 medlem av vokalensemblet Nordic Voices. Gunnar er en uhyre ettertraktet og fleksibel kammermusiker som jevnlig opptrer sammen med en rekke av Norges mest kjente musikere p\u00e5 festivaler og konsertscener i Norge og i utlandet. Dette er duoens f\u00f8rste plateinnspilling.<\/p>\n<p><\/p>","protected":false},"excerpt":{"rendered":"<p>Tchaikovsky: Serenade, Violin Concerto. Kraggerud: Ragnarok \/The sun\u2019s daughter &#8211; Arctic Philharmonic \/ Christian Kluxen<\/p>\n","protected":false},"featured_media":39331,"comment_status":"closed","ping_status":"closed","template":"","meta":[],"product_brand":[],"product_cat":[180],"product_tag":[],"class_list":{"0":"post-39328","1":"product","2":"type-product","3":"status-publish","4":"has-post-thumbnail","6":"product_cat-simax-classics","7":"product_shipping_class-cddvd-shipping","8":"uni_artist_tag-frank-havroy","9":"uni_artist_tag-gunnar-flagstad","10":"uni_main_artist_tag-frankagunnar","11":"uni_artist_genre-classical","12":"uni_artist_genre-cross-over","14":"first","15":"instock","16":"taxable","17":"shipping-taxable","18":"purchasable","19":"product-type-simple"},"_links":{"self":[{"href":"https:\/\/grappa.no\/no\/wp-json\/wp\/v2\/product\/39328","targetHints":{"allow":["GET"]}}],"collection":[{"href":"https:\/\/grappa.no\/no\/wp-json\/wp\/v2\/product"}],"about":[{"href":"https:\/\/grappa.no\/no\/wp-json\/wp\/v2\/types\/product"}],"replies":[{"embeddable":true,"href":"https:\/\/grappa.no\/no\/wp-json\/wp\/v2\/comments?post=39328"}],"wp:featuredmedia":[{"embeddable":true,"href":"https:\/\/grappa.no\/no\/wp-json\/wp\/v2\/media\/39331"}],"wp:attachment":[{"href":"https:\/\/grappa.no\/no\/wp-json\/wp\/v2\/media?parent=39328"}],"wp:term":[{"taxonomy":"product_brand","embeddable":true,"href":"https:\/\/grappa.no\/no\/wp-json\/wp\/v2\/product_brand?post=39328"},{"taxonomy":"product_cat","embeddable":true,"href":"https:\/\/grappa.no\/no\/wp-json\/wp\/v2\/product_cat?post=39328"},{"taxonomy":"product_tag","embeddable":true,"href":"https:\/\/grappa.no\/no\/wp-json\/wp\/v2\/product_tag?post=39328"}],"curies":[{"name":"wp","href":"https:\/\/api.w.org\/{rel}","templated":true}]}}