{"id":393,"date":"2000-05-25T00:00:00","date_gmt":"2000-05-24T23:00:00","guid":{"rendered":"http:\/\/www.grappa.no\/albums\/uncategorized\/sinding-songs-vol-1\/"},"modified":"2019-02-22T15:47:42","modified_gmt":"2019-02-22T14:47:42","slug":"sinding-songs-vol-1","status":"publish","type":"product","link":"https:\/\/grappa.no\/no\/albums\/simax-classics\/sinding-songs-vol-1\/","title":{"rendered":"Sinding Songs vol. 1"},"content":{"rendered":"<p><\/p>\n<p>Sindings sanger for f\u00f8rste gang<\/p>\n<p>\u00abNoget av det Forunderligste, Vildeste, Utilgjengeligste, der nogensinde har m\u00f8tt os i en Koncertsal.\u00bb<br \/>\nAftenpostens anmelder av 1882 var i harnisk etter f\u00f8rstefremf\u00f8relsen av Christian Sindings Sangene af den arabiske fort\u00e6lling Antar og Abla, noe som etter tradisjonen skal ha f\u00f8rt til at sangene ble brent av komponisten. De dukket imidlertid opp igjen for kort tid siden, og er bare en av mange spennende bekjentskaper man kan stifte p\u00e5 denne f\u00f8rste av i alt tre CDer med Christian Sindings (1856-1941) sanger. <\/p>\n<p>Det er baritonen Per Vollestad som har p\u00e5tatt seg oppgaven med \u00e5 bringe denne norske musikkskatten frem i lyset igjen. Gjennom arbeidet med sin doktoravhandling ved Norges musikkh\u00f8gskole har Vollestad f\u00e5tt muligheten til \u00e5 gjennomg\u00e5 alt av manuskripter som finnes etterlatt. Sammen med pianisten Sigmund Hjelset presenterer han p\u00e5 den f\u00f8rste CDen 38 sanger, hvorav de fleste ikke har v\u00e6rt spilt inn tidligere. Det er blant annet til tekster fra Des Knaben Wunderhorn, Vilhelm Krag, samt Ivar Aasen og Anders Hovden.<\/p>\n<p><!--more--><\/p>\n<p>\u00abNoget av det Forunderligste, Vildeste, Utilgjengeligste, der nogensinde har m\u00f8tt os i en Koncertsal.\u00bb<\/p>\n<h4>Norsk sangskatt frem i lyset<\/h4>\n<p>Det er baritonen Per Vollestad som har p\u00e5tatt seg oppgaven med \u00e5 bringe denne norske musikkskatten frem i lyset igjen. Gjennom arbeidet med sin doktoravhandling ved Norges musikkh\u00f8gskole har Vollestad f\u00e5tt muligheten til \u00e5 gjennomg\u00e5 alt av manuskripter som finnes etterlatt. Sammen med pianisten Sigmund Hjelset presenterer han p\u00e5 den f\u00f8rste CDen 38 sanger, hvorav de fleste ikke har v\u00e6rt spilt inn tidligere. Det er blant annet til tekster fra Des Knaben Wunderhorn, Vilhelm Krag, samt Ivar Aasen og Anders Hovden.<\/p>\n<h4>Ukunstlet musikalitet<\/h4>\n<p>Vollestad er en h\u00f8yt skattet romansetolker, med flere innspillinger av Schubert, Schumann, Wolf og Grieg bak seg. N\u00e5r han p\u00e5 denne m\u00e5ten vier sin oppmerksomhet om en av v\u00e5re &quot;glemte&quot; store, er det med den samme seri\u00f8sitet og ukunstlet musikalitet som har preget hans tidligere innspillinger. Hans n\u00e6rv\u00e6r og engasjement er smittende, og vil sikkert sette Sinding p\u00e5 dagsordenen igjen, nasjonalt og internasjonalt. I sin tid het det at Fr\u00fchlingsrauschen var verdens mest spilte klaverstykke \u2013 og notene ble sendt fra Peters forlag i vognlaster. Sinding ble feiret verden over som en av sin tids st\u00f8rste komponister.<\/p>\n<h4>Hva fanden hjelper allverdens gramatikk, hvis en ikke kan dikte?<\/h4>\n<p>Blaafarvev\u00e6rket p\u00e5 Modum \u00e5pner 27 mai sommerutstillingen Kunstnerbr\u00f8drene, som er viet de tre br\u00f8derene Otto, Stephan og Christian Sinding. Her vil blant annet deler Christian Sindings arbeidsv\u00e6relse, gjenfunnet i nedpakket tilstand p\u00e5 Norsk folkemuseum av Vollestad, v\u00e6re utstilt. Gjennom hele sommeren vil Vollestad v\u00e6re programvert for en stor serie Sinding-konserter som inneholder mye av Sindings kammermusikk. Sammen med Sigmund Hjelset skal han selv ha syv konsertforestillinger med tittelen Hva fanden hjelper allverdens gramatikk, hvis en ikke kan dikte? Forestillingene er bygget p\u00e5 Sindings musikk samt hans egne ord i brev og intervjuer. Dette er en forestilling som garantert vil by p\u00e5 overraskelser og gi et nytt bilde av komponisten.<\/p>\n<p><\/p>","protected":false},"excerpt":{"rendered":"<p>\u2013 totally fascinating. [Yorkshire Post]<\/p>\n","protected":false},"featured_media":27589,"comment_status":"closed","ping_status":"open","template":"","meta":[],"product_brand":[],"product_cat":[180],"product_tag":[],"class_list":{"0":"post-393","1":"product","2":"type-product","3":"status-publish","4":"has-post-thumbnail","6":"product_cat-simax-classics","7":"product_shipping_class-cddvd-shipping","8":"uni_artist_tag-christian-sinding","9":"uni_artist_tag-per-vollestad","10":"uni_artist_tag-sigmund-hjelset","11":"uni_artist_tag-tore-simonsen","12":"uni_main_artist_tag-per-vollestad","13":"uni_artist_genre-lieder","14":"uni_artist_genre-norwegian","16":"first","17":"instock","18":"taxable","19":"shipping-taxable","20":"purchasable","21":"product-type-simple"},"_links":{"self":[{"href":"https:\/\/grappa.no\/no\/wp-json\/wp\/v2\/product\/393","targetHints":{"allow":["GET"]}}],"collection":[{"href":"https:\/\/grappa.no\/no\/wp-json\/wp\/v2\/product"}],"about":[{"href":"https:\/\/grappa.no\/no\/wp-json\/wp\/v2\/types\/product"}],"replies":[{"embeddable":true,"href":"https:\/\/grappa.no\/no\/wp-json\/wp\/v2\/comments?post=393"}],"wp:featuredmedia":[{"embeddable":true,"href":"https:\/\/grappa.no\/no\/wp-json\/wp\/v2\/media\/27589"}],"wp:attachment":[{"href":"https:\/\/grappa.no\/no\/wp-json\/wp\/v2\/media?parent=393"}],"wp:term":[{"taxonomy":"product_brand","embeddable":true,"href":"https:\/\/grappa.no\/no\/wp-json\/wp\/v2\/product_brand?post=393"},{"taxonomy":"product_cat","embeddable":true,"href":"https:\/\/grappa.no\/no\/wp-json\/wp\/v2\/product_cat?post=393"},{"taxonomy":"product_tag","embeddable":true,"href":"https:\/\/grappa.no\/no\/wp-json\/wp\/v2\/product_tag?post=393"}],"curies":[{"name":"wp","href":"https:\/\/api.w.org\/{rel}","templated":true}]}}