{"id":39287,"date":"2021-09-03T09:51:48","date_gmt":"2021-09-03T08:51:48","guid":{"rendered":"https:\/\/grappa.no\/?post_type=product&#038;p=39287"},"modified":"2021-09-03T09:54:57","modified_gmt":"2021-09-03T08:54:57","slug":"flukt-2","status":"publish","type":"product","link":"https:\/\/grappa.no\/no\/albums\/heilo\/flukt-2\/","title":{"rendered":"Flukt"},"content":{"rendered":"<p><\/p>\n<div class=\"\">\n<p class=\"p1\">Sagene Ring har alltid skrevet musikk som tar utgangspunkt i den virkelige verden. Bak hver l\u00e5t ligger det en sann historie, og p\u00e5 dette albumet fortelles det om flyktningene som reiser over Middelhavet og pr\u00f8ver \u00e5 bygge et nytt liv i Europa og i Norge. For Sagene Ring er det viktig at musikken kan brukes til \u00e5 formidle dagsaktuelle temaer, som p\u00e5 denne platen omhandler flyktningsproblematikken.<\/p>\n<\/div>\n<p><!--more--><\/p>\n<div class=\"\">\n<p class=\"p2\">Erik Fosse har skrevet alle sangene, og tar utgangspunkt i sin egen bakgrunn og erfaringer fra \u00e5 jobbe som lege med flyktninger flere steder i verden, og ikke minst i Midt-\u00d8sten. Sangene er skrevet med respekt og beundring for folkene som m\u00e5 gi opp et helt liv p\u00e5 stedet der de vokste opp, og starte et nytt liv i en fremmed kultur. De risikerer mye for \u00e5 skape en fremtid for seg og sine, og flere setter livet p\u00e5 spill.<\/p>\n<p class=\"p2\">Sangene handler i hovedsak om enkeltpersoners egne historier slik de har fortalt dem i intervjuer i ulike medier. NRK har i flere programmer fortalt historiene til mennesker p\u00e5 flukt. Tekstene til \u00abLeo g\u00e5r i trappen\u00bb, \u00abKostas Pinteris\u00bb, \u00abSambujang\u00bb, \u00abSj\u00e5f\u00f8ren\u00bb, \u00abForbudte dr\u00f8mmer\u00bb og \u00abHjemme er der hvor du er trygg\u00bb er basert p\u00e5 intervjuer og historier i serien \u00abFlukt\u00bb vist p\u00e5 NRK i 2017 med Leo Ajkic som programleder.<\/p>\n<p class=\"p2\">Teksten til \u00abTrandum\u00bb er basert p\u00e5 intervjuer og skjebner i programmet om Trandum leir i serien \u00abHelene sjekker inn\u00bb, vist p\u00e5 NRK i 2017 med Helene Sandvik som programleder.<\/p>\n<p class=\"p2\">Teksten til \u00abAuberginer og Squash\u00bb er basert p\u00e5 intervjuer og historier i programmet \u00abCeuta i Marokko\u00bb fra serien \u00abMediterranean\u00bb, produsert av BBC og vist p\u00e5 NRK i 2019 med Simon Reeve som programleder. Teksten til \u00abDe kom inn i rommet med skoene p\u00e5\u00bb er basert p\u00e5 reportasjer i Lofotposten i 2019 om Ahmad Charafeddine og hans familie.<\/p>\n<p class=\"p1\"><b>Sagene Ring<\/b><\/p>\n<p class=\"p2\">Sagene Ring ble etablert i 1988 og best\u00e5r av Erik Fosse (sang, gitar og munnspill), Petter Udland Johansen (sang, mandolin og fele), og Per David Martinsen (sang, kor og kontrabass). Bandet ga ut sitt f\u00f8rste album \u00abRett opp fra elva\u00bb i 1997, andre album \u00abSporskift\u00bb i 2000, \u00abNattas fl\u00f8yel blir til st\u00e5l\u00bb i 2013, og n\u00e5 \u00abFlukt\u00bb i 2021 &#8211; alle utgitt p\u00e5 Heilo. P\u00e5 dette albumet er ogs\u00e5 Sveinung Lilleheier (gitarer, dobro og sandur), Trond Nagell Dahl (trekkspill, piano og orgel), Arnfinn Bergrabb (slagverk) og Arianna Savall (harpe p\u00e5 spor 1) medvirkende.<span class=\"Apple-converted-space\">\u00a0<\/span><\/p>\n<\/div>\n<p><\/p>","protected":false},"excerpt":{"rendered":"<p>Sagene Ring har alltid skrevet musikk som tar utgangspunkt i den virkelige verden. Bak hver l\u00e5t ligger det en sann historie, og p\u00e5 dette albumet fortelles det om flyktningene som reiser over Middelhavet og pr\u00f8ver \u00e5 bygge et nytt liv i Europa og i Norge. For Sagene Ring er det viktig at musikken kan brukes til \u00e5 formidle dagsaktuelle temaer, som p\u00e5 denne platen omhandler flyktningsproblematikken.<\/p>\n","protected":false},"featured_media":39238,"comment_status":"closed","ping_status":"closed","template":"","meta":[],"product_brand":[],"product_cat":[35],"product_tag":[],"class_list":{"0":"post-39287","1":"product","2":"type-product","3":"status-publish","4":"has-post-thumbnail","6":"product_cat-heilo","7":"product_shipping_class-cddvd-shipping","8":"uni_artist_tag-arianna-savall","9":"uni_artist_tag-arnfinn-bergrabb","10":"uni_artist_tag-erik-fosse","11":"uni_artist_tag-per-david-martinsen","12":"uni_artist_tag-petter-udland-johansen","13":"uni_artist_tag-sveinung-lilleheier","14":"uni_artist_tag-trond-nagell-dahl","15":"uni_main_artist_tag-sagene-ring","16":"uni_artist_genre-folkemusikk","17":"uni_artist_genre-urban-folk","18":"uni_artist_genre-viser","20":"first","21":"instock","22":"taxable","23":"shipping-taxable","24":"purchasable","25":"product-type-simple"},"_links":{"self":[{"href":"https:\/\/grappa.no\/no\/wp-json\/wp\/v2\/product\/39287","targetHints":{"allow":["GET"]}}],"collection":[{"href":"https:\/\/grappa.no\/no\/wp-json\/wp\/v2\/product"}],"about":[{"href":"https:\/\/grappa.no\/no\/wp-json\/wp\/v2\/types\/product"}],"replies":[{"embeddable":true,"href":"https:\/\/grappa.no\/no\/wp-json\/wp\/v2\/comments?post=39287"}],"wp:featuredmedia":[{"embeddable":true,"href":"https:\/\/grappa.no\/no\/wp-json\/wp\/v2\/media\/39238"}],"wp:attachment":[{"href":"https:\/\/grappa.no\/no\/wp-json\/wp\/v2\/media?parent=39287"}],"wp:term":[{"taxonomy":"product_brand","embeddable":true,"href":"https:\/\/grappa.no\/no\/wp-json\/wp\/v2\/product_brand?post=39287"},{"taxonomy":"product_cat","embeddable":true,"href":"https:\/\/grappa.no\/no\/wp-json\/wp\/v2\/product_cat?post=39287"},{"taxonomy":"product_tag","embeddable":true,"href":"https:\/\/grappa.no\/no\/wp-json\/wp\/v2\/product_tag?post=39287"}],"curies":[{"name":"wp","href":"https:\/\/api.w.org\/{rel}","templated":true}]}}