{"id":39267,"date":"2021-08-27T10:55:35","date_gmt":"2021-08-27T09:55:35","guid":{"rendered":"https:\/\/grappa.no\/?post_type=product&#038;p=39267"},"modified":"2021-09-02T23:14:52","modified_gmt":"2021-09-02T22:14:52","slug":"the-civilized-life","status":"publish","type":"product","link":"https:\/\/grappa.no\/no\/albums\/blue-mood-records\/the-civilized-life\/","title":{"rendered":"The Civilized Life"},"content":{"rendered":"<p><\/p>\n<div class=\"\">Gjenforening og nytt album med Vidar Busk &amp; His True Believers<\/div>\n<p><!--more--><\/p>\n<p>Det er snart 25 \u00e5r siden sangeren og gitaristen Vidar Busk ble Norges mest omtalte og feirede bluesartist for sitt debutalbum &#8220;Stompin\u2019 Our Feet With Joy (1997)&#8221;, lansert med en sensasjonell konsert p\u00e5 Notodden Blues Festival der han ogs\u00e5 mottok festivalens bluespris. S\u00e5 gikk det slag i slag med albumet &#8220;I Came here to Rock (1998)&#8221;, Spellemannspris som \u00e5rets artist, utgivelse av &#8220;Atomic Swing (1999)&#8221; og nominasjon til Spellemanspris i kategorien rock. P\u00e5 2000-tallet utvidet han sin musikalske palett med tre funk-inspirerte album p\u00e5 Warner. Etter flere ulike bandkonstellasjoner, inkludert Elvis Presley tribute-show for fulle hus sammen med Stephen Ackles og Paal Flaata de siste \u00e5rene, er Vidar i 2021 tilbake med albumet alle venter p\u00e5.<\/p>\n<p>&#8220;Civilized Life&#8221; med Vidar Busk &amp; His True Believers slippes p\u00e5 Grappa Musikkforlag 3. september. Bortsett fra at trommeslager Martin Windstad har byttet plass med Alexander Pettersen fra Bubble of Trouble\/Billy T Band, er f\u00f8lgende med fra originalbesetningen: Johnny Augland (piano\/B3 orgel\/gitar), Arne Rasmussen (munnspill) og Rune Endal (bass).<\/p>\n<p>Med Norges mest kjente internasjonale bluesstjerne Kid Andersen som produsent er plata innspilt i Kitchen Studio p\u00e5 Jar og mikset\/mastret av Kid Andersen i Greaseland Studios, San Jose, California og med gjestespill fra Sax Gordon og Greaseland Superspreader Horn Section.<\/p>\n<p>Produsent Andersen har skrevet teksten til tittelsporet. Balladen &#8220;I Take a Lot Out of the Bottle&#8221;, skrevet av California-baserte Steven Moos, vil ble sluppet som singel og video i starten av juli.<\/p>\n<p>Fans av Vidar Busk &amp; His True Believers kan vente seg b\u00e5de fullt T-Birds-inspirert \u00f8s, svingende blues, sjelfulle ballader og r\u00f8dgl\u00f8dende gitarspill!<\/p>\n<h4><\/h4>\n<p><\/p>","protected":false},"excerpt":{"rendered":"<p>Fans av Vidar Busk &amp; His True Believers kan vente seg b\u00e5de fullt T-Birds-inspirert \u00f8s, svingende blues, sjelfulle ballader og r\u00f8dgl\u00f8dende gitarspill!<\/p>\n","protected":false},"featured_media":39271,"comment_status":"closed","ping_status":"closed","template":"","meta":[],"product_brand":[],"product_cat":[51],"product_tag":[],"class_list":{"0":"post-39267","1":"product","2":"type-product","3":"status-publish","4":"has-post-thumbnail","6":"product_cat-blue-mood-records","7":"product_shipping_class-cddvd-shipping","8":"uni_main_artist_tag-vidar-busk-his-true-believers","9":"uni_artist_genre-blues","10":"uni_artist_genre-rock","12":"first","13":"instock","14":"taxable","15":"shipping-taxable","16":"purchasable","17":"product-type-simple"},"_links":{"self":[{"href":"https:\/\/grappa.no\/no\/wp-json\/wp\/v2\/product\/39267","targetHints":{"allow":["GET"]}}],"collection":[{"href":"https:\/\/grappa.no\/no\/wp-json\/wp\/v2\/product"}],"about":[{"href":"https:\/\/grappa.no\/no\/wp-json\/wp\/v2\/types\/product"}],"replies":[{"embeddable":true,"href":"https:\/\/grappa.no\/no\/wp-json\/wp\/v2\/comments?post=39267"}],"wp:featuredmedia":[{"embeddable":true,"href":"https:\/\/grappa.no\/no\/wp-json\/wp\/v2\/media\/39271"}],"wp:attachment":[{"href":"https:\/\/grappa.no\/no\/wp-json\/wp\/v2\/media?parent=39267"}],"wp:term":[{"taxonomy":"product_brand","embeddable":true,"href":"https:\/\/grappa.no\/no\/wp-json\/wp\/v2\/product_brand?post=39267"},{"taxonomy":"product_cat","embeddable":true,"href":"https:\/\/grappa.no\/no\/wp-json\/wp\/v2\/product_cat?post=39267"},{"taxonomy":"product_tag","embeddable":true,"href":"https:\/\/grappa.no\/no\/wp-json\/wp\/v2\/product_tag?post=39267"}],"curies":[{"name":"wp","href":"https:\/\/api.w.org\/{rel}","templated":true}]}}